{"id":3453,"date":"2016-12-27T11:16:53","date_gmt":"2016-12-27T11:16:53","guid":{"rendered":"https:\/\/shop.mydrap-professional.com\/?page_id=3453"},"modified":"2018-02-22T09:43:43","modified_gmt":"2018-02-22T08:43:43","slug":"metodos-de-pago","status":"publish","type":"page","link":"https:\/\/shop.mydrap-professional.com\/es\/metodos-de-pago\/","title":{"rendered":"M\u00e9todos de pago"},"content":{"rendered":"<div class=\"wpb-content-wrapper\"><p>[vc_row][vc_column][vc_column_text]El pago se podr\u00e1 realizar a trav\u00e9s de transferencia bancaria en la cuenta titular de la empresa BANCO SABADELL ES69 0081 5098 6700 0136 6047; o por tarjeta de cr\u00e9dito a trav\u00e9s de la pasarela de pago REDSYS.<\/p>\n<p>En caso de pago a trav\u00e9s de transferencia bancaria, el pedido no ser\u00e1 tramitado hasta que el importe completo haya sido recibido en la cuenta.<\/p>\n<p>El pago a trav\u00e9s de tarjeta bancaria se realizar\u00e1 a trav\u00e9s de una pasarela de pagos gestionada por la plataforma REDSYS con un servidor seguro certificado seg\u00fan el protocolo SSL. Los datos bancarios introducidos son encriptados y transmitidos de forma segura a los servicios de la entidad bancaria y, posteriormente, son verificados con el banco emisor para evitar posibles fraudes y abusos. MY DRAP no dispone de los datos bancarios ni sobre la tarjeta de cr\u00e9dito o d\u00e9bito empleada por el usuario para realizar la compra.<\/p>\n<p>Cuando el importe de la compra se hubiese cargado fraudulentamente o indebidamente utilizando el n\u00famero de tarjeta de pago, dar\u00e1 derecho al comprador a exigir la inmediata anulaci\u00f3n del cargo. Sin embargo, si la compra hubiese sido efectivamente realizada por el comprador titular de la tarjeta y la exigencia devoluci\u00f3n no fuera consecuencia de haberse ejercido el derecho de desistimiento o de resoluci\u00f3n, aqu\u00e9l quedar\u00e1 obligado frente al empresario al resarcimiento de los da\u00f1os y perjuicios ocasionados como consecuencia de dicha anulaci\u00f3n.<\/p>\n<p>Seleccionado el m\u00e9todo de pago y habiendo finalizado el pedido MY DRAP enviar\u00e1 siempre un correo electr\u00f3nico al usuario confirmando el pedido. El ticket o comprobante de compra que corresponde al pedido estar\u00e1 disponible y se podr\u00e1 visualizar en la secci\u00f3n \u201c mi cuenta\u201d \u201cpedidos\u201d de nuestra p\u00e1gina web.<br \/>\n[\/vc_column_text][\/vc_column][\/vc_row]<\/p>\n<\/div>","protected":false},"excerpt":{"rendered":"<p>[vc_row][vc_column][vc_column_text]El pago se podr\u00e1 realizar a trav\u00e9s de transferencia bancaria en la cuenta titular de la empresa BANCO SABADELL ES69 0081 5098 6700 0136 6047; o por tarjeta de cr\u00e9dito a trav\u00e9s de la pasarela de pago REDSYS. En caso de pago a trav\u00e9s de transferencia bancaria, el pedido no ser\u00e1 tramitado hasta que el [&hellip;]<\/p>\n","protected":false},"author":1,"featured_media":0,"parent":0,"menu_order":0,"comment_status":"closed","ping_status":"closed","template":"templates\/page-one-column.php","meta":{"_acf_changed":false,"footnotes":""},"class_list":["post-3453","page","type-page","status-publish","hentry"],"acf":[],"yoast_head":"<!-- This site is optimized with the Yoast SEO plugin v27.4 - https:\/\/yoast.com\/product\/yoast-seo-wordpress\/ -->\n<title>M\u00e9todos de pago | MY DRAP Professional<\/title>\n<meta name=\"description\" content=\"En MYDRAP el pago puede hacerse con tarjeta de cr\u00e9dito o d\u00e9bito (Visa, MasterCard, Visa Electr\u00f3n y\/o otras tarjetas), o mediante transferencia bancaria.\" \/>\n<meta name=\"robots\" content=\"index, follow, max-snippet:-1, max-image-preview:large, max-video-preview:-1\" \/>\n<link rel=\"canonical\" href=\"https:\/\/shop.mydrap-professional.com\/es\/metodos-de-pago\/\" \/>\n<meta property=\"og:locale\" content=\"es_ES\" \/>\n<meta property=\"og:type\" content=\"article\" \/>\n<meta property=\"og:title\" content=\"M\u00e9todos de pago | MY DRAP Professional\" \/>\n<meta property=\"og:description\" content=\"En MYDRAP el pago puede hacerse con tarjeta de cr\u00e9dito o d\u00e9bito (Visa, MasterCard, Visa Electr\u00f3n y\/o otras tarjetas), o mediante transferencia bancaria.\" \/>\n<meta property=\"og:url\" content=\"https:\/\/shop.mydrap-professional.com\/es\/metodos-de-pago\/\" \/>\n<meta property=\"og:site_name\" content=\"MY DRAP Professional\" \/>\n<meta property=\"article:publisher\" content=\"https:\/\/www.facebook.com\/MYdrap\" \/>\n<meta property=\"article:modified_time\" content=\"2018-02-22T08:43:43+00:00\" \/>\n<meta name=\"twitter:card\" content=\"summary_large_image\" \/>\n<meta name=\"twitter:label1\" content=\"Tiempo de lectura\" \/>\n\t<meta name=\"twitter:data1\" content=\"2 minutos\" \/>\n<script type=\"application\/ld+json\" class=\"yoast-schema-graph\">{\"@context\":\"https:\\\/\\\/schema.org\",\"@graph\":[{\"@type\":\"WebPage\",\"@id\":\"https:\\\/\\\/shop.mydrap-professional.com\\\/es\\\/metodos-de-pago\\\/\",\"url\":\"https:\\\/\\\/shop.mydrap-professional.com\\\/es\\\/metodos-de-pago\\\/\",\"name\":\"M\u00e9todos de pago | MY DRAP Professional\",\"isPartOf\":{\"@id\":\"https:\\\/\\\/shop.mydrap-professional.com\\\/es\\\/#website\"},\"datePublished\":\"2016-12-27T11:16:53+00:00\",\"dateModified\":\"2018-02-22T08:43:43+00:00\",\"description\":\"En MYDRAP el pago puede hacerse con tarjeta de cr\u00e9dito o d\u00e9bito (Visa, MasterCard, Visa Electr\u00f3n y\\\/o otras tarjetas), o mediante transferencia bancaria.\",\"breadcrumb\":{\"@id\":\"https:\\\/\\\/shop.mydrap-professional.com\\\/es\\\/metodos-de-pago\\\/#breadcrumb\"},\"inLanguage\":\"es\",\"potentialAction\":[{\"@type\":\"ReadAction\",\"target\":[\"https:\\\/\\\/shop.mydrap-professional.com\\\/es\\\/metodos-de-pago\\\/\"]}]},{\"@type\":\"BreadcrumbList\",\"@id\":\"https:\\\/\\\/shop.mydrap-professional.com\\\/es\\\/metodos-de-pago\\\/#breadcrumb\",\"itemListElement\":[{\"@type\":\"ListItem\",\"position\":1,\"name\":\"Home\",\"item\":\"https:\\\/\\\/shop.mydrap-professional.com\\\/es\\\/\"},{\"@type\":\"ListItem\",\"position\":2,\"name\":\"M\u00e9todos de pago\"}]},{\"@type\":\"WebSite\",\"@id\":\"https:\\\/\\\/shop.mydrap-professional.com\\\/es\\\/#website\",\"url\":\"https:\\\/\\\/shop.mydrap-professional.com\\\/es\\\/\",\"name\":\"MY DRAP Professional\",\"description\":\"Soluciones 100% textil de un solo uso\",\"potentialAction\":[{\"@type\":\"SearchAction\",\"target\":{\"@type\":\"EntryPoint\",\"urlTemplate\":\"https:\\\/\\\/shop.mydrap-professional.com\\\/es\\\/?s={search_term_string}\"},\"query-input\":{\"@type\":\"PropertyValueSpecification\",\"valueRequired\":true,\"valueName\":\"search_term_string\"}}],\"inLanguage\":\"es\"}]}<\/script>\n<!-- \/ Yoast SEO plugin. -->","yoast_head_json":{"title":"M\u00e9todos de pago | MY DRAP Professional","description":"En MYDRAP el pago puede hacerse con tarjeta de cr\u00e9dito o d\u00e9bito (Visa, MasterCard, Visa Electr\u00f3n y\/o otras tarjetas), o mediante transferencia bancaria.","robots":{"index":"index","follow":"follow","max-snippet":"max-snippet:-1","max-image-preview":"max-image-preview:large","max-video-preview":"max-video-preview:-1"},"canonical":"https:\/\/shop.mydrap-professional.com\/es\/metodos-de-pago\/","og_locale":"es_ES","og_type":"article","og_title":"M\u00e9todos de pago | MY DRAP Professional","og_description":"En MYDRAP el pago puede hacerse con tarjeta de cr\u00e9dito o d\u00e9bito (Visa, MasterCard, Visa Electr\u00f3n y\/o otras tarjetas), o mediante transferencia bancaria.","og_url":"https:\/\/shop.mydrap-professional.com\/es\/metodos-de-pago\/","og_site_name":"MY DRAP Professional","article_publisher":"https:\/\/www.facebook.com\/MYdrap","article_modified_time":"2018-02-22T08:43:43+00:00","twitter_card":"summary_large_image","twitter_misc":{"Tiempo de lectura":"2 minutos"},"schema":{"@context":"https:\/\/schema.org","@graph":[{"@type":"WebPage","@id":"https:\/\/shop.mydrap-professional.com\/es\/metodos-de-pago\/","url":"https:\/\/shop.mydrap-professional.com\/es\/metodos-de-pago\/","name":"M\u00e9todos de pago | MY DRAP Professional","isPartOf":{"@id":"https:\/\/shop.mydrap-professional.com\/es\/#website"},"datePublished":"2016-12-27T11:16:53+00:00","dateModified":"2018-02-22T08:43:43+00:00","description":"En MYDRAP el pago puede hacerse con tarjeta de cr\u00e9dito o d\u00e9bito (Visa, MasterCard, Visa Electr\u00f3n y\/o otras tarjetas), o mediante transferencia bancaria.","breadcrumb":{"@id":"https:\/\/shop.mydrap-professional.com\/es\/metodos-de-pago\/#breadcrumb"},"inLanguage":"es","potentialAction":[{"@type":"ReadAction","target":["https:\/\/shop.mydrap-professional.com\/es\/metodos-de-pago\/"]}]},{"@type":"BreadcrumbList","@id":"https:\/\/shop.mydrap-professional.com\/es\/metodos-de-pago\/#breadcrumb","itemListElement":[{"@type":"ListItem","position":1,"name":"Home","item":"https:\/\/shop.mydrap-professional.com\/es\/"},{"@type":"ListItem","position":2,"name":"M\u00e9todos de pago"}]},{"@type":"WebSite","@id":"https:\/\/shop.mydrap-professional.com\/es\/#website","url":"https:\/\/shop.mydrap-professional.com\/es\/","name":"MY DRAP Professional","description":"Soluciones 100% textil de un solo uso","potentialAction":[{"@type":"SearchAction","target":{"@type":"EntryPoint","urlTemplate":"https:\/\/shop.mydrap-professional.com\/es\/?s={search_term_string}"},"query-input":{"@type":"PropertyValueSpecification","valueRequired":true,"valueName":"search_term_string"}}],"inLanguage":"es"}]}},"_links":{"self":[{"href":"https:\/\/shop.mydrap-professional.com\/es\/wp-json\/wp\/v2\/pages\/3453","targetHints":{"allow":["GET"]}}],"collection":[{"href":"https:\/\/shop.mydrap-professional.com\/es\/wp-json\/wp\/v2\/pages"}],"about":[{"href":"https:\/\/shop.mydrap-professional.com\/es\/wp-json\/wp\/v2\/types\/page"}],"author":[{"embeddable":true,"href":"https:\/\/shop.mydrap-professional.com\/es\/wp-json\/wp\/v2\/users\/1"}],"replies":[{"embeddable":true,"href":"https:\/\/shop.mydrap-professional.com\/es\/wp-json\/wp\/v2\/comments?post=3453"}],"version-history":[{"count":0,"href":"https:\/\/shop.mydrap-professional.com\/es\/wp-json\/wp\/v2\/pages\/3453\/revisions"}],"wp:attachment":[{"href":"https:\/\/shop.mydrap-professional.com\/es\/wp-json\/wp\/v2\/media?parent=3453"}],"curies":[{"name":"wp","href":"https:\/\/api.w.org\/{rel}","templated":true}]}}