{"id":3470,"date":"2016-12-27T11:17:11","date_gmt":"2016-12-27T11:17:11","guid":{"rendered":"https:\/\/shop.mydrap-professional.com\/?page_id=3470"},"modified":"2022-07-06T08:48:27","modified_gmt":"2022-07-06T06:48:27","slug":"envios","status":"publish","type":"page","link":"https:\/\/shop.mydrap-professional.com\/es\/envios\/","title":{"rendered":"Env\u00edos"},"content":{"rendered":"<div class=\"wpb-content-wrapper\"><p>[vc_row][vc_column][vc_column_text]MY DRAP quiere hacer saber a sus clientes y usuarios que el territorio en el que acepta y distribuye pedidos es el comprendido en Espa\u00f1a. MY DRAP no realiza pedidos a trav\u00e9s de la web fuera de este territorio. Si un usuario estuviera interesado en recibir alg\u00fan art\u00edculo fuera del territorio deber\u00e1 contactar con la empresa a trav\u00e9s del formulario o a trav\u00e9s del correo\u00a0<span style=\"font-weight: 400;\"><a href=\"mailto:shop@mydrap.com\">shop@mydrap.com<\/a><\/span>\u00a0y estudiar\u00edamos su solicitud e informar\u00edamos al respecto.<\/p>\n<p>Los gastos de env\u00edo variar\u00e1n seg\u00fan el peso, el destino del paquete y la modalidad de env\u00edo. A\u00f1adir que dichos gastos correr\u00e1n a cargo del comprador. El precio total correspondientes a los gastos de env\u00edo se visualizar\u00e1n en el resumen del pedido antes de proceder a la compra.<\/p>\n<h4>Tarifas y opciones de env\u00edo<\/h4>\n<p>&nbsp;<\/p>\n<table class=\" aligncenter\" style=\"width: 749px; height: 243px;\">\n<tbody>\n<tr style=\"height: 24px;\">\n<td style=\"text-align: center; width: 218px; height: 24px;\"><b>OPCIONES<\/b><\/td>\n<td style=\"text-align: center; width: 263px; height: 24px;\"><b>PLAZOS DE ENTREGA*<\/b><\/td>\n<td style=\"text-align: center; width: 247px; height: 24px;\"><b>PRECIO<\/b><\/td>\n<\/tr>\n<tr style=\"height: 24px;\">\n<td style=\"width: 218px; text-align: center; height: 24px;\"><span style=\"font-weight: 400;\">Espa\u00f1a\/Portugal Gratis<\/span><\/td>\n<td style=\"width: 263px; text-align: center; height: 24px;\">24 h<\/td>\n<td style=\"width: 247px; text-align: center; height: 24px;\"><span style=\"font-weight: 400;\">a partir de 100 \u20ac<\/span><\/td>\n<\/tr>\n<tr style=\"height: 24px;\">\n<td style=\"width: 218px; text-align: center; height: 24px;\"><span style=\"font-weight: 400;\">Espa\u00f1a\/Portugal Est\u00e1ndar<\/span><\/td>\n<td style=\"width: 263px; text-align: center; height: 24px;\">24 h<\/td>\n<td style=\"width: 247px; text-align: center; height: 24px;\"><span style=\"font-weight: 400;\">6,50 \u20ac<\/span><\/td>\n<\/tr>\n<tr style=\"height: 24px;\">\n<td style=\"width: 218px; text-align: center; height: 24px;\">Internacional Gratis<\/td>\n<td style=\"width: 263px; text-align: center; height: 24px;\">1 &#8211; 5 d\u00edas<\/td>\n<td style=\"width: 247px; text-align: center; height: 24px;\">a partir de 500\u20ac<\/td>\n<\/tr>\n<tr style=\"height: 24px;\">\n<td style=\"width: 218px; text-align: center; height: 24px;\">Internacional Est\u00e1ndar Zona 1<\/td>\n<td style=\"width: 263px; text-align: center; height: 24px;\">1 &#8211; 3 d\u00edas<\/td>\n<td style=\"width: 247px; text-align: center; height: 24px;\">19,90\u20ac<\/td>\n<\/tr>\n<tr style=\"height: 24px;\">\n<td style=\"width: 218px; text-align: center; height: 24px;\">Internacional Est\u00e1ndar Zona 2<\/td>\n<td style=\"width: 263px; text-align: center; height: 24px;\">3 &#8211; 5 d\u00edas<\/td>\n<td style=\"width: 247px; text-align: center; height: 24px;\">29,90\u20ac<\/td>\n<\/tr>\n<tr style=\"height: 24px;\">\n<td style=\"width: 218px; text-align: center; height: 24px;\">Internacional Est\u00e1ndar Zona 3<\/td>\n<td style=\"width: 263px; text-align: center; height: 24px;\">3 &#8211; 5 d\u00edas<\/td>\n<td style=\"width: 247px; text-align: center; height: 24px;\">39,90\u20ac<\/td>\n<\/tr>\n<\/tbody>\n<\/table>\n<p>&nbsp;<\/p>\n<p>&nbsp;<\/p>\n<p>&nbsp;<\/p>\n<p><span style=\"font-size: 10pt;\"><i><span style=\"font-weight: 400;\">* El plazo de entrega se calcula en d\u00edas laborables.<\/span><\/i><\/span><\/p>\n<p><span style=\"font-size: 10pt;\"><i><span style=\"font-weight: 400;\">* Los pedidos que se realicen a partir de las 14h ser\u00e1n preparados al d\u00eda siguiente.<\/span><\/i><\/span><\/p>\n<p><span style=\"font-weight: 400;\">Estos plazos pueden variar por razones de log\u00edstica o fuerza mayor. En caso de retrasos en las entregas, MY DRAP informar\u00e1 a sus cliente en cuento tenga conocimiento de ello. El plazo de entrega habitual para Canarias es de 48-72 horas. Horario de entrega de 9:00 h. a 20:00 h. de lunes a viernes, salvo d\u00edas festivos, en funci\u00f3n de la ruta de reparto.<\/span><\/p>\n<h4><span style=\"font-weight: 400;\">Entregas nacionales<\/span><\/h4>\n<p><span style=\"font-weight: 400;\">Las entregas se realizan de lunes a viernes, salvo d\u00edas festivos. En el caso de que el cliente o la persona autorizada no est\u00e9n presentes en el momento de la entrega, se le dejar\u00e1 una notificaci\u00f3n y se le enviara un sms para que pueda recoger el paquete en la sucursal m\u00e1s cercana, si pasados dos d\u00edas no contacta con la sucursal pera recoger el pedido, \u00e9ste ser\u00e1 devuelto a MY DRAP.<\/span><\/p>\n<h4><span style=\"font-weight: 400;\">Entregas internacionales<\/span><\/h4>\n<p><span style=\"font-weight: 400;\">Las entregas se realizan de lunes a viernes, salvo d\u00edas festivos. En el caso de que el cliente o la persona autorizada no est\u00e9n presentes en el momento de la entrega, se le dejar\u00e1 una notificaci\u00f3n comunic\u00e1ndole el ACCES POINT m\u00e1s cercano para que pueda recoger el paquete, si pasados dos d\u00edas no contacta con la sucursal pera recoger el pedido, \u00e9ste ser\u00e1 devuelto a MY DRAP.<\/span><\/p>\n<p><span style=\"font-weight: 400;\">ZONA 1<\/span><\/p>\n<p><span style=\"font-weight: 400;\">Pa\u00edses en Zona 1 seg\u00fan tarifa y opciones de env\u00edo: Francia e Italia.<\/span><\/p>\n<p><span style=\"font-weight: 400;\">ZONA 2<\/span><\/p>\n<p><span style=\"font-weight: 400;\">Pa\u00edses en Zona 2 seg\u00fan tarifa y opciones de env\u00edo: Alemania, Austria, B\u00e9lgica, Bulgaria, Dinamarca, Escocia, Eslovaquia, Estonia, Finlandia, Gales, Grecia, Holanda, Hungr\u00eda, Irlanda, Letonia, Lituania, Luxemburgo, Polonia, Rep\u00fablica Checa, Ruman\u00eda y Suecia.<\/span><\/p>\n<p><span style=\"font-weight: 400;\">ZONA 3<\/span><\/p>\n<p><span style=\"font-weight: 400;\">Pa\u00edses en Zona 3 seg\u00fan tarifa y opciones de env\u00edo: Noruega, Reino Unido y Suiza.<\/span><\/p>\n<p><span style=\"font-weight: 400;\">ENTREGAS INTERNACIONALES EXPRESS<\/span><\/p>\n<p><span style=\"font-weight: 400;\">MY DRAP ofrece el servicio de entregas internacionales express en 24 h en Francia y Reino Unido. Si un usuario estuviera interesado en recibir alg\u00fan art\u00edculo con el servicio Internacional Express fuera del territorio mencionado, deber\u00e1 contactar con la empresa a trav\u00e9s del formulario de contacto o a trav\u00e9s del correo <\/span><span style=\"font-weight: 400;\">shop@mydrap.com<\/span><span style=\"font-weight: 400;\"> y estudiaremos su solicitud e informar\u00edamos al respecto.<\/span><\/p>\n<p><span style=\"font-weight: 400;\">MY DRAP hace hincapi\u00e9 en la responsabilidad del usuario de introducir una direcci\u00f3n de entrega completa y correcta. En el momento de la salida del pedido de distribuci\u00f3n se informar\u00e1 al cliente de este hecho y el transportista activar\u00e1 las funciones de seguimiento para garantizar la entrega.<\/span><\/p>\n<p><span style=\"font-weight: 400;\">En el caso de que el cliente o la persona autorizada no est\u00e9n presentes en el momento de la entrega, y hubiesen transcurrido 7 d\u00edas h\u00e1biles sin haber podido contactar ni hacer la entrega, los gastos del reenv\u00edo posterior correr\u00e1n a cargo del cliente.<\/span><\/p>\n<h4><span style=\"font-weight: 400;\">Personalizaci\u00f3n<\/span><\/h4>\n<p><span style=\"font-weight: 400;\">Los productos personalizados requieren un plazo de entrega aproximado de 7-10 d\u00edas laborables desde la confirmaci\u00f3n del pedido.<\/span><\/p>\n<h4><span style=\"font-weight: 400;\">Excepciones en los plazos de entrega:<\/span><\/h4>\n<p><span style=\"font-weight: 400;\">Durante las ofertas especiales de la web MY DRAP, el tiempo de entrega puede ser superior al habitual.<\/span><\/p>\n<p><span style=\"font-weight: 400;\">Los periodos vacacionales de MY DRAP se notificar\u00e1n en la web y durante el proceso de compra.<\/span><\/p>\n<p><span style=\"font-weight: 400;\">MY DRAP\u00a0 no asumir\u00e1 ninguna responsabilidad por retraso en la entrega de los pedidos cuando este retraso sea culpa exclusiva del comprador o de la persona autorizada.<\/span><\/p>\n<p><span style=\"font-weight: 400;\">El cliente asume los riesgos de deterioro, menoscabo, da\u00f1os y p\u00e9rdida de los productos del pedido a partir del momento de la entrega de los mismos de acuerdo al procedimiento regulado en los presentes T\u00e9rminos y Condiciones.<\/span>[\/vc_column_text][\/vc_column][\/vc_row]<\/p>\n<\/div>","protected":false},"excerpt":{"rendered":"<p>[vc_row][vc_column][vc_column_text]MY DRAP quiere hacer saber a sus clientes y usuarios que el territorio en el que acepta y distribuye pedidos es el comprendido en Espa\u00f1a. MY DRAP no realiza pedidos a trav\u00e9s de la web fuera de este territorio. Si un usuario estuviera interesado en recibir alg\u00fan art\u00edculo fuera del territorio deber\u00e1 contactar con la [&hellip;]<\/p>\n","protected":false},"author":1,"featured_media":0,"parent":0,"menu_order":0,"comment_status":"closed","ping_status":"closed","template":"templates\/page-one-column.php","meta":{"_acf_changed":false,"footnotes":""},"class_list":["post-3470","page","type-page","status-publish","hentry"],"acf":[],"yoast_head":"<!-- This site is optimized with the Yoast SEO plugin v27.2 - https:\/\/yoast.com\/product\/yoast-seo-wordpress\/ -->\n<title>Env\u00edos | MY DRAP Professional<\/title>\n<meta name=\"description\" content=\"Puedes comprar a trav\u00e9s de nuestra tienda online MY DRAP. Los plazos de entrega son entre 1 a 2 d\u00edas laborables. \u00a1Compra de forma segura!\" \/>\n<meta name=\"robots\" content=\"index, follow, max-snippet:-1, max-image-preview:large, max-video-preview:-1\" \/>\n<link rel=\"canonical\" href=\"https:\/\/shop.mydrap-professional.com\/es\/envios\/\" \/>\n<meta property=\"og:locale\" content=\"es_ES\" \/>\n<meta property=\"og:type\" content=\"article\" \/>\n<meta property=\"og:title\" content=\"Env\u00edos | MY DRAP Professional\" \/>\n<meta property=\"og:description\" content=\"Puedes comprar a trav\u00e9s de nuestra tienda online MY DRAP. Los plazos de entrega son entre 1 a 2 d\u00edas laborables. \u00a1Compra de forma segura!\" \/>\n<meta property=\"og:url\" content=\"https:\/\/shop.mydrap-professional.com\/es\/envios\/\" \/>\n<meta property=\"og:site_name\" content=\"MY DRAP Professional\" \/>\n<meta property=\"article:publisher\" content=\"https:\/\/www.facebook.com\/MYdrap\" \/>\n<meta property=\"article:modified_time\" content=\"2022-07-06T06:48:27+00:00\" \/>\n<meta name=\"twitter:card\" content=\"summary_large_image\" \/>\n<meta name=\"twitter:label1\" content=\"Tiempo de lectura\" \/>\n\t<meta name=\"twitter:data1\" content=\"4 minutos\" \/>\n<script type=\"application\/ld+json\" class=\"yoast-schema-graph\">{\"@context\":\"https:\/\/schema.org\",\"@graph\":[{\"@type\":\"WebPage\",\"@id\":\"https:\/\/shop.mydrap-professional.com\/es\/envios\/\",\"url\":\"https:\/\/shop.mydrap-professional.com\/es\/envios\/\",\"name\":\"Env\u00edos | MY DRAP Professional\",\"isPartOf\":{\"@id\":\"https:\/\/shop.mydrap-professional.com\/es\/#website\"},\"datePublished\":\"2016-12-27T11:17:11+00:00\",\"dateModified\":\"2022-07-06T06:48:27+00:00\",\"description\":\"Puedes comprar a trav\u00e9s de nuestra tienda online MY DRAP. Los plazos de entrega son entre 1 a 2 d\u00edas laborables. \u00a1Compra de forma segura!\",\"breadcrumb\":{\"@id\":\"https:\/\/shop.mydrap-professional.com\/es\/envios\/#breadcrumb\"},\"inLanguage\":\"es\",\"potentialAction\":[{\"@type\":\"ReadAction\",\"target\":[\"https:\/\/shop.mydrap-professional.com\/es\/envios\/\"]}]},{\"@type\":\"BreadcrumbList\",\"@id\":\"https:\/\/shop.mydrap-professional.com\/es\/envios\/#breadcrumb\",\"itemListElement\":[{\"@type\":\"ListItem\",\"position\":1,\"name\":\"Home\",\"item\":\"https:\/\/shop.mydrap-professional.com\/es\/\"},{\"@type\":\"ListItem\",\"position\":2,\"name\":\"Env\u00edos\"}]},{\"@type\":\"WebSite\",\"@id\":\"https:\/\/shop.mydrap-professional.com\/es\/#website\",\"url\":\"https:\/\/shop.mydrap-professional.com\/es\/\",\"name\":\"MY DRAP Professional\",\"description\":\"Soluciones 100% textil de un solo uso\",\"potentialAction\":[{\"@type\":\"SearchAction\",\"target\":{\"@type\":\"EntryPoint\",\"urlTemplate\":\"https:\/\/shop.mydrap-professional.com\/es\/?s={search_term_string}\"},\"query-input\":{\"@type\":\"PropertyValueSpecification\",\"valueRequired\":true,\"valueName\":\"search_term_string\"}}],\"inLanguage\":\"es\"}]}<\/script>\n<!-- \/ Yoast SEO plugin. -->","yoast_head_json":{"title":"Env\u00edos | MY DRAP Professional","description":"Puedes comprar a trav\u00e9s de nuestra tienda online MY DRAP. Los plazos de entrega son entre 1 a 2 d\u00edas laborables. \u00a1Compra de forma segura!","robots":{"index":"index","follow":"follow","max-snippet":"max-snippet:-1","max-image-preview":"max-image-preview:large","max-video-preview":"max-video-preview:-1"},"canonical":"https:\/\/shop.mydrap-professional.com\/es\/envios\/","og_locale":"es_ES","og_type":"article","og_title":"Env\u00edos | MY DRAP Professional","og_description":"Puedes comprar a trav\u00e9s de nuestra tienda online MY DRAP. Los plazos de entrega son entre 1 a 2 d\u00edas laborables. \u00a1Compra de forma segura!","og_url":"https:\/\/shop.mydrap-professional.com\/es\/envios\/","og_site_name":"MY DRAP Professional","article_publisher":"https:\/\/www.facebook.com\/MYdrap","article_modified_time":"2022-07-06T06:48:27+00:00","twitter_card":"summary_large_image","twitter_misc":{"Tiempo de lectura":"4 minutos"},"schema":{"@context":"https:\/\/schema.org","@graph":[{"@type":"WebPage","@id":"https:\/\/shop.mydrap-professional.com\/es\/envios\/","url":"https:\/\/shop.mydrap-professional.com\/es\/envios\/","name":"Env\u00edos | MY DRAP Professional","isPartOf":{"@id":"https:\/\/shop.mydrap-professional.com\/es\/#website"},"datePublished":"2016-12-27T11:17:11+00:00","dateModified":"2022-07-06T06:48:27+00:00","description":"Puedes comprar a trav\u00e9s de nuestra tienda online MY DRAP. Los plazos de entrega son entre 1 a 2 d\u00edas laborables. \u00a1Compra de forma segura!","breadcrumb":{"@id":"https:\/\/shop.mydrap-professional.com\/es\/envios\/#breadcrumb"},"inLanguage":"es","potentialAction":[{"@type":"ReadAction","target":["https:\/\/shop.mydrap-professional.com\/es\/envios\/"]}]},{"@type":"BreadcrumbList","@id":"https:\/\/shop.mydrap-professional.com\/es\/envios\/#breadcrumb","itemListElement":[{"@type":"ListItem","position":1,"name":"Home","item":"https:\/\/shop.mydrap-professional.com\/es\/"},{"@type":"ListItem","position":2,"name":"Env\u00edos"}]},{"@type":"WebSite","@id":"https:\/\/shop.mydrap-professional.com\/es\/#website","url":"https:\/\/shop.mydrap-professional.com\/es\/","name":"MY DRAP Professional","description":"Soluciones 100% textil de un solo uso","potentialAction":[{"@type":"SearchAction","target":{"@type":"EntryPoint","urlTemplate":"https:\/\/shop.mydrap-professional.com\/es\/?s={search_term_string}"},"query-input":{"@type":"PropertyValueSpecification","valueRequired":true,"valueName":"search_term_string"}}],"inLanguage":"es"}]}},"_links":{"self":[{"href":"https:\/\/shop.mydrap-professional.com\/es\/wp-json\/wp\/v2\/pages\/3470","targetHints":{"allow":["GET"]}}],"collection":[{"href":"https:\/\/shop.mydrap-professional.com\/es\/wp-json\/wp\/v2\/pages"}],"about":[{"href":"https:\/\/shop.mydrap-professional.com\/es\/wp-json\/wp\/v2\/types\/page"}],"author":[{"embeddable":true,"href":"https:\/\/shop.mydrap-professional.com\/es\/wp-json\/wp\/v2\/users\/1"}],"replies":[{"embeddable":true,"href":"https:\/\/shop.mydrap-professional.com\/es\/wp-json\/wp\/v2\/comments?post=3470"}],"version-history":[{"count":0,"href":"https:\/\/shop.mydrap-professional.com\/es\/wp-json\/wp\/v2\/pages\/3470\/revisions"}],"wp:attachment":[{"href":"https:\/\/shop.mydrap-professional.com\/es\/wp-json\/wp\/v2\/media?parent=3470"}],"curies":[{"name":"wp","href":"https:\/\/api.w.org\/{rel}","templated":true}]}}