{"id":3492,"date":"2016-12-27T11:23:37","date_gmt":"2016-12-27T11:23:37","guid":{"rendered":"https:\/\/shop.mydrap-professional.com\/?page_id=3492"},"modified":"2019-03-04T17:00:14","modified_gmt":"2019-03-04T16:00:14","slug":"cancelaciones-devoluciones","status":"publish","type":"page","link":"https:\/\/shop.mydrap-professional.com\/es\/cancelaciones-devoluciones\/","title":{"rendered":"Devoluciones"},"content":{"rendered":"<div class=\"wpb-content-wrapper\"><p>[vc_row][vc_column][vc_column_text]El cliente dispondr\u00e1 de un plazo de hasta catorce d\u00edas naturales a partir de la recepci\u00f3n del producto para ejercer su derecho de desistimiento, sin necesidad de indicar motivo alguno.<\/p>\n<p>Los productos devueltos deben estar en condiciones normales (con su packaging original, sin usar, ni manipular). Son requisitos para la devoluci\u00f3n:<\/p>\n<ul>\n<li>El producto debe estar en el mismo estado en que se entreg\u00f3 y deber\u00e1 conservar su embalaje y etiquetado original<\/li>\n<li>El env\u00edo debe hacerse usando la misma caja en que ha sido recibido para proteger el producto. Para el supuesto que no pueda hacerse con la caja con la que se entreg\u00f3, el cliente deber\u00e1 conservarlo en una caja protectora con el fin de que el producto llegue a la empresa con las m\u00e1ximas garant\u00edas posibles.<\/li>\n<li>Debe incluirse una copia del albar\u00e1n de entrega dentro del paquete.<\/li>\n<\/ul>\n<p>En un plazo m\u00e1ximo de 30 d\u00edas de la recepci\u00f3n de la devoluci\u00f3n, MY DRAP se compromete a su reembolso.<\/p>\n<p>Si la causa de la devoluci\u00f3n es que el producto est\u00e1 defectuoso o no corresponde a lo pedido, MY DRAP correr\u00e1 con los gastos de la devoluci\u00f3n y el nuevo env\u00edo. Si el motivo es que el pedido no le satisface, le rembolsaremos el importe pero no los gastos de env\u00edo ni los gastos de devoluci\u00f3n.<\/p>\n<p>La devoluci\u00f3n del importe se realizar\u00e1 una vez llegue el pedido devuelto a nuestras oficinas y con la misma forma de pago que se haya utilizado.<\/p>\n<p>El ejercicio del derecho de desistimiento extinguir\u00e1 las obligaciones de las partes de ejecutar el contrato.<\/p>\n<h4>GARANT\u00cdA DE LOS PRODUCTOS<\/h4>\n<p>MY DRAP garantiza que los productos que se presentan a la venta en su website est\u00e1n avalados por importantes firmas comerciales, ofrecen la m\u00e1xima calidad para su uso o consumo.<\/p>\n<p>Para los casos de producto roto o defectuoso, el cliente deber\u00e1 comunicarlo en un plazo m\u00e1ximo de 24 horas, acompa\u00f1ando fotograf\u00eda que muestre los desperfectos.<\/p>\n<h4>ATENCI\u00d3N AL CLIENTE<\/h4>\n<p>Si tienes cualquier duda puedes escribirnos a <a href=\"mailto:shop@mydrap.com\">shop@mydrap.com<\/a> o llamarnos al tel\u00e9fono (+34) 682 35 39 22 (de lunes a viernes de 9 h. a 17 h, Espa\u00f1a).<\/p>\n<h4>POL\u00cdTICA DE DEVOLUCIONES<\/h4>\n<p>Destacar que el derecho de desistimiento no ser\u00e1 de aplicaci\u00f3n para aquellos productos adquiridos a trav\u00e9s de la presente\u00a0<em>website<\/em>\u00a0que hayan sido personalizados por el propio usuario.[\/vc_column_text][\/vc_column][\/vc_row]<\/p>\n<\/div>","protected":false},"excerpt":{"rendered":"<p>[vc_row][vc_column][vc_column_text]El cliente dispondr\u00e1 de un plazo de hasta catorce d\u00edas naturales a partir de la recepci\u00f3n del producto para ejercer su derecho de desistimiento, sin necesidad de indicar motivo alguno. Los productos devueltos deben estar en condiciones normales (con su packaging original, sin usar, ni manipular). Son requisitos para la devoluci\u00f3n: El producto debe estar [&hellip;]<\/p>\n","protected":false},"author":1,"featured_media":0,"parent":0,"menu_order":0,"comment_status":"closed","ping_status":"closed","template":"templates\/page-one-column.php","meta":{"_acf_changed":false,"footnotes":""},"class_list":["post-3492","page","type-page","status-publish","hentry"],"acf":[],"yoast_head":"<!-- This site is optimized with the Yoast SEO plugin v27.4 - https:\/\/yoast.com\/product\/yoast-seo-wordpress\/ -->\n<title>Devoluciones | MY DRAP Professional<\/title>\n<meta name=\"description\" content=\"Por si cualquier motivo al recibir tu pedido no quedas completamente satisfecho, MYDRAP te ayuda a devolverlo o cambiarlo con nuestro servicio.\" \/>\n<meta name=\"robots\" content=\"index, follow, max-snippet:-1, max-image-preview:large, max-video-preview:-1\" \/>\n<link rel=\"canonical\" href=\"https:\/\/shop.mydrap-professional.com\/es\/cancelaciones-devoluciones\/\" \/>\n<meta property=\"og:locale\" content=\"es_ES\" \/>\n<meta property=\"og:type\" content=\"article\" \/>\n<meta property=\"og:title\" content=\"Devoluciones | MY DRAP Professional\" \/>\n<meta property=\"og:description\" content=\"Por si cualquier motivo al recibir tu pedido no quedas completamente satisfecho, MYDRAP te ayuda a devolverlo o cambiarlo con nuestro servicio.\" \/>\n<meta property=\"og:url\" content=\"https:\/\/shop.mydrap-professional.com\/es\/cancelaciones-devoluciones\/\" \/>\n<meta property=\"og:site_name\" content=\"MY DRAP Professional\" \/>\n<meta property=\"article:publisher\" content=\"https:\/\/www.facebook.com\/MYdrap\" \/>\n<meta property=\"article:modified_time\" content=\"2019-03-04T16:00:14+00:00\" \/>\n<meta name=\"twitter:card\" content=\"summary_large_image\" \/>\n<meta name=\"twitter:label1\" content=\"Tiempo de lectura\" \/>\n\t<meta name=\"twitter:data1\" content=\"2 minutos\" \/>\n<script type=\"application\/ld+json\" class=\"yoast-schema-graph\">{\"@context\":\"https:\\\/\\\/schema.org\",\"@graph\":[{\"@type\":\"WebPage\",\"@id\":\"https:\\\/\\\/shop.mydrap-professional.com\\\/es\\\/cancelaciones-devoluciones\\\/\",\"url\":\"https:\\\/\\\/shop.mydrap-professional.com\\\/es\\\/cancelaciones-devoluciones\\\/\",\"name\":\"Devoluciones | MY DRAP Professional\",\"isPartOf\":{\"@id\":\"https:\\\/\\\/shop.mydrap-professional.com\\\/es\\\/#website\"},\"datePublished\":\"2016-12-27T11:23:37+00:00\",\"dateModified\":\"2019-03-04T16:00:14+00:00\",\"description\":\"Por si cualquier motivo al recibir tu pedido no quedas completamente satisfecho, MYDRAP te ayuda a devolverlo o cambiarlo con nuestro servicio.\",\"breadcrumb\":{\"@id\":\"https:\\\/\\\/shop.mydrap-professional.com\\\/es\\\/cancelaciones-devoluciones\\\/#breadcrumb\"},\"inLanguage\":\"es\",\"potentialAction\":[{\"@type\":\"ReadAction\",\"target\":[\"https:\\\/\\\/shop.mydrap-professional.com\\\/es\\\/cancelaciones-devoluciones\\\/\"]}]},{\"@type\":\"BreadcrumbList\",\"@id\":\"https:\\\/\\\/shop.mydrap-professional.com\\\/es\\\/cancelaciones-devoluciones\\\/#breadcrumb\",\"itemListElement\":[{\"@type\":\"ListItem\",\"position\":1,\"name\":\"Home\",\"item\":\"https:\\\/\\\/shop.mydrap-professional.com\\\/es\\\/\"},{\"@type\":\"ListItem\",\"position\":2,\"name\":\"Devoluciones\"}]},{\"@type\":\"WebSite\",\"@id\":\"https:\\\/\\\/shop.mydrap-professional.com\\\/es\\\/#website\",\"url\":\"https:\\\/\\\/shop.mydrap-professional.com\\\/es\\\/\",\"name\":\"MY DRAP Professional\",\"description\":\"Soluciones 100% textil de un solo uso\",\"potentialAction\":[{\"@type\":\"SearchAction\",\"target\":{\"@type\":\"EntryPoint\",\"urlTemplate\":\"https:\\\/\\\/shop.mydrap-professional.com\\\/es\\\/?s={search_term_string}\"},\"query-input\":{\"@type\":\"PropertyValueSpecification\",\"valueRequired\":true,\"valueName\":\"search_term_string\"}}],\"inLanguage\":\"es\"}]}<\/script>\n<!-- \/ Yoast SEO plugin. -->","yoast_head_json":{"title":"Devoluciones | MY DRAP Professional","description":"Por si cualquier motivo al recibir tu pedido no quedas completamente satisfecho, MYDRAP te ayuda a devolverlo o cambiarlo con nuestro servicio.","robots":{"index":"index","follow":"follow","max-snippet":"max-snippet:-1","max-image-preview":"max-image-preview:large","max-video-preview":"max-video-preview:-1"},"canonical":"https:\/\/shop.mydrap-professional.com\/es\/cancelaciones-devoluciones\/","og_locale":"es_ES","og_type":"article","og_title":"Devoluciones | MY DRAP Professional","og_description":"Por si cualquier motivo al recibir tu pedido no quedas completamente satisfecho, MYDRAP te ayuda a devolverlo o cambiarlo con nuestro servicio.","og_url":"https:\/\/shop.mydrap-professional.com\/es\/cancelaciones-devoluciones\/","og_site_name":"MY DRAP Professional","article_publisher":"https:\/\/www.facebook.com\/MYdrap","article_modified_time":"2019-03-04T16:00:14+00:00","twitter_card":"summary_large_image","twitter_misc":{"Tiempo de lectura":"2 minutos"},"schema":{"@context":"https:\/\/schema.org","@graph":[{"@type":"WebPage","@id":"https:\/\/shop.mydrap-professional.com\/es\/cancelaciones-devoluciones\/","url":"https:\/\/shop.mydrap-professional.com\/es\/cancelaciones-devoluciones\/","name":"Devoluciones | MY DRAP Professional","isPartOf":{"@id":"https:\/\/shop.mydrap-professional.com\/es\/#website"},"datePublished":"2016-12-27T11:23:37+00:00","dateModified":"2019-03-04T16:00:14+00:00","description":"Por si cualquier motivo al recibir tu pedido no quedas completamente satisfecho, MYDRAP te ayuda a devolverlo o cambiarlo con nuestro servicio.","breadcrumb":{"@id":"https:\/\/shop.mydrap-professional.com\/es\/cancelaciones-devoluciones\/#breadcrumb"},"inLanguage":"es","potentialAction":[{"@type":"ReadAction","target":["https:\/\/shop.mydrap-professional.com\/es\/cancelaciones-devoluciones\/"]}]},{"@type":"BreadcrumbList","@id":"https:\/\/shop.mydrap-professional.com\/es\/cancelaciones-devoluciones\/#breadcrumb","itemListElement":[{"@type":"ListItem","position":1,"name":"Home","item":"https:\/\/shop.mydrap-professional.com\/es\/"},{"@type":"ListItem","position":2,"name":"Devoluciones"}]},{"@type":"WebSite","@id":"https:\/\/shop.mydrap-professional.com\/es\/#website","url":"https:\/\/shop.mydrap-professional.com\/es\/","name":"MY DRAP Professional","description":"Soluciones 100% textil de un solo uso","potentialAction":[{"@type":"SearchAction","target":{"@type":"EntryPoint","urlTemplate":"https:\/\/shop.mydrap-professional.com\/es\/?s={search_term_string}"},"query-input":{"@type":"PropertyValueSpecification","valueRequired":true,"valueName":"search_term_string"}}],"inLanguage":"es"}]}},"_links":{"self":[{"href":"https:\/\/shop.mydrap-professional.com\/es\/wp-json\/wp\/v2\/pages\/3492","targetHints":{"allow":["GET"]}}],"collection":[{"href":"https:\/\/shop.mydrap-professional.com\/es\/wp-json\/wp\/v2\/pages"}],"about":[{"href":"https:\/\/shop.mydrap-professional.com\/es\/wp-json\/wp\/v2\/types\/page"}],"author":[{"embeddable":true,"href":"https:\/\/shop.mydrap-professional.com\/es\/wp-json\/wp\/v2\/users\/1"}],"replies":[{"embeddable":true,"href":"https:\/\/shop.mydrap-professional.com\/es\/wp-json\/wp\/v2\/comments?post=3492"}],"version-history":[{"count":0,"href":"https:\/\/shop.mydrap-professional.com\/es\/wp-json\/wp\/v2\/pages\/3492\/revisions"}],"wp:attachment":[{"href":"https:\/\/shop.mydrap-professional.com\/es\/wp-json\/wp\/v2\/media?parent=3492"}],"curies":[{"name":"wp","href":"https:\/\/api.w.org\/{rel}","templated":true}]}}