{"id":3506,"date":"2016-12-27T11:24:49","date_gmt":"2016-12-27T11:24:49","guid":{"rendered":"https:\/\/shop.mydrap-professional.com\/?page_id=3506"},"modified":"2021-02-24T09:19:15","modified_gmt":"2021-02-24T08:19:15","slug":"plazos-de-entrega","status":"publish","type":"page","link":"https:\/\/shop.mydrap-professional.com\/es\/plazos-de-entrega\/","title":{"rendered":"Plazos de entrega"},"content":{"rendered":"<div class=\"wpb-content-wrapper\"><p>[vc_row][vc_column][vc_column_text]El plazo de entrega habitual para pen\u00ednsula\u00a0 es entre 24 y 48 horas y Canarias 48-72 horas.\u00a0 Horario de entrega: de 9:00 h. a 21:00 h. de lunes a viernes, en funci\u00f3n de la ruta de reparto. Estos plazos pueden variar por razones de log\u00edstica o fuerza mayor. En caso de retrasos en las entregas, MY DRAP informar\u00e1 a sus cliente en cuento tenga conocimiento de ello.<\/p>\n<p>En el caso de que el cliente o la persona autorizada no est\u00e9n presentes en el momento de la entrega, y hubiesen transcurrido 7 d\u00edas h\u00e1biles sin haber podido contactar ni hacer la entrega, los gastos del reenv\u00edo posterior correr\u00e1n a cargo del cliente.<\/p>\n<h4>Personalizaci\u00f3n<\/h4>\n<p>Los productos personalizados requieren un plazo de entrega aproximado de 10-12 d\u00edas laborables desde la confirmaci\u00f3n del pedido.<\/p>\n<h4>Excepciones en los plazos de entrega:<\/h4>\n<p>Durante las ofertas especiales de la web MY DRAP, el tiempo de entrega puede ser superior al habitual.<\/p>\n<p>Los periodos vacacionales de MY DRAP se notificar\u00e1n en la web y durante el proceso de compra.<\/p>\n<p>MY DRAP\u00a0 no asumir\u00e1 ninguna responsabilidad por retraso en la entrega de los pedidos cuando este retraso sea culpa exclusiva del comprador o de la persona autorizada.<\/p>\n<p>El cliente asume los riesgos de deterioro, menoscabo, da\u00f1os y p\u00e9rdida de los productos del pedido a partir del momento de la entrega de los mismos de acuerdo al procedimiento regulado en los presentes T\u00e9rminos y Condiciones.[\/vc_column_text][\/vc_column][\/vc_row]<\/p>\n<\/div>","protected":false},"excerpt":{"rendered":"<p>[vc_row][vc_column][vc_column_text]El plazo de entrega habitual para pen\u00ednsula\u00a0 es entre 24 y 48 horas y Canarias 48-72 horas.\u00a0 Horario de entrega: de 9:00 h. a 21:00 h. de lunes a viernes, en funci\u00f3n de la ruta de reparto. Estos plazos pueden variar por razones de log\u00edstica o fuerza mayor. En caso de retrasos en las entregas, [&hellip;]<\/p>\n","protected":false},"author":1,"featured_media":0,"parent":0,"menu_order":0,"comment_status":"closed","ping_status":"closed","template":"templates\/page-one-column.php","meta":{"_acf_changed":false,"footnotes":""},"class_list":["post-3506","page","type-page","status-publish","hentry"],"acf":[],"yoast_head":"<!-- This site is optimized with the Yoast SEO plugin v27.2 - https:\/\/yoast.com\/product\/yoast-seo-wordpress\/ -->\n<title>Plazos de entrega | MY DRAP Professional<\/title>\n<meta name=\"description\" content=\"Pide nuestros productos a trav\u00e9s de MYDRAP online y tu pedido solicitado llegar\u00e1 en 24 o 48 horas (d\u00edas laborables).\" \/>\n<meta name=\"robots\" content=\"index, follow, max-snippet:-1, max-image-preview:large, max-video-preview:-1\" \/>\n<link rel=\"canonical\" href=\"https:\/\/shop.mydrap-professional.com\/es\/plazos-de-entrega\/\" \/>\n<meta property=\"og:locale\" content=\"es_ES\" \/>\n<meta property=\"og:type\" content=\"article\" \/>\n<meta property=\"og:title\" content=\"Plazos de entrega | MY DRAP Professional\" \/>\n<meta property=\"og:description\" content=\"Pide nuestros productos a trav\u00e9s de MYDRAP online y tu pedido solicitado llegar\u00e1 en 24 o 48 horas (d\u00edas laborables).\" \/>\n<meta property=\"og:url\" content=\"https:\/\/shop.mydrap-professional.com\/es\/plazos-de-entrega\/\" \/>\n<meta property=\"og:site_name\" content=\"MY DRAP Professional\" \/>\n<meta property=\"article:publisher\" content=\"https:\/\/www.facebook.com\/MYdrap\" \/>\n<meta property=\"article:modified_time\" content=\"2021-02-24T08:19:15+00:00\" \/>\n<meta name=\"twitter:card\" content=\"summary_large_image\" \/>\n<meta name=\"twitter:label1\" content=\"Tiempo de lectura\" \/>\n\t<meta name=\"twitter:data1\" content=\"2 minutos\" \/>\n<script type=\"application\/ld+json\" class=\"yoast-schema-graph\">{\"@context\":\"https:\/\/schema.org\",\"@graph\":[{\"@type\":\"WebPage\",\"@id\":\"https:\/\/shop.mydrap-professional.com\/es\/plazos-de-entrega\/\",\"url\":\"https:\/\/shop.mydrap-professional.com\/es\/plazos-de-entrega\/\",\"name\":\"Plazos de entrega | MY DRAP Professional\",\"isPartOf\":{\"@id\":\"https:\/\/shop.mydrap-professional.com\/es\/#website\"},\"datePublished\":\"2016-12-27T11:24:49+00:00\",\"dateModified\":\"2021-02-24T08:19:15+00:00\",\"description\":\"Pide nuestros productos a trav\u00e9s de MYDRAP online y tu pedido solicitado llegar\u00e1 en 24 o 48 horas (d\u00edas laborables).\",\"breadcrumb\":{\"@id\":\"https:\/\/shop.mydrap-professional.com\/es\/plazos-de-entrega\/#breadcrumb\"},\"inLanguage\":\"es\",\"potentialAction\":[{\"@type\":\"ReadAction\",\"target\":[\"https:\/\/shop.mydrap-professional.com\/es\/plazos-de-entrega\/\"]}]},{\"@type\":\"BreadcrumbList\",\"@id\":\"https:\/\/shop.mydrap-professional.com\/es\/plazos-de-entrega\/#breadcrumb\",\"itemListElement\":[{\"@type\":\"ListItem\",\"position\":1,\"name\":\"Home\",\"item\":\"https:\/\/shop.mydrap-professional.com\/es\/\"},{\"@type\":\"ListItem\",\"position\":2,\"name\":\"Plazos de entrega\"}]},{\"@type\":\"WebSite\",\"@id\":\"https:\/\/shop.mydrap-professional.com\/es\/#website\",\"url\":\"https:\/\/shop.mydrap-professional.com\/es\/\",\"name\":\"MY DRAP Professional\",\"description\":\"Soluciones 100% textil de un solo uso\",\"potentialAction\":[{\"@type\":\"SearchAction\",\"target\":{\"@type\":\"EntryPoint\",\"urlTemplate\":\"https:\/\/shop.mydrap-professional.com\/es\/?s={search_term_string}\"},\"query-input\":{\"@type\":\"PropertyValueSpecification\",\"valueRequired\":true,\"valueName\":\"search_term_string\"}}],\"inLanguage\":\"es\"}]}<\/script>\n<!-- \/ Yoast SEO plugin. -->","yoast_head_json":{"title":"Plazos de entrega | MY DRAP Professional","description":"Pide nuestros productos a trav\u00e9s de MYDRAP online y tu pedido solicitado llegar\u00e1 en 24 o 48 horas (d\u00edas laborables).","robots":{"index":"index","follow":"follow","max-snippet":"max-snippet:-1","max-image-preview":"max-image-preview:large","max-video-preview":"max-video-preview:-1"},"canonical":"https:\/\/shop.mydrap-professional.com\/es\/plazos-de-entrega\/","og_locale":"es_ES","og_type":"article","og_title":"Plazos de entrega | MY DRAP Professional","og_description":"Pide nuestros productos a trav\u00e9s de MYDRAP online y tu pedido solicitado llegar\u00e1 en 24 o 48 horas (d\u00edas laborables).","og_url":"https:\/\/shop.mydrap-professional.com\/es\/plazos-de-entrega\/","og_site_name":"MY DRAP Professional","article_publisher":"https:\/\/www.facebook.com\/MYdrap","article_modified_time":"2021-02-24T08:19:15+00:00","twitter_card":"summary_large_image","twitter_misc":{"Tiempo de lectura":"2 minutos"},"schema":{"@context":"https:\/\/schema.org","@graph":[{"@type":"WebPage","@id":"https:\/\/shop.mydrap-professional.com\/es\/plazos-de-entrega\/","url":"https:\/\/shop.mydrap-professional.com\/es\/plazos-de-entrega\/","name":"Plazos de entrega | MY DRAP Professional","isPartOf":{"@id":"https:\/\/shop.mydrap-professional.com\/es\/#website"},"datePublished":"2016-12-27T11:24:49+00:00","dateModified":"2021-02-24T08:19:15+00:00","description":"Pide nuestros productos a trav\u00e9s de MYDRAP online y tu pedido solicitado llegar\u00e1 en 24 o 48 horas (d\u00edas laborables).","breadcrumb":{"@id":"https:\/\/shop.mydrap-professional.com\/es\/plazos-de-entrega\/#breadcrumb"},"inLanguage":"es","potentialAction":[{"@type":"ReadAction","target":["https:\/\/shop.mydrap-professional.com\/es\/plazos-de-entrega\/"]}]},{"@type":"BreadcrumbList","@id":"https:\/\/shop.mydrap-professional.com\/es\/plazos-de-entrega\/#breadcrumb","itemListElement":[{"@type":"ListItem","position":1,"name":"Home","item":"https:\/\/shop.mydrap-professional.com\/es\/"},{"@type":"ListItem","position":2,"name":"Plazos de entrega"}]},{"@type":"WebSite","@id":"https:\/\/shop.mydrap-professional.com\/es\/#website","url":"https:\/\/shop.mydrap-professional.com\/es\/","name":"MY DRAP Professional","description":"Soluciones 100% textil de un solo uso","potentialAction":[{"@type":"SearchAction","target":{"@type":"EntryPoint","urlTemplate":"https:\/\/shop.mydrap-professional.com\/es\/?s={search_term_string}"},"query-input":{"@type":"PropertyValueSpecification","valueRequired":true,"valueName":"search_term_string"}}],"inLanguage":"es"}]}},"_links":{"self":[{"href":"https:\/\/shop.mydrap-professional.com\/es\/wp-json\/wp\/v2\/pages\/3506","targetHints":{"allow":["GET"]}}],"collection":[{"href":"https:\/\/shop.mydrap-professional.com\/es\/wp-json\/wp\/v2\/pages"}],"about":[{"href":"https:\/\/shop.mydrap-professional.com\/es\/wp-json\/wp\/v2\/types\/page"}],"author":[{"embeddable":true,"href":"https:\/\/shop.mydrap-professional.com\/es\/wp-json\/wp\/v2\/users\/1"}],"replies":[{"embeddable":true,"href":"https:\/\/shop.mydrap-professional.com\/es\/wp-json\/wp\/v2\/comments?post=3506"}],"version-history":[{"count":0,"href":"https:\/\/shop.mydrap-professional.com\/es\/wp-json\/wp\/v2\/pages\/3506\/revisions"}],"wp:attachment":[{"href":"https:\/\/shop.mydrap-professional.com\/es\/wp-json\/wp\/v2\/media?parent=3506"}],"curies":[{"name":"wp","href":"https:\/\/api.w.org\/{rel}","templated":true}]}}