{"id":10334,"date":"2017-04-28T09:09:41","date_gmt":"2017-04-28T07:09:41","guid":{"rendered":"https:\/\/shop.mydrap-professional.com\/?post_type=product&#038;p=10334\/"},"modified":"2024-06-26T16:29:21","modified_gmt":"2024-06-26T14:29:21","slug":"servilletas-eventos-petrol-blue-20x20cm-25u","status":"publish","type":"product","link":"https:\/\/shop.mydrap-professional.com\/es\/producto\/servilletas-eventos-petrol-blue-20x20cm-25u\/","title":{"rendered":"Servilletas para eventos Petrol Blue 20x20cm 25u."},"content":{"rendered":"<div class=\"wpb-content-wrapper\"><p>[vc_row][vc_column width=\u00bb1\/2&#8243;][vc_column_text]<\/p>\n<h2>Servilletas 100% algod\u00f3n de un solo uso.<\/h2>\n<p>Servilletas para eventos 100% algod\u00f3n sin costuras, de agradable tacto textil y alta absorci\u00f3n. Combinan la calidad del algod\u00f3n con las ventajas de las servilletas de un solo uso: higi\u00e9nicas, ocupan menos espacio de almacenaje y permiten ahorrar en costes y gesti\u00f3n de lavander\u00eda.<\/p>\n<p>Servilletas de tela de 20&#215;20 cm, perfectas para acompa\u00f1ar pausas caf\u00e9, c\u00f3cteles y aperitivos, lunches y otras celebraciones. El color petr\u00f3leo es de lo m\u00e1s vers\u00e1til y se adapta a una gran variedad de decoraciones.<\/p>\n<p>Se pueden combinar con manteles individuales y otras servilletas de diferentes tama\u00f1os. Tambi\u00e9n se pueden personalizar seg\u00fan vuestras necesidades y conseguir as\u00ed un producto \u00fanico y exclusivo.<\/p>\n<p>MY DRAP es una marca con amplia experiencia en el sector textil. Dispone de un amplio cat\u00e1logo de servilletas para eventos, servilletas de mesa, manteles individuales y caminos de mesa. \u00danico textil del mercado de un solo uso, perfecto para uso profesional en hosteler\u00eda y caterings.[\/vc_column_text][\/vc_column][vc_column width=\u00bb1\/2&#8243;][vc_raw_html css=\u00bb.vc_custom_1550057923224{padding-left: 15px !important;}\u00bb]JTNDZGl2JTIwY2xhc3MlM0QlMjJ3cGJfdmlkZW9fd3JhcHBlciUyMiUyMHN0eWxlJTNEJTIydGV4dC1hbGlnbiUzQWNlbnRlciUyMiUzRSUwQSUzQ2lmcmFtZSUyMHdpZHRoJTNEJTIyNjQwJTIyJTIwaGVpZ2h0JTNEJTIyMzYwJTIyJTIwc3JjJTNEJTIyaHR0cHMlM0ElMkYlMkZ3d3cueW91dHViZS5jb20lMkZlbWJlZCUyRi1TbUhSOWtFSktVJTNGcGxheWxpc3QlM0QtU21IUjlrRUpLVSUyNmNvbnRyb2xzJTNEMCUyNmxvb3AlM0QxJTI2cmVsJTNEMCUyNmF1dG9wbGF5JTNEMSUyMiUyMGZyYW1lYm9yZGVyJTNEJTIyMCUyMiUyMGFsbG93JTNEJTIyYWNjZWxlcm9tZXRlciUzQiUyMGF1dG9wbGF5JTNCJTIwZW5jcnlwdGVkLW1lZGlhJTNCJTIwZ3lyb3Njb3BlJTNCJTIwcGljdHVyZS1pbi1waWN0dXJlJTIyJTIwYWxsb3dmdWxsc2NyZWVuJTNFJTNDJTJGaWZyYW1lJTNFJTBBJTNDJTJGZGl2JTNF[\/vc_raw_html][\/vc_column][\/vc_row]<\/p>\n<\/div>","protected":false},"excerpt":{"rendered":"<p>Precortadas en rollo.<\/p>\n","protected":false},"featured_media":27184,"comment_status":"closed","ping_status":"closed","template":"","meta":{"_acf_changed":false},"product_brand":[],"product_cat":[2042],"product_tag":[],"class_list":{"0":"post-10334","1":"product","2":"type-product","3":"status-publish","4":"has-post-thumbnail","6":"product_cat-sin-categoria","7":"tipologia_producto-servilletas-para-eventos","9":"first","10":"instock","11":"taxable","12":"shipping-taxable","13":"purchasable","14":"product-type-simple"},"acf":[],"yoast_head":"<!-- This site is optimized with the Yoast SEO plugin v27.2 - https:\/\/yoast.com\/product\/yoast-seo-wordpress\/ -->\n<title>Servilletas para eventos Petrol Blue 20x20cm 25u. | MY DRAP Professional<\/title>\n<meta name=\"description\" content=\"Servilletas para eventos precortadas en rollo. Color Petrol blue. 25u. 100% algod\u00f3n. 20x20cm. Viste tu mesa con elegancia \u00a1Consulta nuestro cat\u00e1logo!\" \/>\n<meta name=\"robots\" content=\"index, follow, max-snippet:-1, max-image-preview:large, max-video-preview:-1\" \/>\n<link rel=\"canonical\" href=\"https:\/\/shop.mydrap-professional.com\/es\/producto\/servilletas-eventos-petrol-blue-20x20cm-25u\/\" \/>\n<meta property=\"og:locale\" content=\"es_ES\" \/>\n<meta property=\"og:type\" content=\"article\" \/>\n<meta property=\"og:title\" content=\"Servilletas para eventos Petrol Blue 20x20cm 25u. | MY DRAP Professional\" \/>\n<meta property=\"og:description\" content=\"Servilletas para eventos precortadas en rollo. Color Petrol blue. 25u. 100% algod\u00f3n. 20x20cm. Viste tu mesa con elegancia \u00a1Consulta nuestro cat\u00e1logo!\" \/>\n<meta property=\"og:url\" content=\"https:\/\/shop.mydrap-professional.com\/es\/producto\/servilletas-eventos-petrol-blue-20x20cm-25u\/\" \/>\n<meta property=\"og:site_name\" content=\"MY DRAP Professional\" \/>\n<meta property=\"article:publisher\" content=\"https:\/\/www.facebook.com\/MYdrap\" \/>\n<meta property=\"article:modified_time\" content=\"2024-06-26T14:29:21+00:00\" \/>\n<meta property=\"og:image\" content=\"https:\/\/shop.mydrap-professional.com\/wp-content\/uploads\/MYDRAP_20x20_409_web-8.jpg\" \/>\n\t<meta property=\"og:image:width\" content=\"2000\" \/>\n\t<meta property=\"og:image:height\" content=\"1816\" \/>\n\t<meta property=\"og:image:type\" content=\"image\/jpeg\" \/>\n<meta name=\"twitter:card\" content=\"summary_large_image\" \/>\n<meta name=\"twitter:label1\" content=\"Tiempo de lectura\" \/>\n\t<meta name=\"twitter:data1\" content=\"1 minuto\" \/>\n<script type=\"application\/ld+json\" class=\"yoast-schema-graph\">{\"@context\":\"https:\/\/schema.org\",\"@graph\":[{\"@type\":\"WebPage\",\"@id\":\"https:\/\/shop.mydrap-professional.com\/es\/producto\/servilletas-eventos-petrol-blue-20x20cm-25u\/\",\"url\":\"https:\/\/shop.mydrap-professional.com\/es\/producto\/servilletas-eventos-petrol-blue-20x20cm-25u\/\",\"name\":\"Servilletas para eventos Petrol Blue 20x20cm 25u. | MY DRAP Professional\",\"isPartOf\":{\"@id\":\"https:\/\/shop.mydrap-professional.com\/es\/#website\"},\"primaryImageOfPage\":{\"@id\":\"https:\/\/shop.mydrap-professional.com\/es\/producto\/servilletas-eventos-petrol-blue-20x20cm-25u\/#primaryimage\"},\"image\":{\"@id\":\"https:\/\/shop.mydrap-professional.com\/es\/producto\/servilletas-eventos-petrol-blue-20x20cm-25u\/#primaryimage\"},\"thumbnailUrl\":\"https:\/\/shop.mydrap-professional.com\/wp-content\/uploads\/MYDRAP_20x20_409_web-8.jpg\",\"datePublished\":\"2017-04-28T07:09:41+00:00\",\"dateModified\":\"2024-06-26T14:29:21+00:00\",\"description\":\"Servilletas para eventos precortadas en rollo. Color Petrol blue. 25u. 100% algod\u00f3n. 20x20cm. Viste tu mesa con elegancia \u00a1Consulta nuestro cat\u00e1logo!\",\"breadcrumb\":{\"@id\":\"https:\/\/shop.mydrap-professional.com\/es\/producto\/servilletas-eventos-petrol-blue-20x20cm-25u\/#breadcrumb\"},\"inLanguage\":\"es\",\"potentialAction\":[{\"@type\":\"ReadAction\",\"target\":[\"https:\/\/shop.mydrap-professional.com\/es\/producto\/servilletas-eventos-petrol-blue-20x20cm-25u\/\"]}]},{\"@type\":\"ImageObject\",\"inLanguage\":\"es\",\"@id\":\"https:\/\/shop.mydrap-professional.com\/es\/producto\/servilletas-eventos-petrol-blue-20x20cm-25u\/#primaryimage\",\"url\":\"https:\/\/shop.mydrap-professional.com\/wp-content\/uploads\/MYDRAP_20x20_409_web-8.jpg\",\"contentUrl\":\"https:\/\/shop.mydrap-professional.com\/wp-content\/uploads\/MYDRAP_20x20_409_web-8.jpg\",\"width\":2000,\"height\":1816},{\"@type\":\"BreadcrumbList\",\"@id\":\"https:\/\/shop.mydrap-professional.com\/es\/producto\/servilletas-eventos-petrol-blue-20x20cm-25u\/#breadcrumb\",\"itemListElement\":[{\"@type\":\"ListItem\",\"position\":1,\"name\":\"Home\",\"item\":\"https:\/\/shop.mydrap-professional.com\/es\/\"},{\"@type\":\"ListItem\",\"position\":2,\"name\":\"Productos\",\"item\":\"https:\/\/shop.mydrap-professional.com\/es\/productos\/\"},{\"@type\":\"ListItem\",\"position\":3,\"name\":\"Servilletas para eventos Petrol Blue 20x20cm 25u.\"}]},{\"@type\":\"WebSite\",\"@id\":\"https:\/\/shop.mydrap-professional.com\/es\/#website\",\"url\":\"https:\/\/shop.mydrap-professional.com\/es\/\",\"name\":\"MY DRAP Professional\",\"description\":\"Soluciones 100% textil de un solo uso\",\"potentialAction\":[{\"@type\":\"SearchAction\",\"target\":{\"@type\":\"EntryPoint\",\"urlTemplate\":\"https:\/\/shop.mydrap-professional.com\/es\/?s={search_term_string}\"},\"query-input\":{\"@type\":\"PropertyValueSpecification\",\"valueRequired\":true,\"valueName\":\"search_term_string\"}}],\"inLanguage\":\"es\"}]}<\/script>\n<!-- \/ Yoast SEO plugin. -->","yoast_head_json":{"title":"Servilletas para eventos Petrol Blue 20x20cm 25u. | MY DRAP Professional","description":"Servilletas para eventos precortadas en rollo. Color Petrol blue. 25u. 100% algod\u00f3n. 20x20cm. Viste tu mesa con elegancia \u00a1Consulta nuestro cat\u00e1logo!","robots":{"index":"index","follow":"follow","max-snippet":"max-snippet:-1","max-image-preview":"max-image-preview:large","max-video-preview":"max-video-preview:-1"},"canonical":"https:\/\/shop.mydrap-professional.com\/es\/producto\/servilletas-eventos-petrol-blue-20x20cm-25u\/","og_locale":"es_ES","og_type":"article","og_title":"Servilletas para eventos Petrol Blue 20x20cm 25u. | MY DRAP Professional","og_description":"Servilletas para eventos precortadas en rollo. Color Petrol blue. 25u. 100% algod\u00f3n. 20x20cm. Viste tu mesa con elegancia \u00a1Consulta nuestro cat\u00e1logo!","og_url":"https:\/\/shop.mydrap-professional.com\/es\/producto\/servilletas-eventos-petrol-blue-20x20cm-25u\/","og_site_name":"MY DRAP Professional","article_publisher":"https:\/\/www.facebook.com\/MYdrap","article_modified_time":"2024-06-26T14:29:21+00:00","og_image":[{"width":2000,"height":1816,"url":"https:\/\/shop.mydrap-professional.com\/wp-content\/uploads\/MYDRAP_20x20_409_web-8.jpg","type":"image\/jpeg"}],"twitter_card":"summary_large_image","twitter_misc":{"Tiempo de lectura":"1 minuto"},"schema":{"@context":"https:\/\/schema.org","@graph":[{"@type":"WebPage","@id":"https:\/\/shop.mydrap-professional.com\/es\/producto\/servilletas-eventos-petrol-blue-20x20cm-25u\/","url":"https:\/\/shop.mydrap-professional.com\/es\/producto\/servilletas-eventos-petrol-blue-20x20cm-25u\/","name":"Servilletas para eventos Petrol Blue 20x20cm 25u. | MY DRAP Professional","isPartOf":{"@id":"https:\/\/shop.mydrap-professional.com\/es\/#website"},"primaryImageOfPage":{"@id":"https:\/\/shop.mydrap-professional.com\/es\/producto\/servilletas-eventos-petrol-blue-20x20cm-25u\/#primaryimage"},"image":{"@id":"https:\/\/shop.mydrap-professional.com\/es\/producto\/servilletas-eventos-petrol-blue-20x20cm-25u\/#primaryimage"},"thumbnailUrl":"https:\/\/shop.mydrap-professional.com\/wp-content\/uploads\/MYDRAP_20x20_409_web-8.jpg","datePublished":"2017-04-28T07:09:41+00:00","dateModified":"2024-06-26T14:29:21+00:00","description":"Servilletas para eventos precortadas en rollo. Color Petrol blue. 25u. 100% algod\u00f3n. 20x20cm. Viste tu mesa con elegancia \u00a1Consulta nuestro cat\u00e1logo!","breadcrumb":{"@id":"https:\/\/shop.mydrap-professional.com\/es\/producto\/servilletas-eventos-petrol-blue-20x20cm-25u\/#breadcrumb"},"inLanguage":"es","potentialAction":[{"@type":"ReadAction","target":["https:\/\/shop.mydrap-professional.com\/es\/producto\/servilletas-eventos-petrol-blue-20x20cm-25u\/"]}]},{"@type":"ImageObject","inLanguage":"es","@id":"https:\/\/shop.mydrap-professional.com\/es\/producto\/servilletas-eventos-petrol-blue-20x20cm-25u\/#primaryimage","url":"https:\/\/shop.mydrap-professional.com\/wp-content\/uploads\/MYDRAP_20x20_409_web-8.jpg","contentUrl":"https:\/\/shop.mydrap-professional.com\/wp-content\/uploads\/MYDRAP_20x20_409_web-8.jpg","width":2000,"height":1816},{"@type":"BreadcrumbList","@id":"https:\/\/shop.mydrap-professional.com\/es\/producto\/servilletas-eventos-petrol-blue-20x20cm-25u\/#breadcrumb","itemListElement":[{"@type":"ListItem","position":1,"name":"Home","item":"https:\/\/shop.mydrap-professional.com\/es\/"},{"@type":"ListItem","position":2,"name":"Productos","item":"https:\/\/shop.mydrap-professional.com\/es\/productos\/"},{"@type":"ListItem","position":3,"name":"Servilletas para eventos Petrol Blue 20x20cm 25u."}]},{"@type":"WebSite","@id":"https:\/\/shop.mydrap-professional.com\/es\/#website","url":"https:\/\/shop.mydrap-professional.com\/es\/","name":"MY DRAP Professional","description":"Soluciones 100% textil de un solo uso","potentialAction":[{"@type":"SearchAction","target":{"@type":"EntryPoint","urlTemplate":"https:\/\/shop.mydrap-professional.com\/es\/?s={search_term_string}"},"query-input":{"@type":"PropertyValueSpecification","valueRequired":true,"valueName":"search_term_string"}}],"inLanguage":"es"}]}},"_links":{"self":[{"href":"https:\/\/shop.mydrap-professional.com\/es\/wp-json\/wp\/v2\/product\/10334","targetHints":{"allow":["GET"]}}],"collection":[{"href":"https:\/\/shop.mydrap-professional.com\/es\/wp-json\/wp\/v2\/product"}],"about":[{"href":"https:\/\/shop.mydrap-professional.com\/es\/wp-json\/wp\/v2\/types\/product"}],"replies":[{"embeddable":true,"href":"https:\/\/shop.mydrap-professional.com\/es\/wp-json\/wp\/v2\/comments?post=10334"}],"wp:featuredmedia":[{"embeddable":true,"href":"https:\/\/shop.mydrap-professional.com\/es\/wp-json\/wp\/v2\/media\/27184"}],"wp:attachment":[{"href":"https:\/\/shop.mydrap-professional.com\/es\/wp-json\/wp\/v2\/media?parent=10334"}],"wp:term":[{"taxonomy":"product_brand","embeddable":true,"href":"https:\/\/shop.mydrap-professional.com\/es\/wp-json\/wp\/v2\/product_brand?post=10334"},{"taxonomy":"product_cat","embeddable":true,"href":"https:\/\/shop.mydrap-professional.com\/es\/wp-json\/wp\/v2\/product_cat?post=10334"},{"taxonomy":"product_tag","embeddable":true,"href":"https:\/\/shop.mydrap-professional.com\/es\/wp-json\/wp\/v2\/product_tag?post=10334"}],"curies":[{"name":"wp","href":"https:\/\/api.w.org\/{rel}","templated":true}]}}