{"id":24118,"date":"2018-02-21T09:49:10","date_gmt":"2018-02-21T08:49:10","guid":{"rendered":"https:\/\/shop.mydrap-professional.com\/?post_type=product&#038;p=24118"},"modified":"2024-06-25T13:32:18","modified_gmt":"2024-06-25T11:32:18","slug":"servilletas-mesa-cream-25x50cm-400u","status":"publish","type":"product","link":"https:\/\/shop.mydrap-professional.com\/es\/producto\/servilletas-mesa-cream-25x50cm-400u\/","title":{"rendered":"Servilletas de mesa Cream 25x50cm 400u."},"content":{"rendered":"<h2>Servilletas 100% algod\u00f3n de un s\u00f3lo uso.<\/h2>\n<p>Servilletas de mesa 100% algod\u00f3n sin costuras, con gran capacidad de absorci\u00f3n y agradable textura. Al ser de un s\u00f3lo uso, se garantiza la m\u00e1xima higiene y permiten ahorrar en lavander\u00eda, mientras el comensal disfruta de un textil de excelente calidad.<\/p>\n<p>Servilletas de tela de 25&#215;50 cm doblado, un dise\u00f1o rectangular perfecto para acompa\u00f1ar todo tipo de comidas, tambi\u00e9n eventos m\u00e1s formales. El color crudo aporta elegancia y luminosidad a la mesa.<\/p>\n<p>F\u00e1cilmente combinables con posavasos o manteles individuales del mismo color, o tambi\u00e9n para crear otras combinaciones. Para vestir una mesa \u00fanica se puede personalizar su dise\u00f1o con la imagen corporativa, o incluso escoger el formato de presentaci\u00f3n y doblado que m\u00e1s se ajuste a vuestras necesidades.<\/p>\n<p>MY DRAP ofrece un amplio cat\u00e1logo de servilletas para eventos, servilletas de mesa, manteles individuales y caminos de mesa. Est\u00e1n confeccionados con el \u00fanico textil del mercado de un s\u00f3lo uso, lo que los hace ideales para uso profesional en hosteler\u00eda y caterings.<\/p>\n","protected":false},"excerpt":{"rendered":"<p>Precortadas en paquete.<\/p>\n","protected":false},"featured_media":27987,"comment_status":"closed","ping_status":"closed","template":"","meta":{"_acf_changed":false},"product_brand":[],"product_cat":[2042],"product_tag":[],"class_list":{"0":"post-24118","1":"product","2":"type-product","3":"status-publish","4":"has-post-thumbnail","6":"product_cat-sin-categoria","7":"tipologia_producto-servilletas-de-mesa","9":"first","10":"instock","11":"taxable","12":"shipping-taxable","13":"purchasable","14":"product-type-simple"},"acf":[],"yoast_head":"<!-- This site is optimized with the Yoast SEO plugin v27.2 - https:\/\/yoast.com\/product\/yoast-seo-wordpress\/ -->\n<title>Servilletas de mesa Cream 25x50cm 400u. | MY DRAP Professional<\/title>\n<meta name=\"description\" content=\"Servilletas de mesa precortadas en rollo. Color crudo. 15 u. 100% algod\u00f3n. Medidas: 25x50cm. Viste tu mesa con elegancia. \u00a1Consulta nuestro cat\u00e1logo!\" \/>\n<meta name=\"robots\" content=\"index, follow, max-snippet:-1, max-image-preview:large, max-video-preview:-1\" \/>\n<link rel=\"canonical\" href=\"https:\/\/shop.mydrap-professional.com\/es\/producto\/servilletas-mesa-cream-25x50cm-400u\/\" \/>\n<meta property=\"og:locale\" content=\"es_ES\" \/>\n<meta property=\"og:type\" content=\"article\" \/>\n<meta property=\"og:title\" content=\"Servilletas de mesa Cream 25x50cm 400u. | MY DRAP Professional\" \/>\n<meta property=\"og:description\" content=\"Servilletas de mesa precortadas en rollo. Color crudo. 15 u. 100% algod\u00f3n. Medidas: 25x50cm. Viste tu mesa con elegancia. \u00a1Consulta nuestro cat\u00e1logo!\" \/>\n<meta property=\"og:url\" content=\"https:\/\/shop.mydrap-professional.com\/es\/producto\/servilletas-mesa-cream-25x50cm-400u\/\" \/>\n<meta property=\"og:site_name\" content=\"MY DRAP Professional\" \/>\n<meta property=\"article:publisher\" content=\"https:\/\/www.facebook.com\/MYdrap\" \/>\n<meta property=\"article:modified_time\" content=\"2024-06-25T11:32:18+00:00\" \/>\n<meta property=\"og:image\" content=\"https:\/\/shop.mydrap-professional.com\/wp-content\/uploads\/011-MYDRAP_1391_25x50_DOBLADO_CRUDO-1.jpg\" \/>\n\t<meta property=\"og:image:width\" content=\"2000\" \/>\n\t<meta property=\"og:image:height\" content=\"1816\" \/>\n\t<meta property=\"og:image:type\" content=\"image\/jpeg\" \/>\n<meta name=\"twitter:card\" content=\"summary_large_image\" \/>\n<meta name=\"twitter:label1\" content=\"Tiempo de lectura\" \/>\n\t<meta name=\"twitter:data1\" content=\"1 minuto\" \/>\n<script type=\"application\/ld+json\" class=\"yoast-schema-graph\">{\"@context\":\"https:\/\/schema.org\",\"@graph\":[{\"@type\":\"WebPage\",\"@id\":\"https:\/\/shop.mydrap-professional.com\/es\/producto\/servilletas-mesa-cream-25x50cm-400u\/\",\"url\":\"https:\/\/shop.mydrap-professional.com\/es\/producto\/servilletas-mesa-cream-25x50cm-400u\/\",\"name\":\"Servilletas de mesa Cream 25x50cm 400u. | MY DRAP Professional\",\"isPartOf\":{\"@id\":\"https:\/\/shop.mydrap-professional.com\/es\/#website\"},\"primaryImageOfPage\":{\"@id\":\"https:\/\/shop.mydrap-professional.com\/es\/producto\/servilletas-mesa-cream-25x50cm-400u\/#primaryimage\"},\"image\":{\"@id\":\"https:\/\/shop.mydrap-professional.com\/es\/producto\/servilletas-mesa-cream-25x50cm-400u\/#primaryimage\"},\"thumbnailUrl\":\"https:\/\/shop.mydrap-professional.com\/wp-content\/uploads\/011-MYDRAP_1391_25x50_DOBLADO_CRUDO-1.jpg\",\"datePublished\":\"2018-02-21T08:49:10+00:00\",\"dateModified\":\"2024-06-25T11:32:18+00:00\",\"description\":\"Servilletas de mesa precortadas en rollo. Color crudo. 15 u. 100% algod\u00f3n. Medidas: 25x50cm. Viste tu mesa con elegancia. \u00a1Consulta nuestro cat\u00e1logo!\",\"breadcrumb\":{\"@id\":\"https:\/\/shop.mydrap-professional.com\/es\/producto\/servilletas-mesa-cream-25x50cm-400u\/#breadcrumb\"},\"inLanguage\":\"es\",\"potentialAction\":[{\"@type\":\"ReadAction\",\"target\":[\"https:\/\/shop.mydrap-professional.com\/es\/producto\/servilletas-mesa-cream-25x50cm-400u\/\"]}]},{\"@type\":\"ImageObject\",\"inLanguage\":\"es\",\"@id\":\"https:\/\/shop.mydrap-professional.com\/es\/producto\/servilletas-mesa-cream-25x50cm-400u\/#primaryimage\",\"url\":\"https:\/\/shop.mydrap-professional.com\/wp-content\/uploads\/011-MYDRAP_1391_25x50_DOBLADO_CRUDO-1.jpg\",\"contentUrl\":\"https:\/\/shop.mydrap-professional.com\/wp-content\/uploads\/011-MYDRAP_1391_25x50_DOBLADO_CRUDO-1.jpg\",\"width\":2000,\"height\":1816},{\"@type\":\"BreadcrumbList\",\"@id\":\"https:\/\/shop.mydrap-professional.com\/es\/producto\/servilletas-mesa-cream-25x50cm-400u\/#breadcrumb\",\"itemListElement\":[{\"@type\":\"ListItem\",\"position\":1,\"name\":\"Home\",\"item\":\"https:\/\/shop.mydrap-professional.com\/es\/\"},{\"@type\":\"ListItem\",\"position\":2,\"name\":\"Productos\",\"item\":\"https:\/\/shop.mydrap-professional.com\/es\/productos\/\"},{\"@type\":\"ListItem\",\"position\":3,\"name\":\"Servilletas de mesa Cream 25x50cm 400u.\"}]},{\"@type\":\"WebSite\",\"@id\":\"https:\/\/shop.mydrap-professional.com\/es\/#website\",\"url\":\"https:\/\/shop.mydrap-professional.com\/es\/\",\"name\":\"MY DRAP Professional\",\"description\":\"Soluciones 100% textil de un solo uso\",\"potentialAction\":[{\"@type\":\"SearchAction\",\"target\":{\"@type\":\"EntryPoint\",\"urlTemplate\":\"https:\/\/shop.mydrap-professional.com\/es\/?s={search_term_string}\"},\"query-input\":{\"@type\":\"PropertyValueSpecification\",\"valueRequired\":true,\"valueName\":\"search_term_string\"}}],\"inLanguage\":\"es\"}]}<\/script>\n<!-- \/ Yoast SEO plugin. -->","yoast_head_json":{"title":"Servilletas de mesa Cream 25x50cm 400u. | MY DRAP Professional","description":"Servilletas de mesa precortadas en rollo. Color crudo. 15 u. 100% algod\u00f3n. Medidas: 25x50cm. Viste tu mesa con elegancia. \u00a1Consulta nuestro cat\u00e1logo!","robots":{"index":"index","follow":"follow","max-snippet":"max-snippet:-1","max-image-preview":"max-image-preview:large","max-video-preview":"max-video-preview:-1"},"canonical":"https:\/\/shop.mydrap-professional.com\/es\/producto\/servilletas-mesa-cream-25x50cm-400u\/","og_locale":"es_ES","og_type":"article","og_title":"Servilletas de mesa Cream 25x50cm 400u. | MY DRAP Professional","og_description":"Servilletas de mesa precortadas en rollo. Color crudo. 15 u. 100% algod\u00f3n. Medidas: 25x50cm. Viste tu mesa con elegancia. \u00a1Consulta nuestro cat\u00e1logo!","og_url":"https:\/\/shop.mydrap-professional.com\/es\/producto\/servilletas-mesa-cream-25x50cm-400u\/","og_site_name":"MY DRAP Professional","article_publisher":"https:\/\/www.facebook.com\/MYdrap","article_modified_time":"2024-06-25T11:32:18+00:00","og_image":[{"width":2000,"height":1816,"url":"https:\/\/shop.mydrap-professional.com\/wp-content\/uploads\/011-MYDRAP_1391_25x50_DOBLADO_CRUDO-1.jpg","type":"image\/jpeg"}],"twitter_card":"summary_large_image","twitter_misc":{"Tiempo de lectura":"1 minuto"},"schema":{"@context":"https:\/\/schema.org","@graph":[{"@type":"WebPage","@id":"https:\/\/shop.mydrap-professional.com\/es\/producto\/servilletas-mesa-cream-25x50cm-400u\/","url":"https:\/\/shop.mydrap-professional.com\/es\/producto\/servilletas-mesa-cream-25x50cm-400u\/","name":"Servilletas de mesa Cream 25x50cm 400u. | MY DRAP Professional","isPartOf":{"@id":"https:\/\/shop.mydrap-professional.com\/es\/#website"},"primaryImageOfPage":{"@id":"https:\/\/shop.mydrap-professional.com\/es\/producto\/servilletas-mesa-cream-25x50cm-400u\/#primaryimage"},"image":{"@id":"https:\/\/shop.mydrap-professional.com\/es\/producto\/servilletas-mesa-cream-25x50cm-400u\/#primaryimage"},"thumbnailUrl":"https:\/\/shop.mydrap-professional.com\/wp-content\/uploads\/011-MYDRAP_1391_25x50_DOBLADO_CRUDO-1.jpg","datePublished":"2018-02-21T08:49:10+00:00","dateModified":"2024-06-25T11:32:18+00:00","description":"Servilletas de mesa precortadas en rollo. Color crudo. 15 u. 100% algod\u00f3n. Medidas: 25x50cm. Viste tu mesa con elegancia. \u00a1Consulta nuestro cat\u00e1logo!","breadcrumb":{"@id":"https:\/\/shop.mydrap-professional.com\/es\/producto\/servilletas-mesa-cream-25x50cm-400u\/#breadcrumb"},"inLanguage":"es","potentialAction":[{"@type":"ReadAction","target":["https:\/\/shop.mydrap-professional.com\/es\/producto\/servilletas-mesa-cream-25x50cm-400u\/"]}]},{"@type":"ImageObject","inLanguage":"es","@id":"https:\/\/shop.mydrap-professional.com\/es\/producto\/servilletas-mesa-cream-25x50cm-400u\/#primaryimage","url":"https:\/\/shop.mydrap-professional.com\/wp-content\/uploads\/011-MYDRAP_1391_25x50_DOBLADO_CRUDO-1.jpg","contentUrl":"https:\/\/shop.mydrap-professional.com\/wp-content\/uploads\/011-MYDRAP_1391_25x50_DOBLADO_CRUDO-1.jpg","width":2000,"height":1816},{"@type":"BreadcrumbList","@id":"https:\/\/shop.mydrap-professional.com\/es\/producto\/servilletas-mesa-cream-25x50cm-400u\/#breadcrumb","itemListElement":[{"@type":"ListItem","position":1,"name":"Home","item":"https:\/\/shop.mydrap-professional.com\/es\/"},{"@type":"ListItem","position":2,"name":"Productos","item":"https:\/\/shop.mydrap-professional.com\/es\/productos\/"},{"@type":"ListItem","position":3,"name":"Servilletas de mesa Cream 25x50cm 400u."}]},{"@type":"WebSite","@id":"https:\/\/shop.mydrap-professional.com\/es\/#website","url":"https:\/\/shop.mydrap-professional.com\/es\/","name":"MY DRAP Professional","description":"Soluciones 100% textil de un solo uso","potentialAction":[{"@type":"SearchAction","target":{"@type":"EntryPoint","urlTemplate":"https:\/\/shop.mydrap-professional.com\/es\/?s={search_term_string}"},"query-input":{"@type":"PropertyValueSpecification","valueRequired":true,"valueName":"search_term_string"}}],"inLanguage":"es"}]}},"_links":{"self":[{"href":"https:\/\/shop.mydrap-professional.com\/es\/wp-json\/wp\/v2\/product\/24118","targetHints":{"allow":["GET"]}}],"collection":[{"href":"https:\/\/shop.mydrap-professional.com\/es\/wp-json\/wp\/v2\/product"}],"about":[{"href":"https:\/\/shop.mydrap-professional.com\/es\/wp-json\/wp\/v2\/types\/product"}],"replies":[{"embeddable":true,"href":"https:\/\/shop.mydrap-professional.com\/es\/wp-json\/wp\/v2\/comments?post=24118"}],"wp:featuredmedia":[{"embeddable":true,"href":"https:\/\/shop.mydrap-professional.com\/es\/wp-json\/wp\/v2\/media\/27987"}],"wp:attachment":[{"href":"https:\/\/shop.mydrap-professional.com\/es\/wp-json\/wp\/v2\/media?parent=24118"}],"wp:term":[{"taxonomy":"product_brand","embeddable":true,"href":"https:\/\/shop.mydrap-professional.com\/es\/wp-json\/wp\/v2\/product_brand?post=24118"},{"taxonomy":"product_cat","embeddable":true,"href":"https:\/\/shop.mydrap-professional.com\/es\/wp-json\/wp\/v2\/product_cat?post=24118"},{"taxonomy":"product_tag","embeddable":true,"href":"https:\/\/shop.mydrap-professional.com\/es\/wp-json\/wp\/v2\/product_tag?post=24118"}],"curies":[{"name":"wp","href":"https:\/\/api.w.org\/{rel}","templated":true}]}}