{"id":29686,"date":"2019-02-19T10:26:34","date_gmt":"2019-02-19T09:26:34","guid":{"rendered":"https:\/\/shop.mydrap-professional.com\/?page_id=29686"},"modified":"2020-04-06T11:17:28","modified_gmt":"2020-04-06T09:17:28","slug":"personnalisation","status":"publish","type":"page","link":"https:\/\/shop.mydrap-professional.com\/fr\/personnalisation\/","title":{"rendered":"Personnalisation"},"content":{"rendered":"<p>Choisissez la serviette de table que vous souhaitez personnaliser et marquez la diff\u00e9rence !<\/p>\n","protected":false},"excerpt":{"rendered":"<p>Choisissez la serviette de table que vous souhaitez personnaliser et marquez la diff\u00e9rence !<\/p>\n","protected":false},"author":1,"featured_media":0,"parent":0,"menu_order":0,"comment_status":"closed","ping_status":"closed","template":"templates\/template-products-design.php","meta":{"_acf_changed":false,"footnotes":""},"class_list":["post-29686","page","type-page","status-publish","hentry"],"acf":[],"yoast_head":"<!-- This site is optimized with the Yoast SEO plugin v27.2 - https:\/\/yoast.com\/product\/yoast-seo-wordpress\/ -->\n<title>Personnalisation | MY DRAP PROFESSIONAL<\/title>\n<meta name=\"description\" content=\"Avez-vous de personnaliser serviettes \u00e9v\u00e9nements ? Choisissez la taille et cr\u00e9ez votre design. Vous transformerez la serviette en un outil de marketing !\" \/>\n<meta name=\"robots\" content=\"index, follow, max-snippet:-1, max-image-preview:large, max-video-preview:-1\" \/>\n<link rel=\"canonical\" href=\"https:\/\/shop.mydrap-professional.com\/fr\/personnalisation\/\" \/>\n<meta property=\"og:locale\" content=\"fr_FR\" \/>\n<meta property=\"og:type\" content=\"article\" \/>\n<meta property=\"og:title\" content=\"Personnalisation | MY DRAP PROFESSIONAL\" \/>\n<meta property=\"og:description\" content=\"Avez-vous de personnaliser serviettes \u00e9v\u00e9nements ? Choisissez la taille et cr\u00e9ez votre design. Vous transformerez la serviette en un outil de marketing !\" \/>\n<meta property=\"og:url\" content=\"https:\/\/shop.mydrap-professional.com\/fr\/personnalisation\/\" \/>\n<meta property=\"og:site_name\" content=\"MY DRAP PROFESSIONAL\" \/>\n<meta property=\"article:publisher\" content=\"https:\/\/www.facebook.com\/MYdrap\" \/>\n<meta property=\"article:modified_time\" content=\"2020-04-06T09:17:28+00:00\" \/>\n<meta name=\"twitter:card\" content=\"summary_large_image\" \/>\n<script type=\"application\/ld+json\" class=\"yoast-schema-graph\">{\"@context\":\"https:\/\/schema.org\",\"@graph\":[{\"@type\":\"WebPage\",\"@id\":\"https:\/\/shop.mydrap-professional.com\/fr\/personnalisation\/\",\"url\":\"https:\/\/shop.mydrap-professional.com\/fr\/personnalisation\/\",\"name\":\"Personnalisation | MY DRAP PROFESSIONAL\",\"isPartOf\":{\"@id\":\"https:\/\/shop.mydrap-professional.com\/es\/#website\"},\"datePublished\":\"2019-02-19T09:26:34+00:00\",\"dateModified\":\"2020-04-06T09:17:28+00:00\",\"description\":\"Avez-vous de personnaliser serviettes \u00e9v\u00e9nements ? Choisissez la taille et cr\u00e9ez votre design. Vous transformerez la serviette en un outil de marketing !\",\"breadcrumb\":{\"@id\":\"https:\/\/shop.mydrap-professional.com\/fr\/personnalisation\/#breadcrumb\"},\"inLanguage\":\"fr-FR\",\"potentialAction\":[{\"@type\":\"ReadAction\",\"target\":[\"https:\/\/shop.mydrap-professional.com\/fr\/personnalisation\/\"]}]},{\"@type\":\"BreadcrumbList\",\"@id\":\"https:\/\/shop.mydrap-professional.com\/fr\/personnalisation\/#breadcrumb\",\"itemListElement\":[{\"@type\":\"ListItem\",\"position\":1,\"name\":\"Home\",\"item\":\"https:\/\/shop.mydrap-professional.com\/fr\/\"},{\"@type\":\"ListItem\",\"position\":2,\"name\":\"Personnalisation\"}]},{\"@type\":\"WebSite\",\"@id\":\"https:\/\/shop.mydrap-professional.com\/es\/#website\",\"url\":\"https:\/\/shop.mydrap-professional.com\/es\/\",\"name\":\"MY DRAP PROFESSIONAL\",\"description\":\"Les uniques serviettes de table en rouleau\",\"potentialAction\":[{\"@type\":\"SearchAction\",\"target\":{\"@type\":\"EntryPoint\",\"urlTemplate\":\"https:\/\/shop.mydrap-professional.com\/es\/?s={search_term_string}\"},\"query-input\":{\"@type\":\"PropertyValueSpecification\",\"valueRequired\":true,\"valueName\":\"search_term_string\"}}],\"inLanguage\":\"fr-FR\"}]}<\/script>\n<!-- \/ Yoast SEO plugin. -->","yoast_head_json":{"title":"Personnalisation | MY DRAP PROFESSIONAL","description":"Avez-vous de personnaliser serviettes \u00e9v\u00e9nements ? Choisissez la taille et cr\u00e9ez votre design. Vous transformerez la serviette en un outil de marketing !","robots":{"index":"index","follow":"follow","max-snippet":"max-snippet:-1","max-image-preview":"max-image-preview:large","max-video-preview":"max-video-preview:-1"},"canonical":"https:\/\/shop.mydrap-professional.com\/fr\/personnalisation\/","og_locale":"fr_FR","og_type":"article","og_title":"Personnalisation | MY DRAP PROFESSIONAL","og_description":"Avez-vous de personnaliser serviettes \u00e9v\u00e9nements ? Choisissez la taille et cr\u00e9ez votre design. Vous transformerez la serviette en un outil de marketing !","og_url":"https:\/\/shop.mydrap-professional.com\/fr\/personnalisation\/","og_site_name":"MY DRAP PROFESSIONAL","article_publisher":"https:\/\/www.facebook.com\/MYdrap","article_modified_time":"2020-04-06T09:17:28+00:00","twitter_card":"summary_large_image","schema":{"@context":"https:\/\/schema.org","@graph":[{"@type":"WebPage","@id":"https:\/\/shop.mydrap-professional.com\/fr\/personnalisation\/","url":"https:\/\/shop.mydrap-professional.com\/fr\/personnalisation\/","name":"Personnalisation | MY DRAP PROFESSIONAL","isPartOf":{"@id":"https:\/\/shop.mydrap-professional.com\/es\/#website"},"datePublished":"2019-02-19T09:26:34+00:00","dateModified":"2020-04-06T09:17:28+00:00","description":"Avez-vous de personnaliser serviettes \u00e9v\u00e9nements ? Choisissez la taille et cr\u00e9ez votre design. Vous transformerez la serviette en un outil de marketing !","breadcrumb":{"@id":"https:\/\/shop.mydrap-professional.com\/fr\/personnalisation\/#breadcrumb"},"inLanguage":"fr-FR","potentialAction":[{"@type":"ReadAction","target":["https:\/\/shop.mydrap-professional.com\/fr\/personnalisation\/"]}]},{"@type":"BreadcrumbList","@id":"https:\/\/shop.mydrap-professional.com\/fr\/personnalisation\/#breadcrumb","itemListElement":[{"@type":"ListItem","position":1,"name":"Home","item":"https:\/\/shop.mydrap-professional.com\/fr\/"},{"@type":"ListItem","position":2,"name":"Personnalisation"}]},{"@type":"WebSite","@id":"https:\/\/shop.mydrap-professional.com\/es\/#website","url":"https:\/\/shop.mydrap-professional.com\/es\/","name":"MY DRAP PROFESSIONAL","description":"Les uniques serviettes de table en rouleau","potentialAction":[{"@type":"SearchAction","target":{"@type":"EntryPoint","urlTemplate":"https:\/\/shop.mydrap-professional.com\/es\/?s={search_term_string}"},"query-input":{"@type":"PropertyValueSpecification","valueRequired":true,"valueName":"search_term_string"}}],"inLanguage":"fr-FR"}]}},"_links":{"self":[{"href":"https:\/\/shop.mydrap-professional.com\/fr\/wp-json\/wp\/v2\/pages\/29686","targetHints":{"allow":["GET"]}}],"collection":[{"href":"https:\/\/shop.mydrap-professional.com\/fr\/wp-json\/wp\/v2\/pages"}],"about":[{"href":"https:\/\/shop.mydrap-professional.com\/fr\/wp-json\/wp\/v2\/types\/page"}],"author":[{"embeddable":true,"href":"https:\/\/shop.mydrap-professional.com\/fr\/wp-json\/wp\/v2\/users\/1"}],"replies":[{"embeddable":true,"href":"https:\/\/shop.mydrap-professional.com\/fr\/wp-json\/wp\/v2\/comments?post=29686"}],"version-history":[{"count":0,"href":"https:\/\/shop.mydrap-professional.com\/fr\/wp-json\/wp\/v2\/pages\/29686\/revisions"}],"wp:attachment":[{"href":"https:\/\/shop.mydrap-professional.com\/fr\/wp-json\/wp\/v2\/media?parent=29686"}],"curies":[{"name":"wp","href":"https:\/\/api.w.org\/{rel}","templated":true}]}}