{"id":29689,"date":"2019-02-19T10:40:05","date_gmt":"2019-02-19T09:40:05","guid":{"rendered":"https:\/\/shop.mydrap-professional.com\/?page_id=29689"},"modified":"2020-04-06T11:16:42","modified_gmt":"2020-04-06T09:16:42","slug":"personnaliser","status":"publish","type":"page","link":"https:\/\/shop.mydrap-professional.com\/fr\/personnaliser\/","title":{"rendered":"Personnaliser"},"content":{"rendered":"<div class=\"wpb-content-wrapper\"><p>[vc_section][vc_row full_height=\u00a0\u00bbyes\u00a0\u00bb columns_placement=\u00a0\u00bbstretch\u00a0\u00bb equal_height=\u00a0\u00bbyes\u00a0\u00bb][vc_column][vc_row_inner][vc_column_inner width=\u00a0\u00bb1\/2&Prime;][vc_raw_html]JTNDZGl2JTNFJTBBJTBBJTNDYSUyMGhyZWYlM0QlMjclMkZmciUyRnBlcnNvbm5hbGlzYXRpb24lMkYlMjclM0UlMEElM0NwJTNFQ09NTUVOVCUyMFBFUlNPTk5BTElTRVIlM0MlMkZwJTNFJTBBJTNDcCUyMGNsYXNzJTNEJTI3cGVyc29uYWxpemFyX3VkcyUyNyUzRS0lMjA1LjAwMCUyMHVuaXQlQzMlQTlzJTNDJTJGc3BhbiUzRSUzQyUyRnAlM0UlMEElM0MlMkZhJTNFJTBBJTBBJTNDJTJGZGl2JTNF[\/vc_raw_html][\/vc_column_inner][vc_column_inner width=\u00a0\u00bb1\/2&Prime;][vc_raw_html]JTNDZGl2JTNFJTBBJTBBJTNDYSUyMGNsYXNzJTNEJTI3YmctYmxhY2stbW9iaWxlJTI3JTIwaHJlZiUzRCUyNyUyRmZyJTJGY29tbWVudC1wZXJzb25uYWxpc2VyJTJGJTI3JTNFJTBBJTNDcCUzRUNPTU1FTlQlMjBQRVJTT05OQUxJU0VSJTNDJTJGcCUzRSUwQSUzQ3AlMjBjbGFzcyUzRCUyN3BlcnNvbmFsaXphcl91ZHMlMjclM0UlMkIlMjA1LjAwMCUyMHVuaXQlQzMlQTlzJTNDJTJGc3BhbiUzRSUzQyUyRnAlM0UlMEElM0MlMkZhJTNFJTBBJTBBJTNDJTJGZGl2JTNF[\/vc_raw_html][\/vc_column_inner][\/vc_row_inner][\/vc_column][\/vc_row][\/vc_section]<\/p>\n<\/div>","protected":false},"excerpt":{"rendered":"<p>[vc_section][vc_row full_height=\u00a0\u00bbyes\u00a0\u00bb columns_placement=\u00a0\u00bbstretch\u00a0\u00bb equal_height=\u00a0\u00bbyes\u00a0\u00bb][vc_column][vc_row_inner][vc_column_inner width=\u00a0\u00bb1\/2&Prime;][vc_raw_html]JTNDZGl2JTNFJTBBJTBBJTNDYSUyMGhyZWYlM0QlMjclMkZmciUyRnBlcnNvbm5hbGlzYXRpb24lMkYlMjclM0UlMEElM0NwJTNFQ09NTUVOVCUyMFBFUlNPTk5BTElTRVIlM0MlMkZwJTNFJTBBJTNDcCUyMGNsYXNzJTNEJTI3cGVyc29uYWxpemFyX3VkcyUyNyUzRS0lMjA1LjAwMCUyMHVuaXQlQzMlQTlzJTNDJTJGc3BhbiUzRSUzQyUyRnAlM0UlMEElM0MlMkZhJTNFJTBBJTBBJTNDJTJGZGl2JTNF[\/vc_raw_html][\/vc_column_inner][vc_column_inner width=\u00a0\u00bb1\/2&Prime;][vc_raw_html]JTNDZGl2JTNFJTBBJTBBJTNDYSUyMGNsYXNzJTNEJTI3YmctYmxhY2stbW9iaWxlJTI3JTIwaHJlZiUzRCUyNyUyRmZyJTJGY29tbWVudC1wZXJzb25uYWxpc2VyJTJGJTI3JTNFJTBBJTNDcCUzRUNPTU1FTlQlMjBQRVJTT05OQUxJU0VSJTNDJTJGcCUzRSUwQSUzQ3AlMjBjbGFzcyUzRCUyN3BlcnNvbmFsaXphcl91ZHMlMjclM0UlMkIlMjA1LjAwMCUyMHVuaXQlQzMlQTlzJTNDJTJGc3BhbiUzRSUzQyUyRnAlM0UlMEElM0MlMkZhJTNFJTBBJTBBJTNDJTJGZGl2JTNF[\/vc_raw_html][\/vc_column_inner][\/vc_row_inner][\/vc_column][\/vc_row][\/vc_section]<\/p>\n","protected":false},"author":1,"featured_media":0,"parent":0,"menu_order":0,"comment_status":"closed","ping_status":"closed","template":"templates\/page-personalizar.php","meta":{"_acf_changed":false,"footnotes":""},"class_list":["post-29689","page","type-page","status-publish","hentry"],"acf":[],"yoast_head":"<!-- This site is optimized with the Yoast SEO plugin v27.2 - https:\/\/yoast.com\/product\/yoast-seo-wordpress\/ -->\n<title>Personnaliser | MY DRAP PROFESSIONAL<\/title>\n<meta name=\"description\" content=\"Avez-vous de personnaliser serviettes \u00e9v\u00e9nements ? En MY DRAP PROFESSIONAL vous pouvez personnaliser toutes les unit\u00e9s dont vous avez besoin !\" \/>\n<meta name=\"robots\" content=\"index, follow, max-snippet:-1, max-image-preview:large, max-video-preview:-1\" \/>\n<link rel=\"canonical\" href=\"https:\/\/shop.mydrap-professional.com\/fr\/personnaliser\/\" \/>\n<meta property=\"og:locale\" content=\"fr_FR\" \/>\n<meta property=\"og:type\" content=\"article\" \/>\n<meta property=\"og:title\" content=\"Personnaliser | MY DRAP PROFESSIONAL\" \/>\n<meta property=\"og:description\" content=\"Avez-vous de personnaliser serviettes \u00e9v\u00e9nements ? En MY DRAP PROFESSIONAL vous pouvez personnaliser toutes les unit\u00e9s dont vous avez besoin !\" \/>\n<meta property=\"og:url\" content=\"https:\/\/shop.mydrap-professional.com\/fr\/personnaliser\/\" \/>\n<meta property=\"og:site_name\" content=\"MY DRAP PROFESSIONAL\" \/>\n<meta property=\"article:publisher\" content=\"https:\/\/www.facebook.com\/MYdrap\" \/>\n<meta property=\"article:modified_time\" content=\"2020-04-06T09:16:42+00:00\" \/>\n<meta name=\"twitter:card\" content=\"summary_large_image\" \/>\n<script type=\"application\/ld+json\" class=\"yoast-schema-graph\">{\"@context\":\"https:\/\/schema.org\",\"@graph\":[{\"@type\":\"WebPage\",\"@id\":\"https:\/\/shop.mydrap-professional.com\/fr\/personnaliser\/\",\"url\":\"https:\/\/shop.mydrap-professional.com\/fr\/personnaliser\/\",\"name\":\"Personnaliser | MY DRAP PROFESSIONAL\",\"isPartOf\":{\"@id\":\"https:\/\/shop.mydrap-professional.com\/es\/#website\"},\"datePublished\":\"2019-02-19T09:40:05+00:00\",\"dateModified\":\"2020-04-06T09:16:42+00:00\",\"description\":\"Avez-vous de personnaliser serviettes \u00e9v\u00e9nements ? En MY DRAP PROFESSIONAL vous pouvez personnaliser toutes les unit\u00e9s dont vous avez besoin !\",\"breadcrumb\":{\"@id\":\"https:\/\/shop.mydrap-professional.com\/fr\/personnaliser\/#breadcrumb\"},\"inLanguage\":\"fr-FR\",\"potentialAction\":[{\"@type\":\"ReadAction\",\"target\":[\"https:\/\/shop.mydrap-professional.com\/fr\/personnaliser\/\"]}]},{\"@type\":\"BreadcrumbList\",\"@id\":\"https:\/\/shop.mydrap-professional.com\/fr\/personnaliser\/#breadcrumb\",\"itemListElement\":[{\"@type\":\"ListItem\",\"position\":1,\"name\":\"Home\",\"item\":\"https:\/\/shop.mydrap-professional.com\/fr\/\"},{\"@type\":\"ListItem\",\"position\":2,\"name\":\"Personnaliser\"}]},{\"@type\":\"WebSite\",\"@id\":\"https:\/\/shop.mydrap-professional.com\/es\/#website\",\"url\":\"https:\/\/shop.mydrap-professional.com\/es\/\",\"name\":\"MY DRAP PROFESSIONAL\",\"description\":\"Les uniques serviettes de table en rouleau\",\"potentialAction\":[{\"@type\":\"SearchAction\",\"target\":{\"@type\":\"EntryPoint\",\"urlTemplate\":\"https:\/\/shop.mydrap-professional.com\/es\/?s={search_term_string}\"},\"query-input\":{\"@type\":\"PropertyValueSpecification\",\"valueRequired\":true,\"valueName\":\"search_term_string\"}}],\"inLanguage\":\"fr-FR\"}]}<\/script>\n<!-- \/ Yoast SEO plugin. -->","yoast_head_json":{"title":"Personnaliser | MY DRAP PROFESSIONAL","description":"Avez-vous de personnaliser serviettes \u00e9v\u00e9nements ? En MY DRAP PROFESSIONAL vous pouvez personnaliser toutes les unit\u00e9s dont vous avez besoin !","robots":{"index":"index","follow":"follow","max-snippet":"max-snippet:-1","max-image-preview":"max-image-preview:large","max-video-preview":"max-video-preview:-1"},"canonical":"https:\/\/shop.mydrap-professional.com\/fr\/personnaliser\/","og_locale":"fr_FR","og_type":"article","og_title":"Personnaliser | MY DRAP PROFESSIONAL","og_description":"Avez-vous de personnaliser serviettes \u00e9v\u00e9nements ? En MY DRAP PROFESSIONAL vous pouvez personnaliser toutes les unit\u00e9s dont vous avez besoin !","og_url":"https:\/\/shop.mydrap-professional.com\/fr\/personnaliser\/","og_site_name":"MY DRAP PROFESSIONAL","article_publisher":"https:\/\/www.facebook.com\/MYdrap","article_modified_time":"2020-04-06T09:16:42+00:00","twitter_card":"summary_large_image","schema":{"@context":"https:\/\/schema.org","@graph":[{"@type":"WebPage","@id":"https:\/\/shop.mydrap-professional.com\/fr\/personnaliser\/","url":"https:\/\/shop.mydrap-professional.com\/fr\/personnaliser\/","name":"Personnaliser | MY DRAP PROFESSIONAL","isPartOf":{"@id":"https:\/\/shop.mydrap-professional.com\/es\/#website"},"datePublished":"2019-02-19T09:40:05+00:00","dateModified":"2020-04-06T09:16:42+00:00","description":"Avez-vous de personnaliser serviettes \u00e9v\u00e9nements ? En MY DRAP PROFESSIONAL vous pouvez personnaliser toutes les unit\u00e9s dont vous avez besoin !","breadcrumb":{"@id":"https:\/\/shop.mydrap-professional.com\/fr\/personnaliser\/#breadcrumb"},"inLanguage":"fr-FR","potentialAction":[{"@type":"ReadAction","target":["https:\/\/shop.mydrap-professional.com\/fr\/personnaliser\/"]}]},{"@type":"BreadcrumbList","@id":"https:\/\/shop.mydrap-professional.com\/fr\/personnaliser\/#breadcrumb","itemListElement":[{"@type":"ListItem","position":1,"name":"Home","item":"https:\/\/shop.mydrap-professional.com\/fr\/"},{"@type":"ListItem","position":2,"name":"Personnaliser"}]},{"@type":"WebSite","@id":"https:\/\/shop.mydrap-professional.com\/es\/#website","url":"https:\/\/shop.mydrap-professional.com\/es\/","name":"MY DRAP PROFESSIONAL","description":"Les uniques serviettes de table en rouleau","potentialAction":[{"@type":"SearchAction","target":{"@type":"EntryPoint","urlTemplate":"https:\/\/shop.mydrap-professional.com\/es\/?s={search_term_string}"},"query-input":{"@type":"PropertyValueSpecification","valueRequired":true,"valueName":"search_term_string"}}],"inLanguage":"fr-FR"}]}},"_links":{"self":[{"href":"https:\/\/shop.mydrap-professional.com\/fr\/wp-json\/wp\/v2\/pages\/29689","targetHints":{"allow":["GET"]}}],"collection":[{"href":"https:\/\/shop.mydrap-professional.com\/fr\/wp-json\/wp\/v2\/pages"}],"about":[{"href":"https:\/\/shop.mydrap-professional.com\/fr\/wp-json\/wp\/v2\/types\/page"}],"author":[{"embeddable":true,"href":"https:\/\/shop.mydrap-professional.com\/fr\/wp-json\/wp\/v2\/users\/1"}],"replies":[{"embeddable":true,"href":"https:\/\/shop.mydrap-professional.com\/fr\/wp-json\/wp\/v2\/comments?post=29689"}],"version-history":[{"count":0,"href":"https:\/\/shop.mydrap-professional.com\/fr\/wp-json\/wp\/v2\/pages\/29689\/revisions"}],"wp:attachment":[{"href":"https:\/\/shop.mydrap-professional.com\/fr\/wp-json\/wp\/v2\/media?parent=29689"}],"curies":[{"name":"wp","href":"https:\/\/api.w.org\/{rel}","templated":true}]}}