{"id":4733,"date":"2017-01-02T11:31:59","date_gmt":"2017-01-02T11:31:59","guid":{"rendered":"https:\/\/shop.mydrap-professional.com\/?page_id=4733\/"},"modified":"2020-04-06T11:07:30","modified_gmt":"2020-04-06T09:07:30","slug":"accueil-2","status":"publish","type":"page","link":"https:\/\/shop.mydrap-professional.com\/fr\/","title":{"rendered":"Accueil"},"content":{"rendered":"<div class=\"wpb-content-wrapper\"><p>[vc_section css=\u00a0\u00bb.vc_custom_1482325655475{padding-top: 60px !important;}\u00a0\u00bb][vc_row el_class=\u00a0\u00bbrow-full\u00a0\u00bb][vc_column width=\u00a0\u00bb1\/2&Prime;][vc_column_text]Le d\u00e9tail qui fait la diff\u00e9rence[\/vc_column_text][\/vc_column][vc_column width=\u00a0\u00bb1\/2&Prime;][vc_single_image image=\u00a0\u00bb642&Prime; img_size=\u00a0\u00bbfull\u00a0\u00bb alignment=\u00a0\u00bbcenter\u00a0\u00bb][\/vc_column][\/vc_row][\/vc_section]<\/p>\n<\/div>","protected":false},"excerpt":{"rendered":"<p>[vc_section css=\u00a0\u00bb.vc_custom_1482325655475{padding-top: 60px !important;}\u00a0\u00bb][vc_row el_class=\u00a0\u00bbrow-full\u00a0\u00bb][vc_column width=\u00a0\u00bb1\/2&Prime;][vc_column_text]Le d\u00e9tail qui fait la diff\u00e9rence[\/vc_column_text][\/vc_column][vc_column width=\u00a0\u00bb1\/2&Prime;][vc_single_image image=\u00a0\u00bb642&Prime; img_size=\u00a0\u00bbfull\u00a0\u00bb alignment=\u00a0\u00bbcenter\u00a0\u00bb][\/vc_column][\/vc_row][\/vc_section]<\/p>\n","protected":false},"author":1,"featured_media":0,"parent":0,"menu_order":0,"comment_status":"closed","ping_status":"closed","template":"","meta":{"_acf_changed":false,"footnotes":""},"class_list":["post-4733","page","type-page","status-publish","hentry"],"acf":[],"yoast_head":"<!-- This site is optimized with the Yoast SEO plugin v27.2 - https:\/\/yoast.com\/product\/yoast-seo-wordpress\/ -->\n<title>Accueil | MY DRAP PROFESSIONAL<\/title>\n<meta name=\"description\" content=\"Serviettes \u00e9v\u00e9nements, serviettes de table et chemins de table \u00e0 usage unique et pr\u00e9d\u00e9coup\u00e9s. Visitez le site Web de MY DRAP PROFESSIONAL et d\u00e9couvrez-les !\" \/>\n<meta name=\"robots\" content=\"index, follow, max-snippet:-1, max-image-preview:large, max-video-preview:-1\" \/>\n<link rel=\"canonical\" href=\"https:\/\/shop.mydrap-professional.com\/fr\/\" \/>\n<meta property=\"og:locale\" content=\"fr_FR\" \/>\n<meta property=\"og:type\" content=\"article\" \/>\n<meta property=\"og:title\" content=\"Accueil | MY DRAP PROFESSIONAL\" \/>\n<meta property=\"og:description\" content=\"Serviettes \u00e9v\u00e9nements, serviettes de table et chemins de table \u00e0 usage unique et pr\u00e9d\u00e9coup\u00e9s. Visitez le site Web de MY DRAP PROFESSIONAL et d\u00e9couvrez-les !\" \/>\n<meta property=\"og:url\" content=\"https:\/\/shop.mydrap-professional.com\/fr\/\" \/>\n<meta property=\"og:site_name\" content=\"MY DRAP PROFESSIONAL\" \/>\n<meta property=\"article:publisher\" content=\"https:\/\/www.facebook.com\/MYdrap\" \/>\n<meta property=\"article:modified_time\" content=\"2020-04-06T09:07:30+00:00\" \/>\n<meta name=\"twitter:card\" content=\"summary_large_image\" \/>\n<script type=\"application\/ld+json\" class=\"yoast-schema-graph\">{\"@context\":\"https:\/\/schema.org\",\"@graph\":[{\"@type\":\"WebPage\",\"@id\":\"https:\/\/shop.mydrap-professional.com\/fr\/\",\"url\":\"https:\/\/shop.mydrap-professional.com\/fr\/\",\"name\":\"Accueil | MY DRAP PROFESSIONAL\",\"isPartOf\":{\"@id\":\"https:\/\/shop.mydrap-professional.com\/es\/#website\"},\"datePublished\":\"2017-01-02T11:31:59+00:00\",\"dateModified\":\"2020-04-06T09:07:30+00:00\",\"description\":\"Serviettes \u00e9v\u00e9nements, serviettes de table et chemins de table \u00e0 usage unique et pr\u00e9d\u00e9coup\u00e9s. Visitez le site Web de MY DRAP PROFESSIONAL et d\u00e9couvrez-les !\",\"breadcrumb\":{\"@id\":\"https:\/\/shop.mydrap-professional.com\/fr\/#breadcrumb\"},\"inLanguage\":\"fr-FR\",\"potentialAction\":[{\"@type\":\"ReadAction\",\"target\":[\"https:\/\/shop.mydrap-professional.com\/fr\/\"]}]},{\"@type\":\"BreadcrumbList\",\"@id\":\"https:\/\/shop.mydrap-professional.com\/fr\/#breadcrumb\",\"itemListElement\":[{\"@type\":\"ListItem\",\"position\":1,\"name\":\"Home\",\"item\":\"https:\/\/shop.mydrap-professional.com\/fr\/\"},{\"@type\":\"ListItem\",\"position\":2,\"name\":\"Accueil\"}]},{\"@type\":\"WebSite\",\"@id\":\"https:\/\/shop.mydrap-professional.com\/es\/#website\",\"url\":\"https:\/\/shop.mydrap-professional.com\/es\/\",\"name\":\"MY DRAP PROFESSIONAL\",\"description\":\"Les uniques serviettes de table en rouleau\",\"potentialAction\":[{\"@type\":\"SearchAction\",\"target\":{\"@type\":\"EntryPoint\",\"urlTemplate\":\"https:\/\/shop.mydrap-professional.com\/es\/?s={search_term_string}\"},\"query-input\":{\"@type\":\"PropertyValueSpecification\",\"valueRequired\":true,\"valueName\":\"search_term_string\"}}],\"inLanguage\":\"fr-FR\"}]}<\/script>\n<!-- \/ Yoast SEO plugin. -->","yoast_head_json":{"title":"Accueil | MY DRAP PROFESSIONAL","description":"Serviettes \u00e9v\u00e9nements, serviettes de table et chemins de table \u00e0 usage unique et pr\u00e9d\u00e9coup\u00e9s. Visitez le site Web de MY DRAP PROFESSIONAL et d\u00e9couvrez-les !","robots":{"index":"index","follow":"follow","max-snippet":"max-snippet:-1","max-image-preview":"max-image-preview:large","max-video-preview":"max-video-preview:-1"},"canonical":"https:\/\/shop.mydrap-professional.com\/fr\/","og_locale":"fr_FR","og_type":"article","og_title":"Accueil | MY DRAP PROFESSIONAL","og_description":"Serviettes \u00e9v\u00e9nements, serviettes de table et chemins de table \u00e0 usage unique et pr\u00e9d\u00e9coup\u00e9s. Visitez le site Web de MY DRAP PROFESSIONAL et d\u00e9couvrez-les !","og_url":"https:\/\/shop.mydrap-professional.com\/fr\/","og_site_name":"MY DRAP PROFESSIONAL","article_publisher":"https:\/\/www.facebook.com\/MYdrap","article_modified_time":"2020-04-06T09:07:30+00:00","twitter_card":"summary_large_image","schema":{"@context":"https:\/\/schema.org","@graph":[{"@type":"WebPage","@id":"https:\/\/shop.mydrap-professional.com\/fr\/","url":"https:\/\/shop.mydrap-professional.com\/fr\/","name":"Accueil | MY DRAP PROFESSIONAL","isPartOf":{"@id":"https:\/\/shop.mydrap-professional.com\/es\/#website"},"datePublished":"2017-01-02T11:31:59+00:00","dateModified":"2020-04-06T09:07:30+00:00","description":"Serviettes \u00e9v\u00e9nements, serviettes de table et chemins de table \u00e0 usage unique et pr\u00e9d\u00e9coup\u00e9s. Visitez le site Web de MY DRAP PROFESSIONAL et d\u00e9couvrez-les !","breadcrumb":{"@id":"https:\/\/shop.mydrap-professional.com\/fr\/#breadcrumb"},"inLanguage":"fr-FR","potentialAction":[{"@type":"ReadAction","target":["https:\/\/shop.mydrap-professional.com\/fr\/"]}]},{"@type":"BreadcrumbList","@id":"https:\/\/shop.mydrap-professional.com\/fr\/#breadcrumb","itemListElement":[{"@type":"ListItem","position":1,"name":"Home","item":"https:\/\/shop.mydrap-professional.com\/fr\/"},{"@type":"ListItem","position":2,"name":"Accueil"}]},{"@type":"WebSite","@id":"https:\/\/shop.mydrap-professional.com\/es\/#website","url":"https:\/\/shop.mydrap-professional.com\/es\/","name":"MY DRAP PROFESSIONAL","description":"Les uniques serviettes de table en rouleau","potentialAction":[{"@type":"SearchAction","target":{"@type":"EntryPoint","urlTemplate":"https:\/\/shop.mydrap-professional.com\/es\/?s={search_term_string}"},"query-input":{"@type":"PropertyValueSpecification","valueRequired":true,"valueName":"search_term_string"}}],"inLanguage":"fr-FR"}]}},"_links":{"self":[{"href":"https:\/\/shop.mydrap-professional.com\/fr\/wp-json\/wp\/v2\/pages\/4733","targetHints":{"allow":["GET"]}}],"collection":[{"href":"https:\/\/shop.mydrap-professional.com\/fr\/wp-json\/wp\/v2\/pages"}],"about":[{"href":"https:\/\/shop.mydrap-professional.com\/fr\/wp-json\/wp\/v2\/types\/page"}],"author":[{"embeddable":true,"href":"https:\/\/shop.mydrap-professional.com\/fr\/wp-json\/wp\/v2\/users\/1"}],"replies":[{"embeddable":true,"href":"https:\/\/shop.mydrap-professional.com\/fr\/wp-json\/wp\/v2\/comments?post=4733"}],"version-history":[{"count":0,"href":"https:\/\/shop.mydrap-professional.com\/fr\/wp-json\/wp\/v2\/pages\/4733\/revisions"}],"wp:attachment":[{"href":"https:\/\/shop.mydrap-professional.com\/fr\/wp-json\/wp\/v2\/media?parent=4733"}],"curies":[{"name":"wp","href":"https:\/\/api.w.org\/{rel}","templated":true}]}}