{"id":8040,"date":"2016-12-27T11:16:53","date_gmt":"2016-12-27T11:16:53","guid":{"rendered":"https:\/\/shop.mydrap-professional.com\/metodos-de-pago\/"},"modified":"2018-04-03T09:26:49","modified_gmt":"2018-04-03T07:26:49","slug":"modalites-de-paiement","status":"publish","type":"page","link":"https:\/\/shop.mydrap-professional.com\/fr\/modalites-de-paiement\/","title":{"rendered":"Modalit\u00e9s de paiement"},"content":{"rendered":"<div class=\"wpb-content-wrapper\"><p>[vc_row][vc_column][vc_column_text]Le paiement pourra \u00eatre r\u00e9alis\u00e9 par virement bancaire sur le compte titulaire de l\u2019entreprise BANCO SABADELL ES69 0081 5098 6700 0136 6047 ou par carte de cr\u00e9dit \u00e0 travers la passerelle de paiement REDSYS.<\/p>\n<p>En cas de paiement par virement bancaire, la commande ne sera pas trait\u00e9e tant que le montant total de celle-ci ne sera pas vers\u00e9 sur ledit compte.<\/p>\n<p>Le paiement par carte bancaire sera r\u00e9alis\u00e9 \u00e0 travers une passerelle de paiement g\u00e9r\u00e9e par la plateforme REDSYS avec un serveur s\u00fbr certifi\u00e9 selon le protocole SSL. Les donn\u00e9es bancaires saisies sont transmises chiffr\u00e9es, de mani\u00e8re s\u00fbre, aux services de l\u2019\u00e9tablissement bancaire, puis elles sont v\u00e9rifi\u00e9es aupr\u00e8s de la banque \u00e9mettrice afin d\u2019\u00e9viter d\u2019\u00e9ventuelles fraudes et abus. MY DRAP ne dispose pas des donn\u00e9es bancaires ni des donn\u00e9es de la carte de cr\u00e9dit ou de d\u00e9bit utilis\u00e9e par l\u2019utilisateur pour r\u00e9aliser son achat.<\/p>\n<p>Lorsque le montant de l\u2019achat sera d\u00e9bit\u00e9 du compte de mani\u00e8re frauduleuse ou indue en utilisant le num\u00e9ro de carte de paiement, l\u2019acheteur sera en droit d\u2019exiger l\u2019annulation imm\u00e9diate du d\u00e9bit. Cependant, si l\u2019achat a \u00e9t\u00e9 effectivement r\u00e9alis\u00e9 par l\u2019acheteur titulaire de la carte de paiement et que la demande de restitution ne r\u00e9sulterait pas de l\u2019exercice du droit de r\u00e9tractation ou de r\u00e9solution, celui-ci aura l\u2019obligation de r\u00e9parer les dommages et les pr\u00e9judices d\u00e9coulant de ladite annulation aupr\u00e8s de l\u2019entreprise.<\/p>\n<p>Une fois que le moyen de paiement a \u00e9t\u00e9 s\u00e9lectionn\u00e9 et que la proc\u00e9dure d\u2019achat est termin\u00e9e, MY DRAP enverra toujours un courrier \u00e9lectronique \u00e0 l\u2019utilisateur pour confirmer la commande. Par ailleurs, l\u2019utilisateur pourra visualiser le ticket ou justificatif d\u2019achat correspondant \u00e0 sa commande, qui sera disponible dans la section \u00ab Mon compte \u00bb, \u00ab Commandes \u00bb de notre site Web. [\/vc_column_text][\/vc_column][\/vc_row]<\/p>\n<\/div>","protected":false},"excerpt":{"rendered":"<p>[vc_row][vc_column][vc_column_text]Le paiement pourra \u00eatre r\u00e9alis\u00e9 par virement bancaire sur le compte titulaire de l\u2019entreprise BANCO SABADELL ES69 0081 5098 6700 0136 6047 ou par carte de cr\u00e9dit \u00e0 travers la passerelle de paiement REDSYS. En cas de paiement par virement bancaire, la commande ne sera pas trait\u00e9e tant que le montant total de celle-ci ne [&hellip;]<\/p>\n","protected":false},"author":1,"featured_media":0,"parent":0,"menu_order":0,"comment_status":"closed","ping_status":"closed","template":"templates\/page-one-column.php","meta":{"_acf_changed":false,"footnotes":""},"class_list":["post-8040","page","type-page","status-publish","hentry"],"acf":[],"yoast_head":"<!-- This site is optimized with the Yoast SEO plugin v27.2 - https:\/\/yoast.com\/product\/yoast-seo-wordpress\/ -->\n<title>Modalit\u00e9s de paiement | MY DRAP PROFESSIONAL<\/title>\n<meta name=\"description\" content=\"Vous pouvez effectuer votre paiement avec une carte de cr\u00e9dit ou de d\u00e9bit (Visa, Mastercard, Visa d\u00e9bit et American Express) ou avec PayPal.\" \/>\n<meta name=\"robots\" content=\"index, follow, max-snippet:-1, max-image-preview:large, max-video-preview:-1\" \/>\n<link rel=\"canonical\" href=\"https:\/\/shop.mydrap-professional.com\/fr\/modalites-de-paiement\/\" \/>\n<meta property=\"og:locale\" content=\"fr_FR\" \/>\n<meta property=\"og:type\" content=\"article\" \/>\n<meta property=\"og:title\" content=\"Modalit\u00e9s de paiement | MY DRAP PROFESSIONAL\" \/>\n<meta property=\"og:description\" content=\"Vous pouvez effectuer votre paiement avec une carte de cr\u00e9dit ou de d\u00e9bit (Visa, Mastercard, Visa d\u00e9bit et American Express) ou avec PayPal.\" \/>\n<meta property=\"og:url\" content=\"https:\/\/shop.mydrap-professional.com\/fr\/modalites-de-paiement\/\" \/>\n<meta property=\"og:site_name\" content=\"MY DRAP PROFESSIONAL\" \/>\n<meta property=\"article:publisher\" content=\"https:\/\/www.facebook.com\/MYdrap\" \/>\n<meta property=\"article:modified_time\" content=\"2018-04-03T07:26:49+00:00\" \/>\n<meta name=\"twitter:card\" content=\"summary_large_image\" \/>\n<meta name=\"twitter:label1\" content=\"Dur\u00e9e de lecture estim\u00e9e\" \/>\n\t<meta name=\"twitter:data1\" content=\"2 minutes\" \/>\n<script type=\"application\/ld+json\" class=\"yoast-schema-graph\">{\"@context\":\"https:\/\/schema.org\",\"@graph\":[{\"@type\":\"WebPage\",\"@id\":\"https:\/\/shop.mydrap-professional.com\/fr\/modalites-de-paiement\/\",\"url\":\"https:\/\/shop.mydrap-professional.com\/fr\/modalites-de-paiement\/\",\"name\":\"Modalit\u00e9s de paiement | MY DRAP PROFESSIONAL\",\"isPartOf\":{\"@id\":\"https:\/\/shop.mydrap-professional.com\/es\/#website\"},\"datePublished\":\"2016-12-27T11:16:53+00:00\",\"dateModified\":\"2018-04-03T07:26:49+00:00\",\"description\":\"Vous pouvez effectuer votre paiement avec une carte de cr\u00e9dit ou de d\u00e9bit (Visa, Mastercard, Visa d\u00e9bit et American Express) ou avec PayPal.\",\"breadcrumb\":{\"@id\":\"https:\/\/shop.mydrap-professional.com\/fr\/modalites-de-paiement\/#breadcrumb\"},\"inLanguage\":\"fr-FR\",\"potentialAction\":[{\"@type\":\"ReadAction\",\"target\":[\"https:\/\/shop.mydrap-professional.com\/fr\/modalites-de-paiement\/\"]}]},{\"@type\":\"BreadcrumbList\",\"@id\":\"https:\/\/shop.mydrap-professional.com\/fr\/modalites-de-paiement\/#breadcrumb\",\"itemListElement\":[{\"@type\":\"ListItem\",\"position\":1,\"name\":\"Home\",\"item\":\"https:\/\/shop.mydrap-professional.com\/fr\/\"},{\"@type\":\"ListItem\",\"position\":2,\"name\":\"Modalit\u00e9s de paiement\"}]},{\"@type\":\"WebSite\",\"@id\":\"https:\/\/shop.mydrap-professional.com\/es\/#website\",\"url\":\"https:\/\/shop.mydrap-professional.com\/es\/\",\"name\":\"MY DRAP PROFESSIONAL\",\"description\":\"Les uniques serviettes de table en rouleau\",\"potentialAction\":[{\"@type\":\"SearchAction\",\"target\":{\"@type\":\"EntryPoint\",\"urlTemplate\":\"https:\/\/shop.mydrap-professional.com\/es\/?s={search_term_string}\"},\"query-input\":{\"@type\":\"PropertyValueSpecification\",\"valueRequired\":true,\"valueName\":\"search_term_string\"}}],\"inLanguage\":\"fr-FR\"}]}<\/script>\n<!-- \/ Yoast SEO plugin. -->","yoast_head_json":{"title":"Modalit\u00e9s de paiement | MY DRAP PROFESSIONAL","description":"Vous pouvez effectuer votre paiement avec une carte de cr\u00e9dit ou de d\u00e9bit (Visa, Mastercard, Visa d\u00e9bit et American Express) ou avec PayPal.","robots":{"index":"index","follow":"follow","max-snippet":"max-snippet:-1","max-image-preview":"max-image-preview:large","max-video-preview":"max-video-preview:-1"},"canonical":"https:\/\/shop.mydrap-professional.com\/fr\/modalites-de-paiement\/","og_locale":"fr_FR","og_type":"article","og_title":"Modalit\u00e9s de paiement | MY DRAP PROFESSIONAL","og_description":"Vous pouvez effectuer votre paiement avec une carte de cr\u00e9dit ou de d\u00e9bit (Visa, Mastercard, Visa d\u00e9bit et American Express) ou avec PayPal.","og_url":"https:\/\/shop.mydrap-professional.com\/fr\/modalites-de-paiement\/","og_site_name":"MY DRAP PROFESSIONAL","article_publisher":"https:\/\/www.facebook.com\/MYdrap","article_modified_time":"2018-04-03T07:26:49+00:00","twitter_card":"summary_large_image","twitter_misc":{"Dur\u00e9e de lecture estim\u00e9e":"2 minutes"},"schema":{"@context":"https:\/\/schema.org","@graph":[{"@type":"WebPage","@id":"https:\/\/shop.mydrap-professional.com\/fr\/modalites-de-paiement\/","url":"https:\/\/shop.mydrap-professional.com\/fr\/modalites-de-paiement\/","name":"Modalit\u00e9s de paiement | MY DRAP PROFESSIONAL","isPartOf":{"@id":"https:\/\/shop.mydrap-professional.com\/es\/#website"},"datePublished":"2016-12-27T11:16:53+00:00","dateModified":"2018-04-03T07:26:49+00:00","description":"Vous pouvez effectuer votre paiement avec une carte de cr\u00e9dit ou de d\u00e9bit (Visa, Mastercard, Visa d\u00e9bit et American Express) ou avec PayPal.","breadcrumb":{"@id":"https:\/\/shop.mydrap-professional.com\/fr\/modalites-de-paiement\/#breadcrumb"},"inLanguage":"fr-FR","potentialAction":[{"@type":"ReadAction","target":["https:\/\/shop.mydrap-professional.com\/fr\/modalites-de-paiement\/"]}]},{"@type":"BreadcrumbList","@id":"https:\/\/shop.mydrap-professional.com\/fr\/modalites-de-paiement\/#breadcrumb","itemListElement":[{"@type":"ListItem","position":1,"name":"Home","item":"https:\/\/shop.mydrap-professional.com\/fr\/"},{"@type":"ListItem","position":2,"name":"Modalit\u00e9s de paiement"}]},{"@type":"WebSite","@id":"https:\/\/shop.mydrap-professional.com\/es\/#website","url":"https:\/\/shop.mydrap-professional.com\/es\/","name":"MY DRAP PROFESSIONAL","description":"Les uniques serviettes de table en rouleau","potentialAction":[{"@type":"SearchAction","target":{"@type":"EntryPoint","urlTemplate":"https:\/\/shop.mydrap-professional.com\/es\/?s={search_term_string}"},"query-input":{"@type":"PropertyValueSpecification","valueRequired":true,"valueName":"search_term_string"}}],"inLanguage":"fr-FR"}]}},"_links":{"self":[{"href":"https:\/\/shop.mydrap-professional.com\/fr\/wp-json\/wp\/v2\/pages\/8040","targetHints":{"allow":["GET"]}}],"collection":[{"href":"https:\/\/shop.mydrap-professional.com\/fr\/wp-json\/wp\/v2\/pages"}],"about":[{"href":"https:\/\/shop.mydrap-professional.com\/fr\/wp-json\/wp\/v2\/types\/page"}],"author":[{"embeddable":true,"href":"https:\/\/shop.mydrap-professional.com\/fr\/wp-json\/wp\/v2\/users\/1"}],"replies":[{"embeddable":true,"href":"https:\/\/shop.mydrap-professional.com\/fr\/wp-json\/wp\/v2\/comments?post=8040"}],"version-history":[{"count":0,"href":"https:\/\/shop.mydrap-professional.com\/fr\/wp-json\/wp\/v2\/pages\/8040\/revisions"}],"wp:attachment":[{"href":"https:\/\/shop.mydrap-professional.com\/fr\/wp-json\/wp\/v2\/media?parent=8040"}],"curies":[{"name":"wp","href":"https:\/\/api.w.org\/{rel}","templated":true}]}}