{"id":8043,"date":"2016-12-27T11:12:43","date_gmt":"2016-12-27T11:12:43","guid":{"rendered":"https:\/\/shop.mydrap-professional.com\/politica-de-privacidad-de-datos\/"},"modified":"2018-04-23T14:23:29","modified_gmt":"2018-04-23T12:23:29","slug":"politique-confidentialite-des-donnees","status":"publish","type":"page","link":"https:\/\/shop.mydrap-professional.com\/fr\/politique-confidentialite-des-donnees\/","title":{"rendered":"Politique de confidentialit\u00e9"},"content":{"rendered":"<div class=\"wpb-content-wrapper\"><p>[vc_row][vc_column][vc_column_text]<\/p>\n<h3>POLITIQUE DE CONFIDENTIALIT\u00c9<\/h3>\n<p><strong>TEXIA SEAMLESS, S.L.\u00a0<\/strong>(ci-apr\u00e8s d\u00e9sign\u00e9e MY DRAP) s\u2019engage \u00e0 respecter la vie priv\u00e9e de ses utilisateurs et \u00e0 prot\u00e9ger les donn\u00e9es \u00e0 caract\u00e8re personnel que ceux-ci pourraient lui fournir \u00e0 travers les formulaires publi\u00e9s sur son site Web ou transmis par un quelconque moyen de contact li\u00e9 \u00e0 celui-ci.<\/p>\n<p>L\u2019utilisateur donne son accord express et sans \u00e9quivoque pour que ses donn\u00e9es \u00e0 caract\u00e8re personnel, fournies \u00e0 travers les communications avec MY DRAP, soient incorpor\u00e9es dans des fichiers appartenant \u00e0 celle-ci, et qu\u2019elles soient soumises \u00e0 un traitement automatis\u00e9 \u2013 ou non \u2013, avec les finalit\u00e9s suivantes :<\/p>\n<ul>\n<li>Gestion du motif de son contact ;<\/li>\n<li>Prestation du service qui lui a \u00e9t\u00e9 demand\u00e9 ;<\/li>\n<li>Gestion administrative, comptable et fiscale ;<\/li>\n<li>Envoi de communications commerciales, promotionnelles ou publicitaires, y compris ses bulletins d\u2019informations \u00e9lectroniques ou Newsletters dans les conditions stipul\u00e9es dans la section correspondante.<\/li>\n<\/ul>\n<p>Nous informons l\u2019utilisateur que l\u2019accord pr\u00e9cit\u00e9 vaut \u00e9galement pour la cession ou la communication des donn\u00e9es incorpor\u00e9es dans les fichiers aux soci\u00e9t\u00e9s li\u00e9es au groupe TEXIA GUASCH GROUP, S.L. et, plus particuli\u00e8rement, \u00e0 la soci\u00e9t\u00e9 TEXIA SEAMLESS, S.L., afin que celles-ci puissent traiter les donn\u00e9es \u00e0 caract\u00e8re personnel de l\u2019utilisateur avec les m\u00eames finalit\u00e9s que celles susvis\u00e9es.<\/p>\n<p>MY DRAP informe ses utilisateurs qu\u2019elle a pris toutes les mesures de s\u00e9curit\u00e9 d\u2019ordre technique et d\u2019organisation n\u00e9cessaires pour garantir la s\u00e9curit\u00e9 et l\u2019int\u00e9grit\u00e9 des donn\u00e9es, ainsi que pour pr\u00e9venir la perte, le mauvais usage ou l\u2019acc\u00e8s non autoris\u00e9 de celles-ci, conform\u00e9ment \u00e0 la l\u00e9gislation en vigueur en mati\u00e8re de protection des donn\u00e9es, en tenant compte de l\u2019\u00e9tat de la technologie et de la nature des donn\u00e9es stock\u00e9es.<\/p>\n<p>Les utilisateurs peuvent r\u00e9voquer ledit accord, et exercer leurs droits d\u2019acc\u00e8s, de rectification, de suppression et de portabilit\u00e9 de leurs donn\u00e9es ; et de limitation ou d\u2019opposition \u00e0 leur traitement, tels que pr\u00e9vus dans le R\u00e8glement g\u00e9n\u00e9ral sur la protection des donn\u00e9es (RGPD) de la CE et dans la loi organique 15\/1999 du 13 d\u00e9cembre relative \u00e0 la protection des donn\u00e9es \u00e0 caract\u00e8re personnel (LOPD), en envoyant un courrier \u00e0 l\u2019adresse postale du si\u00e8ge social de TEXIA SEAMLESS, S.L., S.L. \u00e0 Pol\u00edgono Industrial El Mas s\/n, MONISTROL DE MONTSERRAT, E-08691 Barcelone (Espagne), ou un courrier \u00e9lectronique \u00e0 <a href=\"mailto:rolldrap.lopd@rolldrap.com\">rolldrap.lopd@rolldrap.com<\/a>, en joignant dans les deux cas une photocopie de leur carte nationale d\u2019identit\u00e9 ou de toute autre pi\u00e8ce d\u2019identit\u00e9 similaire.<\/p>\n<p>L\u2019utilisateur a le droit de porter plainte aupr\u00e8s de l\u2019<a href=\"http:\/\/www.agpd.es\/portalwebAGPD\/index-ides-idphp.php\">Agence espagnole de protection des donn\u00e9es<\/a>, s\u2019il consid\u00e8re que les droits pr\u00e9cit\u00e9s dans la pr\u00e9sente politique de confidentialit\u00e9 ne sont pas respect\u00e9s ou que le traitement des donn\u00e9es personnelles le concernant enfreint le r\u00e8glement (UE) 2016\/679 du Parlement europ\u00e9en et du Conseil du 27 avril 2016, ainsi que la loi organique 15\/1999 du 13 d\u00e9cembre relative \u00e0 la protection des donn\u00e9es \u00e0 caract\u00e8re personnel et son r\u00e8glement d\u2019application.<\/p>\n<h4>R\u00c9SEAUX SOCIAUX<\/h4>\n<p>Actuellement, MY DRAP est pr\u00e9sente sur les principaux r\u00e9seaux sociaux, notamment Facebook et Instagram. En cons\u00e9quence, elle assume la responsabilit\u00e9 du traitement des donn\u00e9es publi\u00e9es sur ses profils \u00e0 travers les amis, j\u2019aime, followers ou fans, commentaires, etc.<\/p>\n<p>L\u2019utilisateur accepte express\u00e9ment la politique de confidentialit\u00e9 des diff\u00e9rents r\u00e9seaux sociaux ou plateformes sur lesquels MY DRAP est pr\u00e9sente, autorisant celle-ci \u00e0 utiliser les moyens mis \u00e0 disposition par lesdits r\u00e9seaux pour informer les utilisateurs sur les diff\u00e9rentes activit\u00e9s et les services qu\u2019elle propose.<\/p>\n<h4>NEWSLETTER<\/h4>\n<p>MY DRAP offre aux utilisateurs, \u00e0 titre gr\u00e2cieux, un service de bulletin d\u2019informations \u00e9lectronique ou Newsletter qui consiste \u00e0 envoyer r\u00e9guli\u00e8rement des informations d\u2019actualit\u00e9 et des communications commerciales concernant TEXIA SEAMLESS, S.L.<\/p>\n<p><a href=\"http:\/\/mailchimp.com\">mailchimp.com<\/a>, qui assurera la prestation de ce service, g\u00e9rera la souscription des utilisateurs, l\u2019envoi du bulletin d\u2019informations \u00e9lectronique et l\u2019annulation des souscriptions. L\u2019utilisateur pourra se d\u00e9sinscrire du service \u00e0 tout moment en cliquant sur le lien qui figure au bas du message de mise \u00e0 jour qu\u2019il re\u00e7oit par courrier \u00e9lectronique ou en exer\u00e7ant son droit d\u2019annulation ou d\u2019opposition aupr\u00e8s de\u00a0TEXIA SEAMLESS, S.L. de la m\u00eame mani\u00e8re que pour la protection des donn\u00e9es.<\/p>\n<h4>MODIFICATIONS<\/h4>\n<p>La pr\u00e9sente politique de confidentialit\u00e9 pourra \u00eatre mise \u00e0 jour \u00e0 tout moment en fonction des besoins particuliers du site Web et des changements l\u00e9gislatifs futurs en mati\u00e8re de confidentialit\u00e9, TEXIA SEAMLESS, S.L. se r\u00e9servant ce droit en exclusivit\u00e9.<\/p>\n<h4>DONN\u00c9ES DE CONTACT<\/h4>\n<p><strong>TEXIA SEAMLESS, S.L.<\/strong><br \/>\nPol\u00edgono Industrial El Mas s\/n<br \/>\nE-08691 Monistrol de Montserrat<br \/>\nBarcelone (Espagne)[\/vc_column_text][\/vc_column][\/vc_row]<\/p>\n<\/div>","protected":false},"excerpt":{"rendered":"<p>[vc_row][vc_column][vc_column_text] POLITIQUE DE CONFIDENTIALIT\u00c9 TEXIA SEAMLESS, S.L.\u00a0(ci-apr\u00e8s d\u00e9sign\u00e9e MY DRAP) s\u2019engage \u00e0 respecter la vie priv\u00e9e de ses utilisateurs et \u00e0 prot\u00e9ger les donn\u00e9es \u00e0 caract\u00e8re personnel que ceux-ci pourraient lui fournir \u00e0 travers les formulaires publi\u00e9s sur son site Web ou transmis par un quelconque moyen de contact li\u00e9 \u00e0 celui-ci. L\u2019utilisateur donne son [&hellip;]<\/p>\n","protected":false},"author":1,"featured_media":0,"parent":0,"menu_order":0,"comment_status":"closed","ping_status":"closed","template":"templates\/page-one-column.php","meta":{"_acf_changed":false,"footnotes":""},"class_list":["post-8043","page","type-page","status-publish","hentry"],"acf":[],"yoast_head":"<!-- This site is optimized with the Yoast SEO plugin v27.2 - https:\/\/yoast.com\/product\/yoast-seo-wordpress\/ -->\n<title>Politique de confidentialit\u00e9 | MY DRAP PROFESSIONAL<\/title>\n<meta name=\"description\" content=\"NOENE \u00ae contient une politique de confidentialit\u00e9 de donn\u00e9es pour fournir une meilleure exp\u00e9rience et de service. Voulez-vous en savoir plus?\" \/>\n<meta name=\"robots\" content=\"index, follow, max-snippet:-1, max-image-preview:large, max-video-preview:-1\" \/>\n<link rel=\"canonical\" href=\"https:\/\/shop.mydrap-professional.com\/fr\/politique-confidentialite-des-donnees\/\" \/>\n<meta property=\"og:locale\" content=\"fr_FR\" \/>\n<meta property=\"og:type\" content=\"article\" \/>\n<meta property=\"og:title\" content=\"Politique de confidentialit\u00e9 | MY DRAP PROFESSIONAL\" \/>\n<meta property=\"og:description\" content=\"NOENE \u00ae contient une politique de confidentialit\u00e9 de donn\u00e9es pour fournir une meilleure exp\u00e9rience et de service. Voulez-vous en savoir plus?\" \/>\n<meta property=\"og:url\" content=\"https:\/\/shop.mydrap-professional.com\/fr\/politique-confidentialite-des-donnees\/\" \/>\n<meta property=\"og:site_name\" content=\"MY DRAP PROFESSIONAL\" \/>\n<meta property=\"article:publisher\" content=\"https:\/\/www.facebook.com\/MYdrap\" \/>\n<meta property=\"article:modified_time\" content=\"2018-04-23T12:23:29+00:00\" \/>\n<meta name=\"twitter:card\" content=\"summary_large_image\" \/>\n<meta name=\"twitter:label1\" content=\"Dur\u00e9e de lecture estim\u00e9e\" \/>\n\t<meta name=\"twitter:data1\" content=\"4 minutes\" \/>\n<script type=\"application\/ld+json\" class=\"yoast-schema-graph\">{\"@context\":\"https:\/\/schema.org\",\"@graph\":[{\"@type\":\"WebPage\",\"@id\":\"https:\/\/shop.mydrap-professional.com\/fr\/politique-confidentialite-des-donnees\/\",\"url\":\"https:\/\/shop.mydrap-professional.com\/fr\/politique-confidentialite-des-donnees\/\",\"name\":\"Politique de confidentialit\u00e9 | MY DRAP PROFESSIONAL\",\"isPartOf\":{\"@id\":\"https:\/\/shop.mydrap-professional.com\/es\/#website\"},\"datePublished\":\"2016-12-27T11:12:43+00:00\",\"dateModified\":\"2018-04-23T12:23:29+00:00\",\"description\":\"NOENE \u00ae contient une politique de confidentialit\u00e9 de donn\u00e9es pour fournir une meilleure exp\u00e9rience et de service. Voulez-vous en savoir plus?\",\"breadcrumb\":{\"@id\":\"https:\/\/shop.mydrap-professional.com\/fr\/politique-confidentialite-des-donnees\/#breadcrumb\"},\"inLanguage\":\"fr-FR\",\"potentialAction\":[{\"@type\":\"ReadAction\",\"target\":[\"https:\/\/shop.mydrap-professional.com\/fr\/politique-confidentialite-des-donnees\/\"]}]},{\"@type\":\"BreadcrumbList\",\"@id\":\"https:\/\/shop.mydrap-professional.com\/fr\/politique-confidentialite-des-donnees\/#breadcrumb\",\"itemListElement\":[{\"@type\":\"ListItem\",\"position\":1,\"name\":\"Home\",\"item\":\"https:\/\/shop.mydrap-professional.com\/fr\/\"},{\"@type\":\"ListItem\",\"position\":2,\"name\":\"Politique de confidentialit\u00e9\"}]},{\"@type\":\"WebSite\",\"@id\":\"https:\/\/shop.mydrap-professional.com\/es\/#website\",\"url\":\"https:\/\/shop.mydrap-professional.com\/es\/\",\"name\":\"MY DRAP PROFESSIONAL\",\"description\":\"Les uniques serviettes de table en rouleau\",\"potentialAction\":[{\"@type\":\"SearchAction\",\"target\":{\"@type\":\"EntryPoint\",\"urlTemplate\":\"https:\/\/shop.mydrap-professional.com\/es\/?s={search_term_string}\"},\"query-input\":{\"@type\":\"PropertyValueSpecification\",\"valueRequired\":true,\"valueName\":\"search_term_string\"}}],\"inLanguage\":\"fr-FR\"}]}<\/script>\n<!-- \/ Yoast SEO plugin. -->","yoast_head_json":{"title":"Politique de confidentialit\u00e9 | MY DRAP PROFESSIONAL","description":"NOENE \u00ae contient une politique de confidentialit\u00e9 de donn\u00e9es pour fournir une meilleure exp\u00e9rience et de service. Voulez-vous en savoir plus?","robots":{"index":"index","follow":"follow","max-snippet":"max-snippet:-1","max-image-preview":"max-image-preview:large","max-video-preview":"max-video-preview:-1"},"canonical":"https:\/\/shop.mydrap-professional.com\/fr\/politique-confidentialite-des-donnees\/","og_locale":"fr_FR","og_type":"article","og_title":"Politique de confidentialit\u00e9 | MY DRAP PROFESSIONAL","og_description":"NOENE \u00ae contient une politique de confidentialit\u00e9 de donn\u00e9es pour fournir une meilleure exp\u00e9rience et de service. Voulez-vous en savoir plus?","og_url":"https:\/\/shop.mydrap-professional.com\/fr\/politique-confidentialite-des-donnees\/","og_site_name":"MY DRAP PROFESSIONAL","article_publisher":"https:\/\/www.facebook.com\/MYdrap","article_modified_time":"2018-04-23T12:23:29+00:00","twitter_card":"summary_large_image","twitter_misc":{"Dur\u00e9e de lecture estim\u00e9e":"4 minutes"},"schema":{"@context":"https:\/\/schema.org","@graph":[{"@type":"WebPage","@id":"https:\/\/shop.mydrap-professional.com\/fr\/politique-confidentialite-des-donnees\/","url":"https:\/\/shop.mydrap-professional.com\/fr\/politique-confidentialite-des-donnees\/","name":"Politique de confidentialit\u00e9 | MY DRAP PROFESSIONAL","isPartOf":{"@id":"https:\/\/shop.mydrap-professional.com\/es\/#website"},"datePublished":"2016-12-27T11:12:43+00:00","dateModified":"2018-04-23T12:23:29+00:00","description":"NOENE \u00ae contient une politique de confidentialit\u00e9 de donn\u00e9es pour fournir une meilleure exp\u00e9rience et de service. Voulez-vous en savoir plus?","breadcrumb":{"@id":"https:\/\/shop.mydrap-professional.com\/fr\/politique-confidentialite-des-donnees\/#breadcrumb"},"inLanguage":"fr-FR","potentialAction":[{"@type":"ReadAction","target":["https:\/\/shop.mydrap-professional.com\/fr\/politique-confidentialite-des-donnees\/"]}]},{"@type":"BreadcrumbList","@id":"https:\/\/shop.mydrap-professional.com\/fr\/politique-confidentialite-des-donnees\/#breadcrumb","itemListElement":[{"@type":"ListItem","position":1,"name":"Home","item":"https:\/\/shop.mydrap-professional.com\/fr\/"},{"@type":"ListItem","position":2,"name":"Politique de confidentialit\u00e9"}]},{"@type":"WebSite","@id":"https:\/\/shop.mydrap-professional.com\/es\/#website","url":"https:\/\/shop.mydrap-professional.com\/es\/","name":"MY DRAP PROFESSIONAL","description":"Les uniques serviettes de table en rouleau","potentialAction":[{"@type":"SearchAction","target":{"@type":"EntryPoint","urlTemplate":"https:\/\/shop.mydrap-professional.com\/es\/?s={search_term_string}"},"query-input":{"@type":"PropertyValueSpecification","valueRequired":true,"valueName":"search_term_string"}}],"inLanguage":"fr-FR"}]}},"_links":{"self":[{"href":"https:\/\/shop.mydrap-professional.com\/fr\/wp-json\/wp\/v2\/pages\/8043","targetHints":{"allow":["GET"]}}],"collection":[{"href":"https:\/\/shop.mydrap-professional.com\/fr\/wp-json\/wp\/v2\/pages"}],"about":[{"href":"https:\/\/shop.mydrap-professional.com\/fr\/wp-json\/wp\/v2\/types\/page"}],"author":[{"embeddable":true,"href":"https:\/\/shop.mydrap-professional.com\/fr\/wp-json\/wp\/v2\/users\/1"}],"replies":[{"embeddable":true,"href":"https:\/\/shop.mydrap-professional.com\/fr\/wp-json\/wp\/v2\/comments?post=8043"}],"version-history":[{"count":0,"href":"https:\/\/shop.mydrap-professional.com\/fr\/wp-json\/wp\/v2\/pages\/8043\/revisions"}],"wp:attachment":[{"href":"https:\/\/shop.mydrap-professional.com\/fr\/wp-json\/wp\/v2\/media?parent=8043"}],"curies":[{"name":"wp","href":"https:\/\/api.w.org\/{rel}","templated":true}]}}