{"id":8047,"date":"2016-12-27T11:17:11","date_gmt":"2016-12-27T11:17:11","guid":{"rendered":"https:\/\/shop.mydrap-professional.com\/envios\/"},"modified":"2022-07-06T08:52:52","modified_gmt":"2022-07-06T06:52:52","slug":"envois","status":"publish","type":"page","link":"https:\/\/shop.mydrap-professional.com\/fr\/envois\/","title":{"rendered":"Envois"},"content":{"rendered":"<div class=\"wpb-content-wrapper\"><p>[vc_row][vc_column][vc_column_text]<span style=\"font-weight: 400;\">MY DRAP souhaite informer ses clients et utilisateurs qu\u2019elle accepte de distribuer des commandes uniquement <\/span><span style=\"font-weight: 400;\">en Espagne<\/span><span style=\"font-weight: 400;\">, mais qu\u2019elle ne traite aucune commande r\u00e9alis\u00e9e \u00e0 travers le site Web en dehors <\/span><span style=\"font-weight: 400;\">de ces pays<\/span><span style=\"font-weight: 400;\">. Si un utilisateur souhaite recevoir un produit quelconque de MY DRAP en dehors <\/span><span style=\"font-weight: 400;\">de ces pays<\/span><span style=\"font-weight: 400;\">, il devra contacter l\u2019entreprise \u00e0 travers le formulaire correspondant ou adresser sa demande par courrier \u00e9lectronique \u00e0 l\u2019adresse e-mail <a href=\"mailto:shop@mydrap.com\">shop@mydrap.com<\/a><\/span><span style=\"font-weight: 400;\">. D\u00e8s que nous l\u2019aurons \u00e9tudi\u00e9e, nous donnerons suite \u00e0 sa demande.<\/span><\/p>\n<p><span style=\"font-weight: 400;\">Les frais d\u2019envoi varieront en fonction du poids, de la destination du colis et du mode d\u2019envoi, et seront \u00e0 la charge de l\u2019acheteur. Le montant total des frais d\u2019envoi sera affich\u00e9 dans le r\u00e9sum\u00e9 de la commande avant d\u2019engager la proc\u00e9dure d\u2019achat.<\/span><\/p>\n<h4>Tarifs et options d&rsquo;envoi<\/h4>\n<p>&nbsp;<\/p>\n<table class=\" aligncenter\" style=\"width: 738px;\">\n<tbody>\n<tr>\n<td style=\"text-align: center; width: 212px;\"><b>OPTIONS<\/b><\/td>\n<td style=\"text-align: center; width: 270px;\"><b>D\u00c9LAIS DE LIVRAISON*<\/b><\/td>\n<td style=\"text-align: center; width: 236px;\"><b>PRIX<\/b><\/td>\n<\/tr>\n<tr>\n<td style=\"width: 212px; text-align: center;\"><span style=\"font-weight: 400;\">National Gratuit<\/span><\/td>\n<td style=\"width: 270px; text-align: center;\">\u00a024 h<\/td>\n<td style=\"width: 236px; text-align: center;\"><span style=\"font-weight: 400;\">\u00e0 partir de 100 \u20ac<\/span><\/td>\n<\/tr>\n<tr>\n<td style=\"width: 212px; text-align: center;\"><span style=\"font-weight: 400;\">National Standard<\/span><\/td>\n<td style=\"width: 270px; text-align: center;\"><span style=\"font-weight: 400;\">24 h<\/span><\/td>\n<td style=\"width: 236px; text-align: center;\"><span style=\"font-weight: 400;\">6,50\u00a0\u20ac<\/span><\/td>\n<\/tr>\n<tr>\n<td style=\"width: 212px; text-align: center;\"><span style=\"font-weight: 400;\">International Gratuit<\/span><\/td>\n<td style=\"width: 270px; text-align: center;\"><span style=\"font-weight: 400;\">1 &#8211; 5 jours<\/span><\/td>\n<td style=\"width: 236px; text-align: center;\"><span style=\"font-weight: 400;\">\u00e0 partir de 500\u20ac<\/span><\/td>\n<\/tr>\n<tr>\n<td style=\"width: 212px; text-align: center;\"><span style=\"font-weight: 400;\">International Standard Zone 1<\/span><\/td>\n<td style=\"width: 270px; text-align: center;\"><span style=\"font-weight: 400;\">1 &#8211; 3 jours<\/span><\/td>\n<td style=\"width: 236px; text-align: center;\">19,90\u20ac<\/td>\n<\/tr>\n<tr>\n<td style=\"width: 212px; text-align: center;\"><span style=\"font-weight: 400;\">International Standard Zone 2<\/span><\/td>\n<td style=\"width: 270px; text-align: center;\"><span style=\"font-weight: 400;\">3 &#8211; 5 jours<\/span><\/td>\n<td style=\"width: 236px; text-align: center;\">29,90\u20ac<\/td>\n<\/tr>\n<tr>\n<td style=\"width: 212px; text-align: center;\">\u00a0<span style=\"font-weight: 400;\">International Standard Zone 3<\/span><\/td>\n<td style=\"width: 270px; text-align: center;\"><span style=\"font-weight: 400;\">3 &#8211; 5 jours<\/span><\/td>\n<td style=\"width: 236px; text-align: center;\">\u00a039,90\u20ac<\/td>\n<\/tr>\n<\/tbody>\n<\/table>\n<p><span style=\"font-size: 10pt;\"><i><span style=\"font-weight: 400;\">* Le d\u00e9lai de livraison est calcul\u00e9 en jours ouvrables.<\/span><\/i><\/span><\/p>\n<p><span style=\"font-size: 10pt;\"><i><span style=\"font-weight: 400;\">* Les commandes r\u00e9alis\u00e9es \u00e0 partir de 14h seront pr\u00e9par\u00e9es le lendemain.<\/span><\/i><\/span><\/p>\n<p><span style=\"font-weight: 400;\">Ces d\u00e9lais peuvent varier pour des raisons de logistique ou de force majeure. En cas de retards dans les livraisons, MY DRAP informera ses clients d\u00e8s qu\u2019elle en aura connaissance. Le d\u00e9lai de livraison habituel pour la p\u00e9ninsule est de 24 \u00e0 48 heures et, pour les \u00eeles Canaries, il est de 48 \u00e0 72 heures. Heures de livraison: de 9 h \u00e0 20 h, du lundi au vendredi, sauf les jours f\u00e9ri\u00e9s, en fonction de la tourn\u00e9e de livraison.<\/span><\/p>\n<h4><span style=\"font-weight: 400;\">Livraisons nationales<\/span><\/h4>\n<p><span style=\"font-weight: 400;\">Les livraisons sont r\u00e9alis\u00e9es du lundi au vendredi, sauf les jours f\u00e9ri\u00e9s. Dans le cas o\u00f9 le client ou la personne autoris\u00e9e ne seraient pas pr\u00e9sents au moment de la livraison pour r\u00e9ceptionner leur commande, le transporteur leur laissera un avis de passage ; ils recevront aussi un sms pour pouvoir retirer le colis dans la succursale la plus proche. Si au bout de deux jours, ils n\u2019ont pas contact\u00e9 la succursale pour r\u00e9cup\u00e9rer leur commande, celle-ci sera retourn\u00e9e \u00e0 MY DRAP.<\/span><\/p>\n<h4><span style=\"font-weight: 400;\">Livraisons internationales<\/span><\/h4>\n<p><span style=\"font-weight: 400;\">Les livraisons sont r\u00e9alis\u00e9es du lundi au vendredi, sauf les jours f\u00e9ri\u00e9s. Dans le cas o\u00f9 le client ou la personne autoris\u00e9e ne seraient pas pr\u00e9sents au moment de la livraison pour r\u00e9ceptionner leur commande, le transporteur leur laissera un avis de passage pour leur communiquer le POINT DE RETRAIT le plus proche o\u00f9 ils pourront retirer leur colis. Si au bout de deux jours, ils n\u2019ont pas contact\u00e9 la succursale pour r\u00e9cup\u00e9rer leur commande, celle-ci sera retourn\u00e9e \u00e0 MY DRAP.\u00a0\u00a0<\/span><\/p>\n<p><span style=\"font-weight: 400;\">MY DRAP met l\u2019accent sur la responsabilit\u00e9 de l\u2019utilisateur concernant la saisie d\u2019une adresse de livraison compl\u00e8te et correcte. D\u00e8s le d\u00e9part de la commande du magasin en vue de sa distribution, le client sera inform\u00e9 et le transporteur veillera \u00e0 activer les m\u00e9canismes de suivi afin de garantir la livraison.<\/span><\/p>\n<p><span style=\"font-weight: 400;\">Dans le cas o\u00f9 le client ou la personne autoris\u00e9e ne seraient pas pr\u00e9sents au moment de la livraison, et que 7 jours ouvrables se seraient \u00e9coul\u00e9s sans que ceux-ci aient pu \u00eatre contact\u00e9s ou que la commande ait pu \u00eatre livr\u00e9e, les frais de renvoi post\u00e9rieur seront \u00e0 la charge du client.<\/span><\/p>\n<p><span style=\"font-weight: 400;\">ZONE 1<\/span><\/p>\n<p><span style=\"font-weight: 400;\">Pays de la zone 1 selon les options tarifaires et d\u2019exp\u00e9dition: France et Italie.<\/span><\/p>\n<p><span style=\"font-weight: 400;\">ZONE 2<\/span><\/p>\n<p><span style=\"font-weight: 400;\">Pays de la zone 2 selon les options tarifaires et d\u2019exp\u00e9dition: Allemagne, Autriche, Belgique, Bulgarie, Danemark, \u00c9cosse, Slovaquie, Estonie, Finlande, Pays de Galles, Gr\u00e8ce, Pays-Bas, Hongrie, Irlande, Lettonie, Lituanie, Luxembourg, Pologne, R\u00e9publique tch\u00e8que, Roumanie et Su\u00e8de.<\/span><\/p>\n<p><span style=\"font-weight: 400;\">ZONE 3<\/span><\/p>\n<p><span style=\"font-weight: 400;\">Pays de la zone 2 selon les options tarifaires et d\u2019exp\u00e9dition: Norv\u00e8ge, Royaume-Uni et Suisse.<\/span><\/p>\n<p><span style=\"font-weight: 400;\">LIVRAISONS INTERNATIONALES EXPRESS<\/span><\/p>\n<p><span style=\"font-weight: 400;\">MY DRAP offre le service de livraisons internationales express 24 h en France et au Royaume-Uni. Si un utilisateur souhaite recevoir un produit quelconque \u00e0 travers le service international express en dehors du territoire indiqu\u00e9, il devra contacter l\u2019entreprise au moyen du formulaire de contact ou adresser sa demande par courrier \u00e9lectronique \u00e0 l\u2019adresse e-mail shop@mydrap.com. D\u00e8s que nous l\u2019aurons\u00a0 tudi\u00e9e, nous donnerons suite \u00e0 sa demande.<\/span><\/p>\n<p><span style=\"font-weight: 400;\">MY DRAP met l\u2019accent sur la responsabilit\u00e9 de l\u2019utilisateur concernant la saisie d\u2019une adresse de livraison compl\u00e8te et correcte. D\u00e8s le d\u00e9part de la commande du magasin en vue de sa distribution, le client sera inform\u00e9 et le transporteur veillera \u00e0 activer les m\u00e9canismes de suivi afin de garantir la livraison.<\/span><\/p>\n<p><span style=\"font-weight: 400;\">Dans le cas o\u00f9 le client ou la personne autoris\u00e9e ne seraient pas pr\u00e9sents au moment de la livraison, et que 7 jours ouvrables se seraient \u00e9coul\u00e9s sans que ceux-ci aient pu \u00eatre contact\u00e9s ou que la commande ait pu \u00eatre livr\u00e9e, les frais de renvoi post\u00e9rieur seront \u00e0 la charge du client.<\/span><\/p>\n<h4><span style=\"font-weight: 400;\">Personnalisation<\/span><\/h4>\n<p><span style=\"font-weight: 400;\">Les produits personnalis\u00e9s n\u00e9cessitent un d\u00e9lai de livraison approximatif de 7 \u00e0 10 jours ouvrables \u00e0 compter de la confirmation de la commande.<\/span><\/p>\n<h4><span style=\"font-weight: 400;\">Exceptions dans les d\u00e9lais de livraison<\/span><\/h4>\n<p><span style=\"font-weight: 400;\">Pendant les p\u00e9riodes d\u2019offres sp\u00e9ciales lanc\u00e9es par MY DRAP sur son <\/span><i><span style=\"font-weight: 400;\">site Web<\/span><\/i><span style=\"font-weight: 400;\">, le d\u00e9lai de livraison peut \u00eatre plus long que de coutume.<\/span><\/p>\n<p><span style=\"font-weight: 400;\">Les p\u00e9riodes de vacances de MY DRAP seront communiqu\u00e9es sur le <\/span><i><span style=\"font-weight: 400;\">site Web<\/span><\/i><span style=\"font-weight: 400;\"> et au cours de la proc\u00e9dure d\u2019achat.<\/span><\/p>\n<p><span style=\"font-weight: 400;\">MY DRAP d\u00e9clinera toute responsabilit\u00e9 en cas de retard dans la livraison des commandes qui serait exclusivement de la faute de l\u2019acheteur ou de la personne autoris\u00e9e.<\/span><\/p>\n<p><span style=\"font-weight: 400;\">Le client supporte les risques de d\u00e9t\u00e9rioration, de pr\u00e9judice, de dommages et de perte de produits de la commande \u00e0 partir du moment o\u00f9 ceux-ci ont \u00e9t\u00e9 livr\u00e9s, conform\u00e9ment \u00e0 la proc\u00e9dure pr\u00e9vue dans les pr\u00e9sentes Conditions g\u00e9n\u00e9rales de vente.<\/span>[\/vc_column_text][\/vc_column][\/vc_row]<\/p>\n<\/div>","protected":false},"excerpt":{"rendered":"<p>[vc_row][vc_column][vc_column_text]MY DRAP souhaite informer ses clients et utilisateurs qu\u2019elle accepte de distribuer des commandes uniquement en Espagne, mais qu\u2019elle ne traite aucune commande r\u00e9alis\u00e9e \u00e0 travers le site Web en dehors de ces pays. Si un utilisateur souhaite recevoir un produit quelconque de MY DRAP en dehors de ces pays, il devra contacter l\u2019entreprise \u00e0 [&hellip;]<\/p>\n","protected":false},"author":1,"featured_media":0,"parent":0,"menu_order":0,"comment_status":"closed","ping_status":"closed","template":"templates\/page-one-column.php","meta":{"_acf_changed":false,"footnotes":""},"class_list":["post-8047","page","type-page","status-publish","hentry"],"acf":[],"yoast_head":"<!-- This site is optimized with the Yoast SEO plugin v27.2 - https:\/\/yoast.com\/product\/yoast-seo-wordpress\/ -->\n<title>Envois | MY DRAP PROFESSIONAL<\/title>\n<meta name=\"description\" content=\"Vous pouvez faire vos achats \u00e0 partir de n\u2019importe quel pays du monde. Le d\u00e9lai de livraison pr\u00e9vu est de 2 \u00e0 5 jours ouvrables.\" \/>\n<meta name=\"robots\" content=\"index, follow, max-snippet:-1, max-image-preview:large, max-video-preview:-1\" \/>\n<link rel=\"canonical\" href=\"https:\/\/shop.mydrap-professional.com\/fr\/envois\/\" \/>\n<meta property=\"og:locale\" content=\"fr_FR\" \/>\n<meta property=\"og:type\" content=\"article\" \/>\n<meta property=\"og:title\" content=\"Envois | MY DRAP PROFESSIONAL\" \/>\n<meta property=\"og:description\" content=\"Vous pouvez faire vos achats \u00e0 partir de n\u2019importe quel pays du monde. Le d\u00e9lai de livraison pr\u00e9vu est de 2 \u00e0 5 jours ouvrables.\" \/>\n<meta property=\"og:url\" content=\"https:\/\/shop.mydrap-professional.com\/fr\/envois\/\" \/>\n<meta property=\"og:site_name\" content=\"MY DRAP PROFESSIONAL\" \/>\n<meta property=\"article:publisher\" content=\"https:\/\/www.facebook.com\/MYdrap\" \/>\n<meta property=\"article:modified_time\" content=\"2022-07-06T06:52:52+00:00\" \/>\n<meta name=\"twitter:card\" content=\"summary_large_image\" \/>\n<meta name=\"twitter:label1\" content=\"Dur\u00e9e de lecture estim\u00e9e\" \/>\n\t<meta name=\"twitter:data1\" content=\"5 minutes\" \/>\n<script type=\"application\/ld+json\" class=\"yoast-schema-graph\">{\"@context\":\"https:\/\/schema.org\",\"@graph\":[{\"@type\":\"WebPage\",\"@id\":\"https:\/\/shop.mydrap-professional.com\/fr\/envois\/\",\"url\":\"https:\/\/shop.mydrap-professional.com\/fr\/envois\/\",\"name\":\"Envois | MY DRAP PROFESSIONAL\",\"isPartOf\":{\"@id\":\"https:\/\/shop.mydrap-professional.com\/es\/#website\"},\"datePublished\":\"2016-12-27T11:17:11+00:00\",\"dateModified\":\"2022-07-06T06:52:52+00:00\",\"description\":\"Vous pouvez faire vos achats \u00e0 partir de n\u2019importe quel pays du monde. Le d\u00e9lai de livraison pr\u00e9vu est de 2 \u00e0 5 jours ouvrables.\",\"breadcrumb\":{\"@id\":\"https:\/\/shop.mydrap-professional.com\/fr\/envois\/#breadcrumb\"},\"inLanguage\":\"fr-FR\",\"potentialAction\":[{\"@type\":\"ReadAction\",\"target\":[\"https:\/\/shop.mydrap-professional.com\/fr\/envois\/\"]}]},{\"@type\":\"BreadcrumbList\",\"@id\":\"https:\/\/shop.mydrap-professional.com\/fr\/envois\/#breadcrumb\",\"itemListElement\":[{\"@type\":\"ListItem\",\"position\":1,\"name\":\"Home\",\"item\":\"https:\/\/shop.mydrap-professional.com\/fr\/\"},{\"@type\":\"ListItem\",\"position\":2,\"name\":\"Envois\"}]},{\"@type\":\"WebSite\",\"@id\":\"https:\/\/shop.mydrap-professional.com\/es\/#website\",\"url\":\"https:\/\/shop.mydrap-professional.com\/es\/\",\"name\":\"MY DRAP PROFESSIONAL\",\"description\":\"Les uniques serviettes de table en rouleau\",\"potentialAction\":[{\"@type\":\"SearchAction\",\"target\":{\"@type\":\"EntryPoint\",\"urlTemplate\":\"https:\/\/shop.mydrap-professional.com\/es\/?s={search_term_string}\"},\"query-input\":{\"@type\":\"PropertyValueSpecification\",\"valueRequired\":true,\"valueName\":\"search_term_string\"}}],\"inLanguage\":\"fr-FR\"}]}<\/script>\n<!-- \/ Yoast SEO plugin. -->","yoast_head_json":{"title":"Envois | MY DRAP PROFESSIONAL","description":"Vous pouvez faire vos achats \u00e0 partir de n\u2019importe quel pays du monde. Le d\u00e9lai de livraison pr\u00e9vu est de 2 \u00e0 5 jours ouvrables.","robots":{"index":"index","follow":"follow","max-snippet":"max-snippet:-1","max-image-preview":"max-image-preview:large","max-video-preview":"max-video-preview:-1"},"canonical":"https:\/\/shop.mydrap-professional.com\/fr\/envois\/","og_locale":"fr_FR","og_type":"article","og_title":"Envois | MY DRAP PROFESSIONAL","og_description":"Vous pouvez faire vos achats \u00e0 partir de n\u2019importe quel pays du monde. Le d\u00e9lai de livraison pr\u00e9vu est de 2 \u00e0 5 jours ouvrables.","og_url":"https:\/\/shop.mydrap-professional.com\/fr\/envois\/","og_site_name":"MY DRAP PROFESSIONAL","article_publisher":"https:\/\/www.facebook.com\/MYdrap","article_modified_time":"2022-07-06T06:52:52+00:00","twitter_card":"summary_large_image","twitter_misc":{"Dur\u00e9e de lecture estim\u00e9e":"5 minutes"},"schema":{"@context":"https:\/\/schema.org","@graph":[{"@type":"WebPage","@id":"https:\/\/shop.mydrap-professional.com\/fr\/envois\/","url":"https:\/\/shop.mydrap-professional.com\/fr\/envois\/","name":"Envois | MY DRAP PROFESSIONAL","isPartOf":{"@id":"https:\/\/shop.mydrap-professional.com\/es\/#website"},"datePublished":"2016-12-27T11:17:11+00:00","dateModified":"2022-07-06T06:52:52+00:00","description":"Vous pouvez faire vos achats \u00e0 partir de n\u2019importe quel pays du monde. Le d\u00e9lai de livraison pr\u00e9vu est de 2 \u00e0 5 jours ouvrables.","breadcrumb":{"@id":"https:\/\/shop.mydrap-professional.com\/fr\/envois\/#breadcrumb"},"inLanguage":"fr-FR","potentialAction":[{"@type":"ReadAction","target":["https:\/\/shop.mydrap-professional.com\/fr\/envois\/"]}]},{"@type":"BreadcrumbList","@id":"https:\/\/shop.mydrap-professional.com\/fr\/envois\/#breadcrumb","itemListElement":[{"@type":"ListItem","position":1,"name":"Home","item":"https:\/\/shop.mydrap-professional.com\/fr\/"},{"@type":"ListItem","position":2,"name":"Envois"}]},{"@type":"WebSite","@id":"https:\/\/shop.mydrap-professional.com\/es\/#website","url":"https:\/\/shop.mydrap-professional.com\/es\/","name":"MY DRAP PROFESSIONAL","description":"Les uniques serviettes de table en rouleau","potentialAction":[{"@type":"SearchAction","target":{"@type":"EntryPoint","urlTemplate":"https:\/\/shop.mydrap-professional.com\/es\/?s={search_term_string}"},"query-input":{"@type":"PropertyValueSpecification","valueRequired":true,"valueName":"search_term_string"}}],"inLanguage":"fr-FR"}]}},"_links":{"self":[{"href":"https:\/\/shop.mydrap-professional.com\/fr\/wp-json\/wp\/v2\/pages\/8047","targetHints":{"allow":["GET"]}}],"collection":[{"href":"https:\/\/shop.mydrap-professional.com\/fr\/wp-json\/wp\/v2\/pages"}],"about":[{"href":"https:\/\/shop.mydrap-professional.com\/fr\/wp-json\/wp\/v2\/types\/page"}],"author":[{"embeddable":true,"href":"https:\/\/shop.mydrap-professional.com\/fr\/wp-json\/wp\/v2\/users\/1"}],"replies":[{"embeddable":true,"href":"https:\/\/shop.mydrap-professional.com\/fr\/wp-json\/wp\/v2\/comments?post=8047"}],"version-history":[{"count":0,"href":"https:\/\/shop.mydrap-professional.com\/fr\/wp-json\/wp\/v2\/pages\/8047\/revisions"}],"wp:attachment":[{"href":"https:\/\/shop.mydrap-professional.com\/fr\/wp-json\/wp\/v2\/media?parent=8047"}],"curies":[{"name":"wp","href":"https:\/\/api.w.org\/{rel}","templated":true}]}}