{"id":8068,"date":"2016-12-27T11:24:49","date_gmt":"2016-12-27T11:24:49","guid":{"rendered":"https:\/\/shop.mydrap-professional.com\/plazos-de-entrega\/"},"modified":"2021-02-24T09:21:05","modified_gmt":"2021-02-24T08:21:05","slug":"delais-de-livraison","status":"publish","type":"page","link":"https:\/\/shop.mydrap-professional.com\/fr\/delais-de-livraison\/","title":{"rendered":"D\u00e9lais de livraison"},"content":{"rendered":"<div class=\"wpb-content-wrapper\"><p>[vc_row][vc_column][vc_column_text]<span style=\"font-weight: 400;\">Le d\u00e9lai de livraison habituel pour la p\u00e9ninsule est de 24 \u00e0 48 heures et pour les \u00eeles Canaries, de 48 \u00e0 72 heures. <\/span><\/p>\n<p><span style=\"font-weight: 400;\">Heures de livraison\u00a0: de 9 h \u00e0 21 h, du lundi au vendredi, selon la tourn\u00e9e de livraison. Ces d\u00e9lais peuvent varier pour des raisons de logistique ou de force majeure. En cas de retards dans les livraisons, MY DRAP informera ses clients d\u00e8s qu\u2019elle en aura connaissance. <\/span><\/p>\n<p><span style=\"font-weight: 400;\">Dans le cas o\u00f9 le client ou la personne autoris\u00e9e ne seraient pas pr\u00e9sents au moment de la livraison, et que 7 jours ouvrables se seraient \u00e9coul\u00e9s sans que ceux-ci aient pu \u00eatre contact\u00e9s ou que la commande ait pu \u00e9t\u00e9 livr\u00e9e, les frais de renvoi post\u00e9rieur seront \u00e0 la charge du client.<\/span><\/p>\n<h4>Personnalisation<\/h4>\n<p>Les produits personnalis\u00e9s n\u00e9cessitent un d\u00e9lai de livraison approximatif de 10 \u00e0 12 jours ouvrables \u00e0 compter de la confirmation de la commande.<\/p>\n<h4>Exceptions dans les d\u00e9lais de livraison:<\/h4>\n<p><span style=\"font-weight: 400;\">Pendant les p\u00e9riodes d\u2019offres sp\u00e9ciales lanc\u00e9es par MY DRAP sur son <\/span><i><span style=\"font-weight: 400;\">site Web<\/span><\/i><span style=\"font-weight: 400;\">, le d\u00e9lai de livraison peut \u00eatre plus long que de coutume. <\/span><\/p>\n<p><span style=\"font-weight: 400;\">Les p\u00e9riodes de vacances de MY DRAP seront communiqu\u00e9es sur le <\/span><i><span style=\"font-weight: 400;\">site Web<\/span><\/i><span style=\"font-weight: 400;\"> et au cours de la proc\u00e9dure d\u2019achat. <\/span><\/p>\n<p><span style=\"font-weight: 400;\">MY DRAP d\u00e9clinera toute responsabilit\u00e9 en cas de retard dans la livraison des commandes qui serait exclusivement de la faute de l\u2019acheteur ou de la personne autoris\u00e9e. <\/span><\/p>\n<p><span style=\"font-weight: 400;\">Le client supporte les risques de d\u00e9t\u00e9rioration, de pr\u00e9judice, de dommages et de perte de produits de la commande \u00e0 partir du moment o\u00f9 ceux-ci ont \u00e9t\u00e9 livr\u00e9s, conform\u00e9ment \u00e0 la proc\u00e9dure pr\u00e9vue dans les pr\u00e9sentes Conditions g\u00e9n\u00e9rales de vente. \u00a0<\/span>[\/vc_column_text][\/vc_column][\/vc_row]<\/p>\n<\/div>","protected":false},"excerpt":{"rendered":"<p>[vc_row][vc_column][vc_column_text]Le d\u00e9lai de livraison habituel pour la p\u00e9ninsule est de 24 \u00e0 48 heures et pour les \u00eeles Canaries, de 48 \u00e0 72 heures. Heures de livraison\u00a0: de 9 h \u00e0 21 h, du lundi au vendredi, selon la tourn\u00e9e de livraison. Ces d\u00e9lais peuvent varier pour des raisons de logistique ou de force majeure. [&hellip;]<\/p>\n","protected":false},"author":1,"featured_media":0,"parent":0,"menu_order":0,"comment_status":"closed","ping_status":"closed","template":"templates\/page-one-column.php","meta":{"_acf_changed":false,"footnotes":""},"class_list":["post-8068","page","type-page","status-publish","hentry"],"acf":[],"yoast_head":"<!-- This site is optimized with the Yoast SEO plugin v27.2 - https:\/\/yoast.com\/product\/yoast-seo-wordpress\/ -->\n<title>D\u00e9lais de livraison | MY DRAP PROFESSIONAL<\/title>\n<meta name=\"description\" content=\"Vous pouvez faire vos achats \u00e0 partir de n\u2019importe quel pays du monde. Le d\u00e9lai de livraison pr\u00e9vu est de 2 \u00e0 5 jours ouvrables.\" \/>\n<meta name=\"robots\" content=\"index, follow, max-snippet:-1, max-image-preview:large, max-video-preview:-1\" \/>\n<link rel=\"canonical\" href=\"https:\/\/shop.mydrap-professional.com\/fr\/delais-de-livraison\/\" \/>\n<meta property=\"og:locale\" content=\"fr_FR\" \/>\n<meta property=\"og:type\" content=\"article\" \/>\n<meta property=\"og:title\" content=\"D\u00e9lais de livraison | MY DRAP PROFESSIONAL\" \/>\n<meta property=\"og:description\" content=\"Vous pouvez faire vos achats \u00e0 partir de n\u2019importe quel pays du monde. Le d\u00e9lai de livraison pr\u00e9vu est de 2 \u00e0 5 jours ouvrables.\" \/>\n<meta property=\"og:url\" content=\"https:\/\/shop.mydrap-professional.com\/fr\/delais-de-livraison\/\" \/>\n<meta property=\"og:site_name\" content=\"MY DRAP PROFESSIONAL\" \/>\n<meta property=\"article:publisher\" content=\"https:\/\/www.facebook.com\/MYdrap\" \/>\n<meta property=\"article:modified_time\" content=\"2021-02-24T08:21:05+00:00\" \/>\n<meta name=\"twitter:card\" content=\"summary_large_image\" \/>\n<meta name=\"twitter:label1\" content=\"Dur\u00e9e de lecture estim\u00e9e\" \/>\n\t<meta name=\"twitter:data1\" content=\"2 minutes\" \/>\n<script type=\"application\/ld+json\" class=\"yoast-schema-graph\">{\"@context\":\"https:\/\/schema.org\",\"@graph\":[{\"@type\":\"WebPage\",\"@id\":\"https:\/\/shop.mydrap-professional.com\/fr\/delais-de-livraison\/\",\"url\":\"https:\/\/shop.mydrap-professional.com\/fr\/delais-de-livraison\/\",\"name\":\"D\u00e9lais de livraison | MY DRAP PROFESSIONAL\",\"isPartOf\":{\"@id\":\"https:\/\/shop.mydrap-professional.com\/es\/#website\"},\"datePublished\":\"2016-12-27T11:24:49+00:00\",\"dateModified\":\"2021-02-24T08:21:05+00:00\",\"description\":\"Vous pouvez faire vos achats \u00e0 partir de n\u2019importe quel pays du monde. Le d\u00e9lai de livraison pr\u00e9vu est de 2 \u00e0 5 jours ouvrables.\",\"breadcrumb\":{\"@id\":\"https:\/\/shop.mydrap-professional.com\/fr\/delais-de-livraison\/#breadcrumb\"},\"inLanguage\":\"fr-FR\",\"potentialAction\":[{\"@type\":\"ReadAction\",\"target\":[\"https:\/\/shop.mydrap-professional.com\/fr\/delais-de-livraison\/\"]}]},{\"@type\":\"BreadcrumbList\",\"@id\":\"https:\/\/shop.mydrap-professional.com\/fr\/delais-de-livraison\/#breadcrumb\",\"itemListElement\":[{\"@type\":\"ListItem\",\"position\":1,\"name\":\"Home\",\"item\":\"https:\/\/shop.mydrap-professional.com\/fr\/\"},{\"@type\":\"ListItem\",\"position\":2,\"name\":\"D\u00e9lais de livraison\"}]},{\"@type\":\"WebSite\",\"@id\":\"https:\/\/shop.mydrap-professional.com\/es\/#website\",\"url\":\"https:\/\/shop.mydrap-professional.com\/es\/\",\"name\":\"MY DRAP PROFESSIONAL\",\"description\":\"Les uniques serviettes de table en rouleau\",\"potentialAction\":[{\"@type\":\"SearchAction\",\"target\":{\"@type\":\"EntryPoint\",\"urlTemplate\":\"https:\/\/shop.mydrap-professional.com\/es\/?s={search_term_string}\"},\"query-input\":{\"@type\":\"PropertyValueSpecification\",\"valueRequired\":true,\"valueName\":\"search_term_string\"}}],\"inLanguage\":\"fr-FR\"}]}<\/script>\n<!-- \/ Yoast SEO plugin. -->","yoast_head_json":{"title":"D\u00e9lais de livraison | MY DRAP PROFESSIONAL","description":"Vous pouvez faire vos achats \u00e0 partir de n\u2019importe quel pays du monde. Le d\u00e9lai de livraison pr\u00e9vu est de 2 \u00e0 5 jours ouvrables.","robots":{"index":"index","follow":"follow","max-snippet":"max-snippet:-1","max-image-preview":"max-image-preview:large","max-video-preview":"max-video-preview:-1"},"canonical":"https:\/\/shop.mydrap-professional.com\/fr\/delais-de-livraison\/","og_locale":"fr_FR","og_type":"article","og_title":"D\u00e9lais de livraison | MY DRAP PROFESSIONAL","og_description":"Vous pouvez faire vos achats \u00e0 partir de n\u2019importe quel pays du monde. Le d\u00e9lai de livraison pr\u00e9vu est de 2 \u00e0 5 jours ouvrables.","og_url":"https:\/\/shop.mydrap-professional.com\/fr\/delais-de-livraison\/","og_site_name":"MY DRAP PROFESSIONAL","article_publisher":"https:\/\/www.facebook.com\/MYdrap","article_modified_time":"2021-02-24T08:21:05+00:00","twitter_card":"summary_large_image","twitter_misc":{"Dur\u00e9e de lecture estim\u00e9e":"2 minutes"},"schema":{"@context":"https:\/\/schema.org","@graph":[{"@type":"WebPage","@id":"https:\/\/shop.mydrap-professional.com\/fr\/delais-de-livraison\/","url":"https:\/\/shop.mydrap-professional.com\/fr\/delais-de-livraison\/","name":"D\u00e9lais de livraison | MY DRAP PROFESSIONAL","isPartOf":{"@id":"https:\/\/shop.mydrap-professional.com\/es\/#website"},"datePublished":"2016-12-27T11:24:49+00:00","dateModified":"2021-02-24T08:21:05+00:00","description":"Vous pouvez faire vos achats \u00e0 partir de n\u2019importe quel pays du monde. Le d\u00e9lai de livraison pr\u00e9vu est de 2 \u00e0 5 jours ouvrables.","breadcrumb":{"@id":"https:\/\/shop.mydrap-professional.com\/fr\/delais-de-livraison\/#breadcrumb"},"inLanguage":"fr-FR","potentialAction":[{"@type":"ReadAction","target":["https:\/\/shop.mydrap-professional.com\/fr\/delais-de-livraison\/"]}]},{"@type":"BreadcrumbList","@id":"https:\/\/shop.mydrap-professional.com\/fr\/delais-de-livraison\/#breadcrumb","itemListElement":[{"@type":"ListItem","position":1,"name":"Home","item":"https:\/\/shop.mydrap-professional.com\/fr\/"},{"@type":"ListItem","position":2,"name":"D\u00e9lais de livraison"}]},{"@type":"WebSite","@id":"https:\/\/shop.mydrap-professional.com\/es\/#website","url":"https:\/\/shop.mydrap-professional.com\/es\/","name":"MY DRAP PROFESSIONAL","description":"Les uniques serviettes de table en rouleau","potentialAction":[{"@type":"SearchAction","target":{"@type":"EntryPoint","urlTemplate":"https:\/\/shop.mydrap-professional.com\/es\/?s={search_term_string}"},"query-input":{"@type":"PropertyValueSpecification","valueRequired":true,"valueName":"search_term_string"}}],"inLanguage":"fr-FR"}]}},"_links":{"self":[{"href":"https:\/\/shop.mydrap-professional.com\/fr\/wp-json\/wp\/v2\/pages\/8068","targetHints":{"allow":["GET"]}}],"collection":[{"href":"https:\/\/shop.mydrap-professional.com\/fr\/wp-json\/wp\/v2\/pages"}],"about":[{"href":"https:\/\/shop.mydrap-professional.com\/fr\/wp-json\/wp\/v2\/types\/page"}],"author":[{"embeddable":true,"href":"https:\/\/shop.mydrap-professional.com\/fr\/wp-json\/wp\/v2\/users\/1"}],"replies":[{"embeddable":true,"href":"https:\/\/shop.mydrap-professional.com\/fr\/wp-json\/wp\/v2\/comments?post=8068"}],"version-history":[{"count":0,"href":"https:\/\/shop.mydrap-professional.com\/fr\/wp-json\/wp\/v2\/pages\/8068\/revisions"}],"wp:attachment":[{"href":"https:\/\/shop.mydrap-professional.com\/fr\/wp-json\/wp\/v2\/media?parent=8068"}],"curies":[{"name":"wp","href":"https:\/\/api.w.org\/{rel}","templated":true}]}}