{"id":20062,"date":"2017-04-28T09:09:41","date_gmt":"2017-12-01T09:04:46","guid":{"rendered":"https:\/\/shop.mydrap-professional.com\/?post_type=product&#038;p=20062\/"},"modified":"2019-02-13T12:40:01","modified_gmt":"2019-02-13T11:40:01","slug":"serviettes-evenements-petrol-blue-20x20cm-25u","status":"publish","type":"product","link":"https:\/\/shop.mydrap-professional.com\/fr\/produit\/serviettes-evenements-petrol-blue-20x20cm-25u\/","title":{"rendered":"Serviettes \u00e9v\u00e9nements Petrol blue 20x20cm 25u."},"content":{"rendered":"<div class=\"wpb-content-wrapper\"><p>[vc_row][vc_column width=\u00a0\u00bb1\/2&Prime;][vc_column_text]<\/p>\n<h2>Serviettes 100 % coton jetables.<\/h2>\n<p>Serviettes pour \u00e9v\u00e9nements 100 % coton sans coutures, au toucher doux et hautement absorbantes. Elles combinent la qualit\u00e9 du coton avec les avantages des serviettes jetables: elles sont hygi\u00e9niques, elles occupent moins d\u2019espace de stockage et permettent de r\u00e9duire les co\u00fbts et la gestion de blanchisserie.<\/p>\n<p>Serviettes de table en tissu de 20&#215;20 cm, parfaites pour accompagner des pauses-caf\u00e9, des cocktails et ap\u00e9ritifs, des lunchs et autres c\u00e9l\u00e9brations. La couleur p\u00e9trole est tr\u00e8s polyvalente et s\u2019adapte \u00e0 une grande vari\u00e9t\u00e9 de d\u00e9corations.<\/p>\n<p>Elles peuvent \u00eatre combin\u00e9es avec des sets de table et d\u2019autres serviettes de diff\u00e9rentes tailles. Nous pouvons aussi les personnaliser selon vos besoins pour en faire un produit unique et exclusif.<\/p>\n<p>Forte d\u2019une longue exp\u00e9rience dans le secteur textile, la marque MY DRAP dispose d\u2019un vaste catalogue de serviettes pour \u00e9v\u00e9nements, de serviettes de table, de sets de table et de chemins de table. Uniques sur le march\u00e9, ces produits textiles jetables sont parfaits pour un usage professionnel dans le secteur de l\u2019h\u00f4tellerie et des services de traiteur.[\/vc_column_text][\/vc_column][vc_column width=\u00a0\u00bb1\/2&Prime;][vc_raw_html css=\u00a0\u00bb.vc_custom_1550057996679{padding-left: 15px !important;}\u00a0\u00bb]JTNDZGl2JTIwY2xhc3MlM0QlMjJ3cGJfdmlkZW9fd3JhcHBlciUyMiUyMHN0eWxlJTNEJTIydGV4dC1hbGlnbiUzQWNlbnRlciUyMiUzRSUwQSUzQ2lmcmFtZSUyMHdpZHRoJTNEJTIyNjQwJTIyJTIwaGVpZ2h0JTNEJTIyMzYwJTIyJTIwc3JjJTNEJTIyaHR0cHMlM0ElMkYlMkZ3d3cueW91dHViZS5jb20lMkZlbWJlZCUyRi1TbUhSOWtFSktVJTNGcGxheWxpc3QlM0QtU21IUjlrRUpLVSUyNmNvbnRyb2xzJTNEMCUyNmxvb3AlM0QxJTI2cmVsJTNEMCUyNmF1dG9wbGF5JTNEMSUyMiUyMGZyYW1lYm9yZGVyJTNEJTIyMCUyMiUyMGFsbG93JTNEJTIyYWNjZWxlcm9tZXRlciUzQiUyMGF1dG9wbGF5JTNCJTIwZW5jcnlwdGVkLW1lZGlhJTNCJTIwZ3lyb3Njb3BlJTNCJTIwcGljdHVyZS1pbi1waWN0dXJlJTIyJTIwYWxsb3dmdWxsc2NyZWVuJTNFJTNDJTJGaWZyYW1lJTNFJTBBJTNDJTJGZGl2JTNF[\/vc_raw_html][\/vc_column][\/vc_row]<\/p>\n<\/div>","protected":false},"excerpt":{"rendered":"<p>Pr\u00e9d\u00e9coup\u00e9es en rouleau.<\/p>\n","protected":false},"featured_media":25611,"comment_status":"closed","ping_status":"closed","template":"","meta":{"_acf_changed":false},"product_brand":[],"product_cat":[2009],"product_tag":[],"class_list":{"0":"post-20062","1":"product","2":"type-product","3":"status-publish","4":"has-post-thumbnail","6":"product_cat-sin-categorizar","7":"tipologia_producto-serviettes-evenements","9":"first","10":"instock","11":"taxable","12":"shipping-taxable","13":"purchasable","14":"product-type-simple"},"acf":[],"yoast_head":"<!-- This site is optimized with the Yoast SEO plugin v27.2 - https:\/\/yoast.com\/product\/yoast-seo-wordpress\/ -->\n<title>Serviettes \u00e9v\u00e9nements Petrol blue 20x20cm 25u. | MY DRAP PROFESSIONAL<\/title>\n<meta name=\"description\" content=\"Serviettes \u00e9v\u00e9nements 20x20cm pr\u00e9d\u00e9coup\u00e9es en rouleau. Couleur p\u00e9trole. 25u. 100% coton. Habillez votre table avec \u00e9l\u00e9gance. Consultez notre catalogue!\" \/>\n<meta name=\"robots\" content=\"index, follow, max-snippet:-1, max-image-preview:large, max-video-preview:-1\" \/>\n<link rel=\"canonical\" href=\"https:\/\/shop.mydrap-professional.com\/es\/produit\/servilletas-eventos-petrol-blue-20x20cm-25u\/\" \/>\n<meta property=\"og:locale\" content=\"fr_FR\" \/>\n<meta property=\"og:type\" content=\"article\" \/>\n<meta property=\"og:title\" content=\"Serviettes \u00e9v\u00e9nements Petrol blue 20x20cm 25u. | MY DRAP PROFESSIONAL\" \/>\n<meta property=\"og:description\" content=\"Serviettes \u00e9v\u00e9nements 20x20cm pr\u00e9d\u00e9coup\u00e9es en rouleau. Couleur p\u00e9trole. 25u. 100% coton. Habillez votre table avec \u00e9l\u00e9gance. Consultez notre catalogue!\" \/>\n<meta property=\"og:url\" content=\"https:\/\/shop.mydrap-professional.com\/es\/produit\/servilletas-eventos-petrol-blue-20x20cm-25u\/\" \/>\n<meta property=\"og:site_name\" content=\"MY DRAP PROFESSIONAL\" \/>\n<meta property=\"article:publisher\" content=\"https:\/\/www.facebook.com\/MYdrap\" \/>\n<meta property=\"article:modified_time\" content=\"2019-02-13T11:40:01+00:00\" \/>\n<meta property=\"og:image\" content=\"https:\/\/shop.mydrap-professional.com\/wp-content\/uploads\/MYDRAP_20x20_409_web-7.jpg\" \/>\n\t<meta property=\"og:image:width\" content=\"2000\" \/>\n\t<meta property=\"og:image:height\" content=\"1816\" \/>\n\t<meta property=\"og:image:type\" content=\"image\/jpeg\" \/>\n<meta name=\"twitter:card\" content=\"summary_large_image\" \/>\n<meta name=\"twitter:label1\" content=\"Dur\u00e9e de lecture estim\u00e9e\" \/>\n\t<meta name=\"twitter:data1\" content=\"1 minute\" \/>\n<script type=\"application\/ld+json\" class=\"yoast-schema-graph\">{\"@context\":\"https:\/\/schema.org\",\"@graph\":[{\"@type\":\"WebPage\",\"@id\":\"https:\/\/shop.mydrap-professional.com\/es\/produit\/servilletas-eventos-petrol-blue-20x20cm-25u\/\",\"url\":\"https:\/\/shop.mydrap-professional.com\/es\/produit\/servilletas-eventos-petrol-blue-20x20cm-25u\/\",\"name\":\"Serviettes \u00e9v\u00e9nements Petrol blue 20x20cm 25u. | MY DRAP PROFESSIONAL\",\"isPartOf\":{\"@id\":\"https:\/\/shop.mydrap-professional.com\/es\/#website\"},\"primaryImageOfPage\":{\"@id\":\"https:\/\/shop.mydrap-professional.com\/es\/produit\/servilletas-eventos-petrol-blue-20x20cm-25u\/#primaryimage\"},\"image\":{\"@id\":\"https:\/\/shop.mydrap-professional.com\/es\/produit\/servilletas-eventos-petrol-blue-20x20cm-25u\/#primaryimage\"},\"thumbnailUrl\":\"https:\/\/shop.mydrap-professional.com\/wp-content\/uploads\/MYDRAP_20x20_409_web-7.jpg\",\"datePublished\":\"2017-12-01T09:04:46+00:00\",\"dateModified\":\"2019-02-13T11:40:01+00:00\",\"description\":\"Serviettes \u00e9v\u00e9nements 20x20cm pr\u00e9d\u00e9coup\u00e9es en rouleau. Couleur p\u00e9trole. 25u. 100% coton. Habillez votre table avec \u00e9l\u00e9gance. Consultez notre catalogue!\",\"breadcrumb\":{\"@id\":\"https:\/\/shop.mydrap-professional.com\/es\/produit\/servilletas-eventos-petrol-blue-20x20cm-25u\/#breadcrumb\"},\"inLanguage\":\"fr-FR\",\"potentialAction\":[{\"@type\":\"ReadAction\",\"target\":[\"https:\/\/shop.mydrap-professional.com\/es\/produit\/servilletas-eventos-petrol-blue-20x20cm-25u\/\"]}]},{\"@type\":\"ImageObject\",\"inLanguage\":\"fr-FR\",\"@id\":\"https:\/\/shop.mydrap-professional.com\/es\/produit\/servilletas-eventos-petrol-blue-20x20cm-25u\/#primaryimage\",\"url\":\"https:\/\/shop.mydrap-professional.com\/wp-content\/uploads\/MYDRAP_20x20_409_web-7.jpg\",\"contentUrl\":\"https:\/\/shop.mydrap-professional.com\/wp-content\/uploads\/MYDRAP_20x20_409_web-7.jpg\",\"width\":2000,\"height\":1816},{\"@type\":\"BreadcrumbList\",\"@id\":\"https:\/\/shop.mydrap-professional.com\/es\/produit\/servilletas-eventos-petrol-blue-20x20cm-25u\/#breadcrumb\",\"itemListElement\":[{\"@type\":\"ListItem\",\"position\":1,\"name\":\"Home\",\"item\":\"https:\/\/shop.mydrap-professional.com\/fr\/\"},{\"@type\":\"ListItem\",\"position\":2,\"name\":\"Produits\",\"item\":\"https:\/\/shop.mydrap-professional.com\/fr\/produits\/\"},{\"@type\":\"ListItem\",\"position\":3,\"name\":\"Serviettes \u00e9v\u00e9nements Petrol blue 20x20cm 25u.\"}]},{\"@type\":\"WebSite\",\"@id\":\"https:\/\/shop.mydrap-professional.com\/es\/#website\",\"url\":\"https:\/\/shop.mydrap-professional.com\/es\/\",\"name\":\"MY DRAP PROFESSIONAL\",\"description\":\"Les uniques serviettes de table en rouleau\",\"potentialAction\":[{\"@type\":\"SearchAction\",\"target\":{\"@type\":\"EntryPoint\",\"urlTemplate\":\"https:\/\/shop.mydrap-professional.com\/es\/?s={search_term_string}\"},\"query-input\":{\"@type\":\"PropertyValueSpecification\",\"valueRequired\":true,\"valueName\":\"search_term_string\"}}],\"inLanguage\":\"fr-FR\"}]}<\/script>\n<!-- \/ Yoast SEO plugin. -->","yoast_head_json":{"title":"Serviettes \u00e9v\u00e9nements Petrol blue 20x20cm 25u. | MY DRAP PROFESSIONAL","description":"Serviettes \u00e9v\u00e9nements 20x20cm pr\u00e9d\u00e9coup\u00e9es en rouleau. Couleur p\u00e9trole. 25u. 100% coton. Habillez votre table avec \u00e9l\u00e9gance. Consultez notre catalogue!","robots":{"index":"index","follow":"follow","max-snippet":"max-snippet:-1","max-image-preview":"max-image-preview:large","max-video-preview":"max-video-preview:-1"},"canonical":"https:\/\/shop.mydrap-professional.com\/es\/produit\/servilletas-eventos-petrol-blue-20x20cm-25u\/","og_locale":"fr_FR","og_type":"article","og_title":"Serviettes \u00e9v\u00e9nements Petrol blue 20x20cm 25u. | MY DRAP PROFESSIONAL","og_description":"Serviettes \u00e9v\u00e9nements 20x20cm pr\u00e9d\u00e9coup\u00e9es en rouleau. Couleur p\u00e9trole. 25u. 100% coton. Habillez votre table avec \u00e9l\u00e9gance. Consultez notre catalogue!","og_url":"https:\/\/shop.mydrap-professional.com\/es\/produit\/servilletas-eventos-petrol-blue-20x20cm-25u\/","og_site_name":"MY DRAP PROFESSIONAL","article_publisher":"https:\/\/www.facebook.com\/MYdrap","article_modified_time":"2019-02-13T11:40:01+00:00","og_image":[{"width":2000,"height":1816,"url":"https:\/\/shop.mydrap-professional.com\/wp-content\/uploads\/MYDRAP_20x20_409_web-7.jpg","type":"image\/jpeg"}],"twitter_card":"summary_large_image","twitter_misc":{"Dur\u00e9e de lecture estim\u00e9e":"1 minute"},"schema":{"@context":"https:\/\/schema.org","@graph":[{"@type":"WebPage","@id":"https:\/\/shop.mydrap-professional.com\/es\/produit\/servilletas-eventos-petrol-blue-20x20cm-25u\/","url":"https:\/\/shop.mydrap-professional.com\/es\/produit\/servilletas-eventos-petrol-blue-20x20cm-25u\/","name":"Serviettes \u00e9v\u00e9nements Petrol blue 20x20cm 25u. | MY DRAP PROFESSIONAL","isPartOf":{"@id":"https:\/\/shop.mydrap-professional.com\/es\/#website"},"primaryImageOfPage":{"@id":"https:\/\/shop.mydrap-professional.com\/es\/produit\/servilletas-eventos-petrol-blue-20x20cm-25u\/#primaryimage"},"image":{"@id":"https:\/\/shop.mydrap-professional.com\/es\/produit\/servilletas-eventos-petrol-blue-20x20cm-25u\/#primaryimage"},"thumbnailUrl":"https:\/\/shop.mydrap-professional.com\/wp-content\/uploads\/MYDRAP_20x20_409_web-7.jpg","datePublished":"2017-12-01T09:04:46+00:00","dateModified":"2019-02-13T11:40:01+00:00","description":"Serviettes \u00e9v\u00e9nements 20x20cm pr\u00e9d\u00e9coup\u00e9es en rouleau. Couleur p\u00e9trole. 25u. 100% coton. Habillez votre table avec \u00e9l\u00e9gance. Consultez notre catalogue!","breadcrumb":{"@id":"https:\/\/shop.mydrap-professional.com\/es\/produit\/servilletas-eventos-petrol-blue-20x20cm-25u\/#breadcrumb"},"inLanguage":"fr-FR","potentialAction":[{"@type":"ReadAction","target":["https:\/\/shop.mydrap-professional.com\/es\/produit\/servilletas-eventos-petrol-blue-20x20cm-25u\/"]}]},{"@type":"ImageObject","inLanguage":"fr-FR","@id":"https:\/\/shop.mydrap-professional.com\/es\/produit\/servilletas-eventos-petrol-blue-20x20cm-25u\/#primaryimage","url":"https:\/\/shop.mydrap-professional.com\/wp-content\/uploads\/MYDRAP_20x20_409_web-7.jpg","contentUrl":"https:\/\/shop.mydrap-professional.com\/wp-content\/uploads\/MYDRAP_20x20_409_web-7.jpg","width":2000,"height":1816},{"@type":"BreadcrumbList","@id":"https:\/\/shop.mydrap-professional.com\/es\/produit\/servilletas-eventos-petrol-blue-20x20cm-25u\/#breadcrumb","itemListElement":[{"@type":"ListItem","position":1,"name":"Home","item":"https:\/\/shop.mydrap-professional.com\/fr\/"},{"@type":"ListItem","position":2,"name":"Produits","item":"https:\/\/shop.mydrap-professional.com\/fr\/produits\/"},{"@type":"ListItem","position":3,"name":"Serviettes \u00e9v\u00e9nements Petrol blue 20x20cm 25u."}]},{"@type":"WebSite","@id":"https:\/\/shop.mydrap-professional.com\/es\/#website","url":"https:\/\/shop.mydrap-professional.com\/es\/","name":"MY DRAP PROFESSIONAL","description":"Les uniques serviettes de table en rouleau","potentialAction":[{"@type":"SearchAction","target":{"@type":"EntryPoint","urlTemplate":"https:\/\/shop.mydrap-professional.com\/es\/?s={search_term_string}"},"query-input":{"@type":"PropertyValueSpecification","valueRequired":true,"valueName":"search_term_string"}}],"inLanguage":"fr-FR"}]}},"_links":{"self":[{"href":"https:\/\/shop.mydrap-professional.com\/fr\/wp-json\/wp\/v2\/product\/20062","targetHints":{"allow":["GET"]}}],"collection":[{"href":"https:\/\/shop.mydrap-professional.com\/fr\/wp-json\/wp\/v2\/product"}],"about":[{"href":"https:\/\/shop.mydrap-professional.com\/fr\/wp-json\/wp\/v2\/types\/product"}],"replies":[{"embeddable":true,"href":"https:\/\/shop.mydrap-professional.com\/fr\/wp-json\/wp\/v2\/comments?post=20062"}],"wp:featuredmedia":[{"embeddable":true,"href":"https:\/\/shop.mydrap-professional.com\/fr\/wp-json\/wp\/v2\/media\/25611"}],"wp:attachment":[{"href":"https:\/\/shop.mydrap-professional.com\/fr\/wp-json\/wp\/v2\/media?parent=20062"}],"wp:term":[{"taxonomy":"product_brand","embeddable":true,"href":"https:\/\/shop.mydrap-professional.com\/fr\/wp-json\/wp\/v2\/product_brand?post=20062"},{"taxonomy":"product_cat","embeddable":true,"href":"https:\/\/shop.mydrap-professional.com\/fr\/wp-json\/wp\/v2\/product_cat?post=20062"},{"taxonomy":"product_tag","embeddable":true,"href":"https:\/\/shop.mydrap-professional.com\/fr\/wp-json\/wp\/v2\/product_tag?post=20062"}],"curies":[{"name":"wp","href":"https:\/\/api.w.org\/{rel}","templated":true}]}}