{"id":21028,"date":"2017-05-04T15:06:39","date_gmt":"2017-12-05T10:06:49","guid":{"rendered":"https:\/\/shop.mydrap-professional.com\/?post_type=product&#038;p=21028\/"},"modified":"2019-02-14T08:52:50","modified_gmt":"2019-02-14T07:52:50","slug":"serviettes-table-chocolate-32x32cm-12u","status":"publish","type":"product","link":"https:\/\/shop.mydrap-professional.com\/fr\/produit\/serviettes-table-chocolate-32x32cm-12u\/","title":{"rendered":"Serviettes de table Chocolate 32x32cm 12u."},"content":{"rendered":"<div class=\"wpb-content-wrapper\"><p>[vc_row][vc_column width=\u00a0\u00bb1\/2&Prime;][vc_column_text]<\/p>\n<h2>Serviettes 100 % coton jetables.<\/h2>\n<p>Serviettes de table 100 % coton sans coutures, hautement absorbantes et au toucher agr\u00e9able. Ces serviettes de table jetables garantissent une hygi\u00e8ne maximale et permettent de r\u00e9duire les co\u00fbts de blanchisserie, tout en offrant au convive le plaisir d\u2019utiliser un produit textile d\u2019excellente qualit\u00e9.<\/p>\n<p>Serviettes de table en tissu de 32 x 32 cm, parfaites pour accompagner tous types de c\u00e9l\u00e9brations et de repas formels. La couleur chocolat permet de cr\u00e9er une ambiance distingu\u00e9e, pleine de caract\u00e8re et accueillante.<\/p>\n<p>Elles sont faciles \u00e0 assortir avec des dessous de verre ou des sets de table de la m\u00eame couleur, ou aussi pour cr\u00e9er d\u2019autres combinaisons. Pour donner \u00e0 votre table un style unique, vous pouvez personnaliser le motif des serviettes avec l\u2019image de marque de votre entreprise, ou m\u00eame choisir le format de pr\u00e9sentation et le pliage qui s\u2019adaptent le mieux \u00e0 vos besoins.<\/p>\n<p>MY DRAP propose un vaste catalogue de serviettes pour \u00e9v\u00e9nements, de serviettes de table, de sets de table et de chemins de table. Comme tous ses produits textiles sont fabriqu\u00e9s avec un tissu jetable, unique sur le march\u00e9, ils conviennent \u00e0 la perfection pour un usage professionnel dans le secteur de l\u2019h\u00f4tellerie et des services de traiteur.[\/vc_column_text][\/vc_column][vc_column width=\u00a0\u00bb1\/2&Prime;][vc_raw_html css=\u00a0\u00bb.vc_custom_1550130766426{padding-left: 15px !important;}\u00a0\u00bb]JTNDZGl2JTIwY2xhc3MlM0QlMjJ3cGJfdmlkZW9fd3JhcHBlciUyMiUyMHN0eWxlJTNEJTIydGV4dC1hbGlnbiUzQWNlbnRlciUyMiUzRSUwQSUzQ2lmcmFtZSUyMHdpZHRoJTNEJTIyNjQwJTIyJTIwaGVpZ2h0JTNEJTIyMzYwJTIyJTIwc3JjJTNEJTIyaHR0cHMlM0ElMkYlMkZ3d3cueW91dHViZS5jb20lMkZlbWJlZCUyRmdzdVNwbXA3bmJNJTNGcGxheWxpc3QlM0Rnc3VTcG1wN25iTSUyNmNvbnRyb2xzJTNEMCUyNmxvb3AlM0QxJTI2cmVsJTNEMCUyNmF1dG9wbGF5JTNEMSUyMiUyMGZyYW1lYm9yZGVyJTNEJTIyMCUyMiUyMGFsbG93JTNEJTIyYWNjZWxlcm9tZXRlciUzQiUyMGF1dG9wbGF5JTNCJTIwZW5jcnlwdGVkLW1lZGlhJTNCJTIwZ3lyb3Njb3BlJTNCJTIwcGljdHVyZS1pbi1waWN0dXJlJTIyJTIwYWxsb3dmdWxsc2NyZWVuJTNFJTNDJTJGaWZyYW1lJTNFJTBBJTNDJTJGZGl2JTNF[\/vc_raw_html][\/vc_column][\/vc_row]<\/p>\n<\/div>","protected":false},"excerpt":{"rendered":"<p>Pr\u00e9d\u00e9coup\u00e9es en rouleau.<\/p>\n","protected":false},"featured_media":21030,"comment_status":"closed","ping_status":"closed","template":"","meta":{"_acf_changed":false},"product_brand":[],"product_cat":[2009],"product_tag":[],"class_list":{"0":"post-21028","1":"product","2":"type-product","3":"status-publish","4":"has-post-thumbnail","6":"product_cat-sin-categorizar","7":"tipologia_producto-serviettes-de-table","9":"first","10":"outofstock","11":"taxable","12":"shipping-taxable","13":"purchasable","14":"product-type-simple"},"acf":[],"yoast_head":"<!-- This site is optimized with the Yoast SEO plugin v27.2 - https:\/\/yoast.com\/product\/yoast-seo-wordpress\/ -->\n<title>Serviettes de table Chocolate 32x32cm 12u. | MY DRAP PROFESSIONAL<\/title>\n<meta name=\"description\" content=\"Serviettes de table en tissu 32x32cm pr\u00e9d\u00e9coup\u00e9es en rouleau. Chocolat. 12u. 100% coton. Habillez votre table avec \u00e9l\u00e9gance. Consultez notre catalogue!\" \/>\n<meta name=\"robots\" content=\"index, follow, max-snippet:-1, max-image-preview:large, max-video-preview:-1\" \/>\n<link rel=\"canonical\" href=\"https:\/\/shop.mydrap-professional.com\/es\/?post_type=product&p=11616\" \/>\n<meta property=\"og:locale\" content=\"fr_FR\" \/>\n<meta property=\"og:type\" content=\"article\" \/>\n<meta property=\"og:title\" content=\"Serviettes de table Chocolate 32x32cm 12u. | MY DRAP PROFESSIONAL\" \/>\n<meta property=\"og:description\" content=\"Serviettes de table en tissu 32x32cm pr\u00e9d\u00e9coup\u00e9es en rouleau. Chocolat. 12u. 100% coton. Habillez votre table avec \u00e9l\u00e9gance. Consultez notre catalogue!\" \/>\n<meta property=\"og:url\" content=\"https:\/\/shop.mydrap-professional.com\/es\/?post_type=product&amp;p=11616\" \/>\n<meta property=\"og:site_name\" content=\"MY DRAP PROFESSIONAL\" \/>\n<meta property=\"article:publisher\" content=\"https:\/\/www.facebook.com\/MYdrap\" \/>\n<meta property=\"article:modified_time\" content=\"2019-02-14T07:52:50+00:00\" \/>\n<meta property=\"og:image\" content=\"https:\/\/shop.mydrap-professional.com\/wp-content\/uploads\/MYDRAP_32x32_601_Capes-3.jpg\" \/>\n\t<meta property=\"og:image:width\" content=\"2000\" \/>\n\t<meta property=\"og:image:height\" content=\"1816\" \/>\n\t<meta property=\"og:image:type\" content=\"image\/jpeg\" \/>\n<meta name=\"twitter:card\" content=\"summary_large_image\" \/>\n<meta name=\"twitter:label1\" content=\"Dur\u00e9e de lecture estim\u00e9e\" \/>\n\t<meta name=\"twitter:data1\" content=\"2 minutes\" \/>\n<script type=\"application\/ld+json\" class=\"yoast-schema-graph\">{\"@context\":\"https:\/\/schema.org\",\"@graph\":[{\"@type\":\"WebPage\",\"@id\":\"https:\/\/shop.mydrap-professional.com\/es\/?post_type=product&p=11616\",\"url\":\"https:\/\/shop.mydrap-professional.com\/es\/?post_type=product&p=11616\",\"name\":\"Serviettes de table Chocolate 32x32cm 12u. | MY DRAP PROFESSIONAL\",\"isPartOf\":{\"@id\":\"https:\/\/shop.mydrap-professional.com\/es\/#website\"},\"primaryImageOfPage\":{\"@id\":\"https:\/\/shop.mydrap-professional.com\/es\/?post_type=product&p=11616#primaryimage\"},\"image\":{\"@id\":\"https:\/\/shop.mydrap-professional.com\/es\/?post_type=product&p=11616#primaryimage\"},\"thumbnailUrl\":\"https:\/\/shop.mydrap-professional.com\/wp-content\/uploads\/MYDRAP_32x32_601_Capes-3.jpg\",\"datePublished\":\"2017-12-05T10:06:49+00:00\",\"dateModified\":\"2019-02-14T07:52:50+00:00\",\"description\":\"Serviettes de table en tissu 32x32cm pr\u00e9d\u00e9coup\u00e9es en rouleau. Chocolat. 12u. 100% coton. Habillez votre table avec \u00e9l\u00e9gance. Consultez notre catalogue!\",\"breadcrumb\":{\"@id\":\"https:\/\/shop.mydrap-professional.com\/es\/?post_type=product&p=11616#breadcrumb\"},\"inLanguage\":\"fr-FR\",\"potentialAction\":[{\"@type\":\"ReadAction\",\"target\":[\"https:\/\/shop.mydrap-professional.com\/es\/?post_type=product&p=11616\"]}]},{\"@type\":\"ImageObject\",\"inLanguage\":\"fr-FR\",\"@id\":\"https:\/\/shop.mydrap-professional.com\/es\/?post_type=product&p=11616#primaryimage\",\"url\":\"https:\/\/shop.mydrap-professional.com\/wp-content\/uploads\/MYDRAP_32x32_601_Capes-3.jpg\",\"contentUrl\":\"https:\/\/shop.mydrap-professional.com\/wp-content\/uploads\/MYDRAP_32x32_601_Capes-3.jpg\",\"width\":2000,\"height\":1816,\"caption\":\"Basics Chocolate 32x32cm\"},{\"@type\":\"BreadcrumbList\",\"@id\":\"https:\/\/shop.mydrap-professional.com\/es\/?post_type=product&p=11616#breadcrumb\",\"itemListElement\":[{\"@type\":\"ListItem\",\"position\":1,\"name\":\"Home\",\"item\":\"https:\/\/shop.mydrap-professional.com\/fr\/\"},{\"@type\":\"ListItem\",\"position\":2,\"name\":\"Produits\",\"item\":\"https:\/\/shop.mydrap-professional.com\/fr\/produits\/\"},{\"@type\":\"ListItem\",\"position\":3,\"name\":\"Serviettes de table Chocolate 32x32cm 12u.\"}]},{\"@type\":\"WebSite\",\"@id\":\"https:\/\/shop.mydrap-professional.com\/es\/#website\",\"url\":\"https:\/\/shop.mydrap-professional.com\/es\/\",\"name\":\"MY DRAP PROFESSIONAL\",\"description\":\"Les uniques serviettes de table en rouleau\",\"potentialAction\":[{\"@type\":\"SearchAction\",\"target\":{\"@type\":\"EntryPoint\",\"urlTemplate\":\"https:\/\/shop.mydrap-professional.com\/es\/?s={search_term_string}\"},\"query-input\":{\"@type\":\"PropertyValueSpecification\",\"valueRequired\":true,\"valueName\":\"search_term_string\"}}],\"inLanguage\":\"fr-FR\"}]}<\/script>\n<!-- \/ Yoast SEO plugin. -->","yoast_head_json":{"title":"Serviettes de table Chocolate 32x32cm 12u. | MY DRAP PROFESSIONAL","description":"Serviettes de table en tissu 32x32cm pr\u00e9d\u00e9coup\u00e9es en rouleau. Chocolat. 12u. 100% coton. Habillez votre table avec \u00e9l\u00e9gance. Consultez notre catalogue!","robots":{"index":"index","follow":"follow","max-snippet":"max-snippet:-1","max-image-preview":"max-image-preview:large","max-video-preview":"max-video-preview:-1"},"canonical":"https:\/\/shop.mydrap-professional.com\/es\/?post_type=product&p=11616","og_locale":"fr_FR","og_type":"article","og_title":"Serviettes de table Chocolate 32x32cm 12u. | MY DRAP PROFESSIONAL","og_description":"Serviettes de table en tissu 32x32cm pr\u00e9d\u00e9coup\u00e9es en rouleau. Chocolat. 12u. 100% coton. Habillez votre table avec \u00e9l\u00e9gance. Consultez notre catalogue!","og_url":"https:\/\/shop.mydrap-professional.com\/es\/?post_type=product&p=11616","og_site_name":"MY DRAP PROFESSIONAL","article_publisher":"https:\/\/www.facebook.com\/MYdrap","article_modified_time":"2019-02-14T07:52:50+00:00","og_image":[{"width":2000,"height":1816,"url":"https:\/\/shop.mydrap-professional.com\/wp-content\/uploads\/MYDRAP_32x32_601_Capes-3.jpg","type":"image\/jpeg"}],"twitter_card":"summary_large_image","twitter_misc":{"Dur\u00e9e de lecture estim\u00e9e":"2 minutes"},"schema":{"@context":"https:\/\/schema.org","@graph":[{"@type":"WebPage","@id":"https:\/\/shop.mydrap-professional.com\/es\/?post_type=product&p=11616","url":"https:\/\/shop.mydrap-professional.com\/es\/?post_type=product&p=11616","name":"Serviettes de table Chocolate 32x32cm 12u. | MY DRAP PROFESSIONAL","isPartOf":{"@id":"https:\/\/shop.mydrap-professional.com\/es\/#website"},"primaryImageOfPage":{"@id":"https:\/\/shop.mydrap-professional.com\/es\/?post_type=product&p=11616#primaryimage"},"image":{"@id":"https:\/\/shop.mydrap-professional.com\/es\/?post_type=product&p=11616#primaryimage"},"thumbnailUrl":"https:\/\/shop.mydrap-professional.com\/wp-content\/uploads\/MYDRAP_32x32_601_Capes-3.jpg","datePublished":"2017-12-05T10:06:49+00:00","dateModified":"2019-02-14T07:52:50+00:00","description":"Serviettes de table en tissu 32x32cm pr\u00e9d\u00e9coup\u00e9es en rouleau. Chocolat. 12u. 100% coton. Habillez votre table avec \u00e9l\u00e9gance. Consultez notre catalogue!","breadcrumb":{"@id":"https:\/\/shop.mydrap-professional.com\/es\/?post_type=product&p=11616#breadcrumb"},"inLanguage":"fr-FR","potentialAction":[{"@type":"ReadAction","target":["https:\/\/shop.mydrap-professional.com\/es\/?post_type=product&p=11616"]}]},{"@type":"ImageObject","inLanguage":"fr-FR","@id":"https:\/\/shop.mydrap-professional.com\/es\/?post_type=product&p=11616#primaryimage","url":"https:\/\/shop.mydrap-professional.com\/wp-content\/uploads\/MYDRAP_32x32_601_Capes-3.jpg","contentUrl":"https:\/\/shop.mydrap-professional.com\/wp-content\/uploads\/MYDRAP_32x32_601_Capes-3.jpg","width":2000,"height":1816,"caption":"Basics Chocolate 32x32cm"},{"@type":"BreadcrumbList","@id":"https:\/\/shop.mydrap-professional.com\/es\/?post_type=product&p=11616#breadcrumb","itemListElement":[{"@type":"ListItem","position":1,"name":"Home","item":"https:\/\/shop.mydrap-professional.com\/fr\/"},{"@type":"ListItem","position":2,"name":"Produits","item":"https:\/\/shop.mydrap-professional.com\/fr\/produits\/"},{"@type":"ListItem","position":3,"name":"Serviettes de table Chocolate 32x32cm 12u."}]},{"@type":"WebSite","@id":"https:\/\/shop.mydrap-professional.com\/es\/#website","url":"https:\/\/shop.mydrap-professional.com\/es\/","name":"MY DRAP PROFESSIONAL","description":"Les uniques serviettes de table en rouleau","potentialAction":[{"@type":"SearchAction","target":{"@type":"EntryPoint","urlTemplate":"https:\/\/shop.mydrap-professional.com\/es\/?s={search_term_string}"},"query-input":{"@type":"PropertyValueSpecification","valueRequired":true,"valueName":"search_term_string"}}],"inLanguage":"fr-FR"}]}},"_links":{"self":[{"href":"https:\/\/shop.mydrap-professional.com\/fr\/wp-json\/wp\/v2\/product\/21028","targetHints":{"allow":["GET"]}}],"collection":[{"href":"https:\/\/shop.mydrap-professional.com\/fr\/wp-json\/wp\/v2\/product"}],"about":[{"href":"https:\/\/shop.mydrap-professional.com\/fr\/wp-json\/wp\/v2\/types\/product"}],"replies":[{"embeddable":true,"href":"https:\/\/shop.mydrap-professional.com\/fr\/wp-json\/wp\/v2\/comments?post=21028"}],"wp:featuredmedia":[{"embeddable":true,"href":"https:\/\/shop.mydrap-professional.com\/fr\/wp-json\/wp\/v2\/media\/21030"}],"wp:attachment":[{"href":"https:\/\/shop.mydrap-professional.com\/fr\/wp-json\/wp\/v2\/media?parent=21028"}],"wp:term":[{"taxonomy":"product_brand","embeddable":true,"href":"https:\/\/shop.mydrap-professional.com\/fr\/wp-json\/wp\/v2\/product_brand?post=21028"},{"taxonomy":"product_cat","embeddable":true,"href":"https:\/\/shop.mydrap-professional.com\/fr\/wp-json\/wp\/v2\/product_cat?post=21028"},{"taxonomy":"product_tag","embeddable":true,"href":"https:\/\/shop.mydrap-professional.com\/fr\/wp-json\/wp\/v2\/product_tag?post=21028"}],"curies":[{"name":"wp","href":"https:\/\/api.w.org\/{rel}","templated":true}]}}