{"id":21387,"date":"2017-05-04T18:14:45","date_gmt":"2017-12-05T12:54:58","guid":{"rendered":"https:\/\/shop.mydrap-professional.com\/?post_type=product&#038;p=21387\/"},"modified":"2024-06-25T16:47:03","modified_gmt":"2024-06-25T14:47:03","slug":"sets-table-lin-cream-45x32cm-12u","status":"publish","type":"product","link":"https:\/\/shop.mydrap-professional.com\/fr\/produit\/sets-table-lin-cream-45x32cm-12u\/","title":{"rendered":"Sets de table en lin Cream 45x32cm 12u."},"content":{"rendered":"<div class=\"wpb-content-wrapper\"><p>[vc_row][vc_column width=\u00a0\u00bb1\/2&Prime;][vc_column_text css=\u00a0\u00bb\u00a0\u00bb]<\/p>\n<h2>Sets de table 50 % coton et 50 % lin jetables.<\/h2>\n<p>Sets de table 50 % coton et 50 % lin, au toucher agr\u00e9able et hautement absorbants, sans coutures. Ce textile jetable innovant permet aux professionnels du secteur des services de traiteur, de l\u2019h\u00f4tellerie et de la restauration de disposer de produits de qualit\u00e9, de gagner du temps et de r\u00e9duire leurs frais d\u2019entretien.<\/p>\n<p>Sets de table de 45 x 32 cm, parfaits pour habiller la table \u00e0 l\u2019occasion de c\u00e9l\u00e9brations et d\u2019\u00e9v\u00e9nements plus formels. La couleur \u00e9crue donne de l\u2019\u00e9l\u00e9gance et de la luminosit\u00e9 \u00e0 la table.<\/p>\n<p>Ils peuvent \u00eatre accompagn\u00e9s de serviettes de table ou de chemins de table de la m\u00eame couleur ou \u00eatre combin\u00e9s avec plus de 20 tonalit\u00e9s de couleur diff\u00e9rentes.<\/p>\n<p>MY DRAP est le petit d\u00e9tail qui fait toute la diff\u00e9rence. Ce produit textile jetable, unique sur le march\u00e9, permet d\u2019habiller la table avec \u00e9l\u00e9gance, sans renoncer \u00e0 la polyvalence et \u00e0 la commodit\u00e9 recherch\u00e9es par les professionnels du secteur.[\/vc_column_text][\/vc_column][vc_column width=\u00a0\u00bb1\/2&Prime;][vc_raw_html css=\u00a0\u00bb.vc_custom_1550134454192{padding-left: 15px !important;}\u00a0\u00bb]JTNDZGl2JTIwY2xhc3MlM0QlMjJ3cGJfdmlkZW9fd3JhcHBlciUyMiUyMHN0eWxlJTNEJTIydGV4dC1hbGlnbiUzQWNlbnRlciUyMiUzRSUwQSUzQ2lmcmFtZSUyMHdpZHRoJTNEJTIyNjQwJTIyJTIwaGVpZ2h0JTNEJTIyMzYwJTIyJTIwc3JjJTNEJTIyaHR0cHMlM0ElMkYlMkZ3d3cueW91dHViZS5jb20lMkZlbWJlZCUyRk4tdzhCeVRGZENZJTNGcGxheWxpc3QlM0ROLXc4QnlURmRDWSUyNmNvbnRyb2xzJTNEMCUyNmxvb3AlM0QxJTI2cmVsJTNEMCUyNmF1dG9wbGF5JTNEMSUyMiUyMGZyYW1lYm9yZGVyJTNEJTIyMCUyMiUyMGFsbG93JTNEJTIyYWNjZWxlcm9tZXRlciUzQiUyMGF1dG9wbGF5JTNCJTIwZW5jcnlwdGVkLW1lZGlhJTNCJTIwZ3lyb3Njb3BlJTNCJTIwcGljdHVyZS1pbi1waWN0dXJlJTIyJTIwYWxsb3dmdWxsc2NyZWVuJTNFJTNDJTJGaWZyYW1lJTNFJTBBJTNDJTJGZGl2JTNF[\/vc_raw_html][\/vc_column][\/vc_row]<\/p>\n<\/div>","protected":false},"excerpt":{"rendered":"<p>Pr\u00e9d\u00e9coup\u00e9es en rouleau.<\/p>\n","protected":false},"featured_media":26128,"comment_status":"closed","ping_status":"closed","template":"","meta":{"_acf_changed":false},"product_brand":[],"product_cat":[2009],"product_tag":[],"class_list":{"0":"post-21387","1":"product","2":"type-product","3":"status-publish","4":"has-post-thumbnail","6":"product_cat-sin-categorizar","7":"tipologia_producto-sets-de-table-et-chemins-de-table","9":"first","10":"instock","11":"taxable","12":"shipping-taxable","13":"purchasable","14":"product-type-simple"},"acf":[],"yoast_head":"<!-- This site is optimized with the Yoast SEO plugin v27.2 - https:\/\/yoast.com\/product\/yoast-seo-wordpress\/ -->\n<title>Sets de table en lin Cream 45x32cm 12u. | MY DRAP PROFESSIONAL<\/title>\n<meta name=\"description\" content=\"Sets de table pr\u00e9d\u00e9coup\u00e9s 48x32cm en rouleau. Couleur \u00e9cru. 12u. 50% coton et 50 % lin. Habillez votre table avec \u00e9l\u00e9gance. Consultez notre catalogue!\" \/>\n<meta name=\"robots\" content=\"index, follow, max-snippet:-1, max-image-preview:large, max-video-preview:-1\" \/>\n<link rel=\"canonical\" href=\"https:\/\/shop.mydrap-professional.com\/fr\/produit\/sets-table-lin-cream-45x32cm-12u\/\" \/>\n<meta property=\"og:locale\" content=\"fr_FR\" \/>\n<meta property=\"og:type\" content=\"article\" \/>\n<meta property=\"og:title\" content=\"Sets de table en lin Cream 45x32cm 12u. | MY DRAP PROFESSIONAL\" \/>\n<meta property=\"og:description\" content=\"Sets de table pr\u00e9d\u00e9coup\u00e9s 48x32cm en rouleau. Couleur \u00e9cru. 12u. 50% coton et 50 % lin. Habillez votre table avec \u00e9l\u00e9gance. Consultez notre catalogue!\" \/>\n<meta property=\"og:url\" content=\"https:\/\/shop.mydrap-professional.com\/fr\/produit\/sets-table-lin-cream-45x32cm-12u\/\" \/>\n<meta property=\"og:site_name\" content=\"MY DRAP PROFESSIONAL\" \/>\n<meta property=\"article:publisher\" content=\"https:\/\/www.facebook.com\/MYdrap\" \/>\n<meta property=\"article:modified_time\" content=\"2024-06-25T14:47:03+00:00\" \/>\n<meta property=\"og:image\" content=\"https:\/\/shop.mydrap-professional.com\/wp-content\/uploads\/cream-linen-48x32I.jpg\" \/>\n\t<meta property=\"og:image:width\" content=\"1280\" \/>\n\t<meta property=\"og:image:height\" content=\"1162\" \/>\n\t<meta property=\"og:image:type\" content=\"image\/jpeg\" \/>\n<meta name=\"twitter:card\" content=\"summary_large_image\" \/>\n<meta name=\"twitter:label1\" content=\"Dur\u00e9e de lecture estim\u00e9e\" \/>\n\t<meta name=\"twitter:data1\" content=\"1 minute\" \/>\n<script type=\"application\/ld+json\" class=\"yoast-schema-graph\">{\"@context\":\"https:\/\/schema.org\",\"@graph\":[{\"@type\":\"WebPage\",\"@id\":\"https:\/\/shop.mydrap-professional.com\/fr\/produit\/sets-table-lin-cream-45x32cm-12u\/\",\"url\":\"https:\/\/shop.mydrap-professional.com\/fr\/produit\/sets-table-lin-cream-45x32cm-12u\/\",\"name\":\"Sets de table en lin Cream 45x32cm 12u. | MY DRAP PROFESSIONAL\",\"isPartOf\":{\"@id\":\"https:\/\/shop.mydrap-professional.com\/es\/#website\"},\"primaryImageOfPage\":{\"@id\":\"https:\/\/shop.mydrap-professional.com\/fr\/produit\/sets-table-lin-cream-45x32cm-12u\/#primaryimage\"},\"image\":{\"@id\":\"https:\/\/shop.mydrap-professional.com\/fr\/produit\/sets-table-lin-cream-45x32cm-12u\/#primaryimage\"},\"thumbnailUrl\":\"https:\/\/shop.mydrap-professional.com\/wp-content\/uploads\/cream-linen-48x32I.jpg\",\"datePublished\":\"2017-12-05T12:54:58+00:00\",\"dateModified\":\"2024-06-25T14:47:03+00:00\",\"description\":\"Sets de table pr\u00e9d\u00e9coup\u00e9s 48x32cm en rouleau. Couleur \u00e9cru. 12u. 50% coton et 50 % lin. Habillez votre table avec \u00e9l\u00e9gance. Consultez notre catalogue!\",\"breadcrumb\":{\"@id\":\"https:\/\/shop.mydrap-professional.com\/fr\/produit\/sets-table-lin-cream-45x32cm-12u\/#breadcrumb\"},\"inLanguage\":\"fr-FR\",\"potentialAction\":[{\"@type\":\"ReadAction\",\"target\":[\"https:\/\/shop.mydrap-professional.com\/fr\/produit\/sets-table-lin-cream-45x32cm-12u\/\"]}]},{\"@type\":\"ImageObject\",\"inLanguage\":\"fr-FR\",\"@id\":\"https:\/\/shop.mydrap-professional.com\/fr\/produit\/sets-table-lin-cream-45x32cm-12u\/#primaryimage\",\"url\":\"https:\/\/shop.mydrap-professional.com\/wp-content\/uploads\/cream-linen-48x32I.jpg\",\"contentUrl\":\"https:\/\/shop.mydrap-professional.com\/wp-content\/uploads\/cream-linen-48x32I.jpg\",\"width\":1280,\"height\":1162},{\"@type\":\"BreadcrumbList\",\"@id\":\"https:\/\/shop.mydrap-professional.com\/fr\/produit\/sets-table-lin-cream-45x32cm-12u\/#breadcrumb\",\"itemListElement\":[{\"@type\":\"ListItem\",\"position\":1,\"name\":\"Home\",\"item\":\"https:\/\/shop.mydrap-professional.com\/fr\/\"},{\"@type\":\"ListItem\",\"position\":2,\"name\":\"Produits\",\"item\":\"https:\/\/shop.mydrap-professional.com\/fr\/produits\/\"},{\"@type\":\"ListItem\",\"position\":3,\"name\":\"Sets de table en lin Cream 45x32cm 12u.\"}]},{\"@type\":\"WebSite\",\"@id\":\"https:\/\/shop.mydrap-professional.com\/es\/#website\",\"url\":\"https:\/\/shop.mydrap-professional.com\/es\/\",\"name\":\"MY DRAP PROFESSIONAL\",\"description\":\"Les uniques serviettes de table en rouleau\",\"potentialAction\":[{\"@type\":\"SearchAction\",\"target\":{\"@type\":\"EntryPoint\",\"urlTemplate\":\"https:\/\/shop.mydrap-professional.com\/es\/?s={search_term_string}\"},\"query-input\":{\"@type\":\"PropertyValueSpecification\",\"valueRequired\":true,\"valueName\":\"search_term_string\"}}],\"inLanguage\":\"fr-FR\"}]}<\/script>\n<!-- \/ Yoast SEO plugin. -->","yoast_head_json":{"title":"Sets de table en lin Cream 45x32cm 12u. | MY DRAP PROFESSIONAL","description":"Sets de table pr\u00e9d\u00e9coup\u00e9s 48x32cm en rouleau. Couleur \u00e9cru. 12u. 50% coton et 50 % lin. Habillez votre table avec \u00e9l\u00e9gance. Consultez notre catalogue!","robots":{"index":"index","follow":"follow","max-snippet":"max-snippet:-1","max-image-preview":"max-image-preview:large","max-video-preview":"max-video-preview:-1"},"canonical":"https:\/\/shop.mydrap-professional.com\/fr\/produit\/sets-table-lin-cream-45x32cm-12u\/","og_locale":"fr_FR","og_type":"article","og_title":"Sets de table en lin Cream 45x32cm 12u. | MY DRAP PROFESSIONAL","og_description":"Sets de table pr\u00e9d\u00e9coup\u00e9s 48x32cm en rouleau. Couleur \u00e9cru. 12u. 50% coton et 50 % lin. Habillez votre table avec \u00e9l\u00e9gance. Consultez notre catalogue!","og_url":"https:\/\/shop.mydrap-professional.com\/fr\/produit\/sets-table-lin-cream-45x32cm-12u\/","og_site_name":"MY DRAP PROFESSIONAL","article_publisher":"https:\/\/www.facebook.com\/MYdrap","article_modified_time":"2024-06-25T14:47:03+00:00","og_image":[{"width":1280,"height":1162,"url":"https:\/\/shop.mydrap-professional.com\/wp-content\/uploads\/cream-linen-48x32I.jpg","type":"image\/jpeg"}],"twitter_card":"summary_large_image","twitter_misc":{"Dur\u00e9e de lecture estim\u00e9e":"1 minute"},"schema":{"@context":"https:\/\/schema.org","@graph":[{"@type":"WebPage","@id":"https:\/\/shop.mydrap-professional.com\/fr\/produit\/sets-table-lin-cream-45x32cm-12u\/","url":"https:\/\/shop.mydrap-professional.com\/fr\/produit\/sets-table-lin-cream-45x32cm-12u\/","name":"Sets de table en lin Cream 45x32cm 12u. | MY DRAP PROFESSIONAL","isPartOf":{"@id":"https:\/\/shop.mydrap-professional.com\/es\/#website"},"primaryImageOfPage":{"@id":"https:\/\/shop.mydrap-professional.com\/fr\/produit\/sets-table-lin-cream-45x32cm-12u\/#primaryimage"},"image":{"@id":"https:\/\/shop.mydrap-professional.com\/fr\/produit\/sets-table-lin-cream-45x32cm-12u\/#primaryimage"},"thumbnailUrl":"https:\/\/shop.mydrap-professional.com\/wp-content\/uploads\/cream-linen-48x32I.jpg","datePublished":"2017-12-05T12:54:58+00:00","dateModified":"2024-06-25T14:47:03+00:00","description":"Sets de table pr\u00e9d\u00e9coup\u00e9s 48x32cm en rouleau. Couleur \u00e9cru. 12u. 50% coton et 50 % lin. Habillez votre table avec \u00e9l\u00e9gance. Consultez notre catalogue!","breadcrumb":{"@id":"https:\/\/shop.mydrap-professional.com\/fr\/produit\/sets-table-lin-cream-45x32cm-12u\/#breadcrumb"},"inLanguage":"fr-FR","potentialAction":[{"@type":"ReadAction","target":["https:\/\/shop.mydrap-professional.com\/fr\/produit\/sets-table-lin-cream-45x32cm-12u\/"]}]},{"@type":"ImageObject","inLanguage":"fr-FR","@id":"https:\/\/shop.mydrap-professional.com\/fr\/produit\/sets-table-lin-cream-45x32cm-12u\/#primaryimage","url":"https:\/\/shop.mydrap-professional.com\/wp-content\/uploads\/cream-linen-48x32I.jpg","contentUrl":"https:\/\/shop.mydrap-professional.com\/wp-content\/uploads\/cream-linen-48x32I.jpg","width":1280,"height":1162},{"@type":"BreadcrumbList","@id":"https:\/\/shop.mydrap-professional.com\/fr\/produit\/sets-table-lin-cream-45x32cm-12u\/#breadcrumb","itemListElement":[{"@type":"ListItem","position":1,"name":"Home","item":"https:\/\/shop.mydrap-professional.com\/fr\/"},{"@type":"ListItem","position":2,"name":"Produits","item":"https:\/\/shop.mydrap-professional.com\/fr\/produits\/"},{"@type":"ListItem","position":3,"name":"Sets de table en lin Cream 45x32cm 12u."}]},{"@type":"WebSite","@id":"https:\/\/shop.mydrap-professional.com\/es\/#website","url":"https:\/\/shop.mydrap-professional.com\/es\/","name":"MY DRAP PROFESSIONAL","description":"Les uniques serviettes de table en rouleau","potentialAction":[{"@type":"SearchAction","target":{"@type":"EntryPoint","urlTemplate":"https:\/\/shop.mydrap-professional.com\/es\/?s={search_term_string}"},"query-input":{"@type":"PropertyValueSpecification","valueRequired":true,"valueName":"search_term_string"}}],"inLanguage":"fr-FR"}]}},"_links":{"self":[{"href":"https:\/\/shop.mydrap-professional.com\/fr\/wp-json\/wp\/v2\/product\/21387","targetHints":{"allow":["GET"]}}],"collection":[{"href":"https:\/\/shop.mydrap-professional.com\/fr\/wp-json\/wp\/v2\/product"}],"about":[{"href":"https:\/\/shop.mydrap-professional.com\/fr\/wp-json\/wp\/v2\/types\/product"}],"replies":[{"embeddable":true,"href":"https:\/\/shop.mydrap-professional.com\/fr\/wp-json\/wp\/v2\/comments?post=21387"}],"wp:featuredmedia":[{"embeddable":true,"href":"https:\/\/shop.mydrap-professional.com\/fr\/wp-json\/wp\/v2\/media\/26128"}],"wp:attachment":[{"href":"https:\/\/shop.mydrap-professional.com\/fr\/wp-json\/wp\/v2\/media?parent=21387"}],"wp:term":[{"taxonomy":"product_brand","embeddable":true,"href":"https:\/\/shop.mydrap-professional.com\/fr\/wp-json\/wp\/v2\/product_brand?post=21387"},{"taxonomy":"product_cat","embeddable":true,"href":"https:\/\/shop.mydrap-professional.com\/fr\/wp-json\/wp\/v2\/product_cat?post=21387"},{"taxonomy":"product_tag","embeddable":true,"href":"https:\/\/shop.mydrap-professional.com\/fr\/wp-json\/wp\/v2\/product_tag?post=21387"}],"curies":[{"name":"wp","href":"https:\/\/api.w.org\/{rel}","templated":true}]}}