{"id":25520,"date":"2018-02-20T13:27:28","date_gmt":"2018-03-28T08:54:55","guid":{"rendered":"https:\/\/shop.mydrap-professional.com\/?post_type=product&#038;p=25520"},"modified":"2024-06-25T15:48:28","modified_gmt":"2024-06-25T13:48:28","slug":"serviettes-evenements-cream-15x15cm-100u","status":"publish","type":"product","link":"https:\/\/shop.mydrap-professional.com\/fr\/produit\/serviettes-evenements-cream-15x15cm-100u\/","title":{"rendered":"Serviettes \u00e9v\u00e9nements Cream 15x15cm 100u."},"content":{"rendered":"<h2>Serviettes 100 % coton jetables.<\/h2>\n<p>Serviettes pour \u00e9v\u00e9nements 100 % coton sans coutures, au toucher doux et hautement absorbantes. Elles combinent la qualit\u00e9 du coton avec les avantages des serviettes jetables: elles sont hygi\u00e9niques, elles occupent moins d\u2019espace de stockage et permettent de r\u00e9duire les co\u00fbts et la gestion de blanchisserie.<\/p>\n<p>Serviettes de table en tissu de 15 x 15cm, id\u00e9ales pour accompagner des pauses-caf\u00e9, des cocktails ou des lunchs \u00e0 l\u2019occasion de salons, de congr\u00e8s et autres \u00e9v\u00e9nements. La couleur \u00e9crue donne de l\u2019\u00e9l\u00e9gance et de la luminosit\u00e9 \u00e0 la table.<\/p>\n<p>Elles peuvent \u00eatre combin\u00e9es avec des sets de table et d\u2019autres serviettes de diff\u00e9rentes tailles. Nous pouvons aussi les personnaliser selon vos besoins pour en faire un produit unique et exclusif.<\/p>\n<p>Forte d\u2019une longue exp\u00e9rience dans le secteur textile, la marque MY DRAP dispose d\u2019un vaste catalogue de serviettes pour \u00e9v\u00e9nements, de serviettes de table, de sets de table et de chemins de table. Uniques sur le march\u00e9, ces produits textiles jetables sont parfaits pour un usage professionnel dans le secteur de l\u2019h\u00f4tellerie et des services de traiteur.<\/p>\n","protected":false},"excerpt":{"rendered":"<p>Pr\u00e9d\u00e9coup\u00e9es en rouleau.<\/p>\n","protected":false},"featured_media":25545,"comment_status":"closed","ping_status":"closed","template":"","meta":{"_acf_changed":false},"product_brand":[],"product_cat":[2009],"product_tag":[],"class_list":{"0":"post-25520","1":"product","2":"type-product","3":"status-publish","4":"has-post-thumbnail","6":"product_cat-sin-categorizar","7":"tipologia_producto-serviettes-evenements","9":"first","10":"instock","11":"taxable","12":"shipping-taxable","13":"purchasable","14":"product-type-simple"},"acf":[],"yoast_head":"<!-- This site is optimized with the Yoast SEO plugin v27.2 - https:\/\/yoast.com\/product\/yoast-seo-wordpress\/ -->\n<title>Serviettes \u00e9v\u00e9nements Cream 15x15cm 100u. | MY DRAP PROFESSIONAL<\/title>\n<meta name=\"description\" content=\"Serviettes \u00e9v\u00e9nements 16x16cm pr\u00e9d\u00e9coup\u00e9es en rouleau. Couleur \u00e9cru. 100u. 100% coton. Habillez votre table avec \u00e9l\u00e9gance. Consultez notre catalogue!\" \/>\n<meta name=\"robots\" content=\"index, follow, max-snippet:-1, max-image-preview:large, max-video-preview:-1\" \/>\n<link rel=\"canonical\" href=\"https:\/\/shop.mydrap-professional.com\/fr\/produit\/serviettes-evenements-cream-15x15cm-100u\/\" \/>\n<meta property=\"og:locale\" content=\"fr_FR\" \/>\n<meta property=\"og:type\" content=\"article\" \/>\n<meta property=\"og:title\" content=\"Serviettes \u00e9v\u00e9nements Cream 15x15cm 100u. | MY DRAP PROFESSIONAL\" \/>\n<meta property=\"og:description\" content=\"Serviettes \u00e9v\u00e9nements 16x16cm pr\u00e9d\u00e9coup\u00e9es en rouleau. Couleur \u00e9cru. 100u. 100% coton. Habillez votre table avec \u00e9l\u00e9gance. Consultez notre catalogue!\" \/>\n<meta property=\"og:url\" content=\"https:\/\/shop.mydrap-professional.com\/fr\/produit\/serviettes-evenements-cream-15x15cm-100u\/\" \/>\n<meta property=\"og:site_name\" content=\"MY DRAP PROFESSIONAL\" \/>\n<meta property=\"article:publisher\" content=\"https:\/\/www.facebook.com\/MYdrap\" \/>\n<meta property=\"article:modified_time\" content=\"2024-06-25T13:48:28+00:00\" \/>\n<meta property=\"og:image\" content=\"https:\/\/shop.mydrap-professional.com\/wp-content\/uploads\/MYDRAP_1382_16X16_CRUDO_1280X1162-4.jpg\" \/>\n\t<meta property=\"og:image:width\" content=\"1280\" \/>\n\t<meta property=\"og:image:height\" content=\"1162\" \/>\n\t<meta property=\"og:image:type\" content=\"image\/jpeg\" \/>\n<meta name=\"twitter:card\" content=\"summary_large_image\" \/>\n<meta name=\"twitter:label1\" content=\"Dur\u00e9e de lecture estim\u00e9e\" \/>\n\t<meta name=\"twitter:data1\" content=\"2 minutes\" \/>\n<script type=\"application\/ld+json\" class=\"yoast-schema-graph\">{\"@context\":\"https:\/\/schema.org\",\"@graph\":[{\"@type\":\"WebPage\",\"@id\":\"https:\/\/shop.mydrap-professional.com\/fr\/produit\/serviettes-evenements-cream-15x15cm-100u\/\",\"url\":\"https:\/\/shop.mydrap-professional.com\/fr\/produit\/serviettes-evenements-cream-15x15cm-100u\/\",\"name\":\"Serviettes \u00e9v\u00e9nements Cream 15x15cm 100u. | MY DRAP PROFESSIONAL\",\"isPartOf\":{\"@id\":\"https:\/\/shop.mydrap-professional.com\/es\/#website\"},\"primaryImageOfPage\":{\"@id\":\"https:\/\/shop.mydrap-professional.com\/fr\/produit\/serviettes-evenements-cream-15x15cm-100u\/#primaryimage\"},\"image\":{\"@id\":\"https:\/\/shop.mydrap-professional.com\/fr\/produit\/serviettes-evenements-cream-15x15cm-100u\/#primaryimage\"},\"thumbnailUrl\":\"https:\/\/shop.mydrap-professional.com\/wp-content\/uploads\/MYDRAP_1382_16X16_CRUDO_1280X1162-4.jpg\",\"datePublished\":\"2018-03-28T08:54:55+00:00\",\"dateModified\":\"2024-06-25T13:48:28+00:00\",\"description\":\"Serviettes \u00e9v\u00e9nements 16x16cm pr\u00e9d\u00e9coup\u00e9es en rouleau. Couleur \u00e9cru. 100u. 100% coton. Habillez votre table avec \u00e9l\u00e9gance. Consultez notre catalogue!\",\"breadcrumb\":{\"@id\":\"https:\/\/shop.mydrap-professional.com\/fr\/produit\/serviettes-evenements-cream-15x15cm-100u\/#breadcrumb\"},\"inLanguage\":\"fr-FR\",\"potentialAction\":[{\"@type\":\"ReadAction\",\"target\":[\"https:\/\/shop.mydrap-professional.com\/fr\/produit\/serviettes-evenements-cream-15x15cm-100u\/\"]}]},{\"@type\":\"ImageObject\",\"inLanguage\":\"fr-FR\",\"@id\":\"https:\/\/shop.mydrap-professional.com\/fr\/produit\/serviettes-evenements-cream-15x15cm-100u\/#primaryimage\",\"url\":\"https:\/\/shop.mydrap-professional.com\/wp-content\/uploads\/MYDRAP_1382_16X16_CRUDO_1280X1162-4.jpg\",\"contentUrl\":\"https:\/\/shop.mydrap-professional.com\/wp-content\/uploads\/MYDRAP_1382_16X16_CRUDO_1280X1162-4.jpg\",\"width\":1280,\"height\":1162},{\"@type\":\"BreadcrumbList\",\"@id\":\"https:\/\/shop.mydrap-professional.com\/fr\/produit\/serviettes-evenements-cream-15x15cm-100u\/#breadcrumb\",\"itemListElement\":[{\"@type\":\"ListItem\",\"position\":1,\"name\":\"Home\",\"item\":\"https:\/\/shop.mydrap-professional.com\/fr\/\"},{\"@type\":\"ListItem\",\"position\":2,\"name\":\"Produits\",\"item\":\"https:\/\/shop.mydrap-professional.com\/fr\/produits\/\"},{\"@type\":\"ListItem\",\"position\":3,\"name\":\"Serviettes \u00e9v\u00e9nements Cream 15x15cm 100u.\"}]},{\"@type\":\"WebSite\",\"@id\":\"https:\/\/shop.mydrap-professional.com\/es\/#website\",\"url\":\"https:\/\/shop.mydrap-professional.com\/es\/\",\"name\":\"MY DRAP PROFESSIONAL\",\"description\":\"Les uniques serviettes de table en rouleau\",\"potentialAction\":[{\"@type\":\"SearchAction\",\"target\":{\"@type\":\"EntryPoint\",\"urlTemplate\":\"https:\/\/shop.mydrap-professional.com\/es\/?s={search_term_string}\"},\"query-input\":{\"@type\":\"PropertyValueSpecification\",\"valueRequired\":true,\"valueName\":\"search_term_string\"}}],\"inLanguage\":\"fr-FR\"}]}<\/script>\n<!-- \/ Yoast SEO plugin. -->","yoast_head_json":{"title":"Serviettes \u00e9v\u00e9nements Cream 15x15cm 100u. | MY DRAP PROFESSIONAL","description":"Serviettes \u00e9v\u00e9nements 16x16cm pr\u00e9d\u00e9coup\u00e9es en rouleau. Couleur \u00e9cru. 100u. 100% coton. Habillez votre table avec \u00e9l\u00e9gance. Consultez notre catalogue!","robots":{"index":"index","follow":"follow","max-snippet":"max-snippet:-1","max-image-preview":"max-image-preview:large","max-video-preview":"max-video-preview:-1"},"canonical":"https:\/\/shop.mydrap-professional.com\/fr\/produit\/serviettes-evenements-cream-15x15cm-100u\/","og_locale":"fr_FR","og_type":"article","og_title":"Serviettes \u00e9v\u00e9nements Cream 15x15cm 100u. | MY DRAP PROFESSIONAL","og_description":"Serviettes \u00e9v\u00e9nements 16x16cm pr\u00e9d\u00e9coup\u00e9es en rouleau. Couleur \u00e9cru. 100u. 100% coton. Habillez votre table avec \u00e9l\u00e9gance. Consultez notre catalogue!","og_url":"https:\/\/shop.mydrap-professional.com\/fr\/produit\/serviettes-evenements-cream-15x15cm-100u\/","og_site_name":"MY DRAP PROFESSIONAL","article_publisher":"https:\/\/www.facebook.com\/MYdrap","article_modified_time":"2024-06-25T13:48:28+00:00","og_image":[{"width":1280,"height":1162,"url":"https:\/\/shop.mydrap-professional.com\/wp-content\/uploads\/MYDRAP_1382_16X16_CRUDO_1280X1162-4.jpg","type":"image\/jpeg"}],"twitter_card":"summary_large_image","twitter_misc":{"Dur\u00e9e de lecture estim\u00e9e":"2 minutes"},"schema":{"@context":"https:\/\/schema.org","@graph":[{"@type":"WebPage","@id":"https:\/\/shop.mydrap-professional.com\/fr\/produit\/serviettes-evenements-cream-15x15cm-100u\/","url":"https:\/\/shop.mydrap-professional.com\/fr\/produit\/serviettes-evenements-cream-15x15cm-100u\/","name":"Serviettes \u00e9v\u00e9nements Cream 15x15cm 100u. | MY DRAP PROFESSIONAL","isPartOf":{"@id":"https:\/\/shop.mydrap-professional.com\/es\/#website"},"primaryImageOfPage":{"@id":"https:\/\/shop.mydrap-professional.com\/fr\/produit\/serviettes-evenements-cream-15x15cm-100u\/#primaryimage"},"image":{"@id":"https:\/\/shop.mydrap-professional.com\/fr\/produit\/serviettes-evenements-cream-15x15cm-100u\/#primaryimage"},"thumbnailUrl":"https:\/\/shop.mydrap-professional.com\/wp-content\/uploads\/MYDRAP_1382_16X16_CRUDO_1280X1162-4.jpg","datePublished":"2018-03-28T08:54:55+00:00","dateModified":"2024-06-25T13:48:28+00:00","description":"Serviettes \u00e9v\u00e9nements 16x16cm pr\u00e9d\u00e9coup\u00e9es en rouleau. Couleur \u00e9cru. 100u. 100% coton. Habillez votre table avec \u00e9l\u00e9gance. Consultez notre catalogue!","breadcrumb":{"@id":"https:\/\/shop.mydrap-professional.com\/fr\/produit\/serviettes-evenements-cream-15x15cm-100u\/#breadcrumb"},"inLanguage":"fr-FR","potentialAction":[{"@type":"ReadAction","target":["https:\/\/shop.mydrap-professional.com\/fr\/produit\/serviettes-evenements-cream-15x15cm-100u\/"]}]},{"@type":"ImageObject","inLanguage":"fr-FR","@id":"https:\/\/shop.mydrap-professional.com\/fr\/produit\/serviettes-evenements-cream-15x15cm-100u\/#primaryimage","url":"https:\/\/shop.mydrap-professional.com\/wp-content\/uploads\/MYDRAP_1382_16X16_CRUDO_1280X1162-4.jpg","contentUrl":"https:\/\/shop.mydrap-professional.com\/wp-content\/uploads\/MYDRAP_1382_16X16_CRUDO_1280X1162-4.jpg","width":1280,"height":1162},{"@type":"BreadcrumbList","@id":"https:\/\/shop.mydrap-professional.com\/fr\/produit\/serviettes-evenements-cream-15x15cm-100u\/#breadcrumb","itemListElement":[{"@type":"ListItem","position":1,"name":"Home","item":"https:\/\/shop.mydrap-professional.com\/fr\/"},{"@type":"ListItem","position":2,"name":"Produits","item":"https:\/\/shop.mydrap-professional.com\/fr\/produits\/"},{"@type":"ListItem","position":3,"name":"Serviettes \u00e9v\u00e9nements Cream 15x15cm 100u."}]},{"@type":"WebSite","@id":"https:\/\/shop.mydrap-professional.com\/es\/#website","url":"https:\/\/shop.mydrap-professional.com\/es\/","name":"MY DRAP PROFESSIONAL","description":"Les uniques serviettes de table en rouleau","potentialAction":[{"@type":"SearchAction","target":{"@type":"EntryPoint","urlTemplate":"https:\/\/shop.mydrap-professional.com\/es\/?s={search_term_string}"},"query-input":{"@type":"PropertyValueSpecification","valueRequired":true,"valueName":"search_term_string"}}],"inLanguage":"fr-FR"}]}},"_links":{"self":[{"href":"https:\/\/shop.mydrap-professional.com\/fr\/wp-json\/wp\/v2\/product\/25520","targetHints":{"allow":["GET"]}}],"collection":[{"href":"https:\/\/shop.mydrap-professional.com\/fr\/wp-json\/wp\/v2\/product"}],"about":[{"href":"https:\/\/shop.mydrap-professional.com\/fr\/wp-json\/wp\/v2\/types\/product"}],"replies":[{"embeddable":true,"href":"https:\/\/shop.mydrap-professional.com\/fr\/wp-json\/wp\/v2\/comments?post=25520"}],"wp:featuredmedia":[{"embeddable":true,"href":"https:\/\/shop.mydrap-professional.com\/fr\/wp-json\/wp\/v2\/media\/25545"}],"wp:attachment":[{"href":"https:\/\/shop.mydrap-professional.com\/fr\/wp-json\/wp\/v2\/media?parent=25520"}],"wp:term":[{"taxonomy":"product_brand","embeddable":true,"href":"https:\/\/shop.mydrap-professional.com\/fr\/wp-json\/wp\/v2\/product_brand?post=25520"},{"taxonomy":"product_cat","embeddable":true,"href":"https:\/\/shop.mydrap-professional.com\/fr\/wp-json\/wp\/v2\/product_cat?post=25520"},{"taxonomy":"product_tag","embeddable":true,"href":"https:\/\/shop.mydrap-professional.com\/fr\/wp-json\/wp\/v2\/product_tag?post=25520"}],"curies":[{"name":"wp","href":"https:\/\/api.w.org\/{rel}","templated":true}]}}