{"id":25707,"date":"2018-02-20T13:53:19","date_gmt":"2018-03-28T10:21:05","guid":{"rendered":"https:\/\/shop.mydrap-professional.com\/?post_type=product&#038;p=25707"},"modified":"2018-07-10T13:59:17","modified_gmt":"2018-07-10T11:59:17","slug":"serviettes-table-cream-20x40cm-30u","status":"publish","type":"product","link":"https:\/\/shop.mydrap-professional.com\/fr\/produit\/serviettes-table-cream-20x40cm-30u\/","title":{"rendered":"Serviettes de table Cream 20x40cm 30u."},"content":{"rendered":"<h2>Serviettes de table 100 % coton jetables.<\/h2>\n<p>Serviettes de table 100 % coton sans coutures, hautement absorbantes et au toucher agr\u00e9able. Ces serviettes de table jetables garantissent une hygi\u00e8ne maximale et permettent de r\u00e9duire les co\u00fbts de blanchisserie, tout en offrant au convive le plaisir d\u2019utiliser un produit textile d\u2019excellente qualit\u00e9.<\/p>\n<p>Serviettes de table en tissu de 20&#215;40 cm, avec un <strong>design parfait pour ins\u00e9rer les couverts dans le poche<\/strong> et accompagner tous types de repas, ainsi qu\u2019\u00e0 l\u2019occasion d\u2019\u00e9v\u00e9nements plus formels. La couleur \u00e9crue donne de l\u2019\u00e9l\u00e9gance et de la luminosit\u00e9 \u00e0 la table.<\/p>\n<p>Elles sont faciles \u00e0 assortir avec des dessous de verre ou des sets de table de la m\u00eame couleur, ou aussi pour cr\u00e9er d\u2019autres combinaisons. Pour donner \u00e0 votre table un style unique, vous pouvez personnaliser le motif des serviettes avec l\u2019image de marque de votre entreprise, ou m\u00eame choisir le format de pr\u00e9sentation et le pliage qui s\u2019adaptent le mieux \u00e0 vos besoins.<\/p>\n<p>MY DRAP propose un vaste catalogue de serviettes pour \u00e9v\u00e9nements, de serviettes de table, de sets de table et de chemins de table. Comme tous ses produits textiles sont fabriqu\u00e9s avec un tissu jetable, unique sur le march\u00e9, ils conviennent \u00e0 la perfection pour un usage professionnel dans le secteur de l\u2019h\u00f4tellerie et des services de traiteur.<\/p>\n","protected":false},"excerpt":{"rendered":"<p>\u00c0 plat pr\u00e9d\u00e9coup\u00e9. Serviette pliage porte-couverts.<\/p>\n","protected":false},"featured_media":26968,"comment_status":"closed","ping_status":"closed","template":"","meta":{"_acf_changed":false},"product_brand":[],"product_cat":[2009],"product_tag":[],"class_list":{"0":"post-25707","1":"product","2":"type-product","3":"status-publish","4":"has-post-thumbnail","6":"product_cat-sin-categorizar","7":"tipologia_producto-serviettes-de-table","9":"first","10":"instock","11":"taxable","12":"shipping-taxable","13":"purchasable","14":"product-type-simple"},"acf":[],"yoast_head":"<!-- This site is optimized with the Yoast SEO plugin v27.2 - https:\/\/yoast.com\/product\/yoast-seo-wordpress\/ -->\n<title>Serviettes de table Cream 20x40cm 30u. | MY DRAP PROFESSIONAL<\/title>\n<meta name=\"description\" content=\"Serviettes de table 20x40cm \u00e0 plat pr\u00e9d\u00e9coup\u00e9es. Couleur \u00e9cru. 30u. 100% coton. Habillez votre table avec \u00e9l\u00e9gance. Consultez notre catalogue!\" \/>\n<meta name=\"robots\" content=\"index, follow, max-snippet:-1, max-image-preview:large, max-video-preview:-1\" \/>\n<link rel=\"canonical\" href=\"https:\/\/shop.mydrap-professional.com\/fr\/produit\/serviettes-table-cream-20x40cm-30u\/\" \/>\n<meta property=\"og:locale\" content=\"fr_FR\" \/>\n<meta property=\"og:type\" content=\"article\" \/>\n<meta property=\"og:title\" content=\"Serviettes de table Cream 20x40cm 30u. | MY DRAP PROFESSIONAL\" \/>\n<meta property=\"og:description\" content=\"Serviettes de table 20x40cm \u00e0 plat pr\u00e9d\u00e9coup\u00e9es. Couleur \u00e9cru. 30u. 100% coton. Habillez votre table avec \u00e9l\u00e9gance. Consultez notre catalogue!\" \/>\n<meta property=\"og:url\" content=\"https:\/\/shop.mydrap-professional.com\/fr\/produit\/serviettes-table-cream-20x40cm-30u\/\" \/>\n<meta property=\"og:site_name\" content=\"MY DRAP PROFESSIONAL\" \/>\n<meta property=\"article:publisher\" content=\"https:\/\/www.facebook.com\/MYdrap\" \/>\n<meta property=\"article:modified_time\" content=\"2018-07-10T11:59:17+00:00\" \/>\n<meta property=\"og:image\" content=\"https:\/\/shop.mydrap-professional.com\/wp-content\/uploads\/MYDRAP_13961403_20x40_DOBLADO_CRUDO_2000x1816.jpg\" \/>\n\t<meta property=\"og:image:width\" content=\"2000\" \/>\n\t<meta property=\"og:image:height\" content=\"1816\" \/>\n\t<meta property=\"og:image:type\" content=\"image\/jpeg\" \/>\n<meta name=\"twitter:card\" content=\"summary_large_image\" \/>\n<meta name=\"twitter:label1\" content=\"Dur\u00e9e de lecture estim\u00e9e\" \/>\n\t<meta name=\"twitter:data1\" content=\"1 minute\" \/>\n<script type=\"application\/ld+json\" class=\"yoast-schema-graph\">{\"@context\":\"https:\/\/schema.org\",\"@graph\":[{\"@type\":\"WebPage\",\"@id\":\"https:\/\/shop.mydrap-professional.com\/fr\/produit\/serviettes-table-cream-20x40cm-30u\/\",\"url\":\"https:\/\/shop.mydrap-professional.com\/fr\/produit\/serviettes-table-cream-20x40cm-30u\/\",\"name\":\"Serviettes de table Cream 20x40cm 30u. | MY DRAP PROFESSIONAL\",\"isPartOf\":{\"@id\":\"https:\/\/shop.mydrap-professional.com\/es\/#website\"},\"primaryImageOfPage\":{\"@id\":\"https:\/\/shop.mydrap-professional.com\/fr\/produit\/serviettes-table-cream-20x40cm-30u\/#primaryimage\"},\"image\":{\"@id\":\"https:\/\/shop.mydrap-professional.com\/fr\/produit\/serviettes-table-cream-20x40cm-30u\/#primaryimage\"},\"thumbnailUrl\":\"https:\/\/shop.mydrap-professional.com\/wp-content\/uploads\/MYDRAP_13961403_20x40_DOBLADO_CRUDO_2000x1816.jpg\",\"datePublished\":\"2018-03-28T10:21:05+00:00\",\"dateModified\":\"2018-07-10T11:59:17+00:00\",\"description\":\"Serviettes de table 20x40cm \u00e0 plat pr\u00e9d\u00e9coup\u00e9es. Couleur \u00e9cru. 30u. 100% coton. Habillez votre table avec \u00e9l\u00e9gance. Consultez notre catalogue!\",\"breadcrumb\":{\"@id\":\"https:\/\/shop.mydrap-professional.com\/fr\/produit\/serviettes-table-cream-20x40cm-30u\/#breadcrumb\"},\"inLanguage\":\"fr-FR\",\"potentialAction\":[{\"@type\":\"ReadAction\",\"target\":[\"https:\/\/shop.mydrap-professional.com\/fr\/produit\/serviettes-table-cream-20x40cm-30u\/\"]}]},{\"@type\":\"ImageObject\",\"inLanguage\":\"fr-FR\",\"@id\":\"https:\/\/shop.mydrap-professional.com\/fr\/produit\/serviettes-table-cream-20x40cm-30u\/#primaryimage\",\"url\":\"https:\/\/shop.mydrap-professional.com\/wp-content\/uploads\/MYDRAP_13961403_20x40_DOBLADO_CRUDO_2000x1816.jpg\",\"contentUrl\":\"https:\/\/shop.mydrap-professional.com\/wp-content\/uploads\/MYDRAP_13961403_20x40_DOBLADO_CRUDO_2000x1816.jpg\",\"width\":2000,\"height\":1816},{\"@type\":\"BreadcrumbList\",\"@id\":\"https:\/\/shop.mydrap-professional.com\/fr\/produit\/serviettes-table-cream-20x40cm-30u\/#breadcrumb\",\"itemListElement\":[{\"@type\":\"ListItem\",\"position\":1,\"name\":\"Home\",\"item\":\"https:\/\/shop.mydrap-professional.com\/fr\/\"},{\"@type\":\"ListItem\",\"position\":2,\"name\":\"Produits\",\"item\":\"https:\/\/shop.mydrap-professional.com\/fr\/produits\/\"},{\"@type\":\"ListItem\",\"position\":3,\"name\":\"Serviettes de table Cream 20x40cm 30u.\"}]},{\"@type\":\"WebSite\",\"@id\":\"https:\/\/shop.mydrap-professional.com\/es\/#website\",\"url\":\"https:\/\/shop.mydrap-professional.com\/es\/\",\"name\":\"MY DRAP PROFESSIONAL\",\"description\":\"Les uniques serviettes de table en rouleau\",\"potentialAction\":[{\"@type\":\"SearchAction\",\"target\":{\"@type\":\"EntryPoint\",\"urlTemplate\":\"https:\/\/shop.mydrap-professional.com\/es\/?s={search_term_string}\"},\"query-input\":{\"@type\":\"PropertyValueSpecification\",\"valueRequired\":true,\"valueName\":\"search_term_string\"}}],\"inLanguage\":\"fr-FR\"}]}<\/script>\n<!-- \/ Yoast SEO plugin. -->","yoast_head_json":{"title":"Serviettes de table Cream 20x40cm 30u. | MY DRAP PROFESSIONAL","description":"Serviettes de table 20x40cm \u00e0 plat pr\u00e9d\u00e9coup\u00e9es. Couleur \u00e9cru. 30u. 100% coton. Habillez votre table avec \u00e9l\u00e9gance. Consultez notre catalogue!","robots":{"index":"index","follow":"follow","max-snippet":"max-snippet:-1","max-image-preview":"max-image-preview:large","max-video-preview":"max-video-preview:-1"},"canonical":"https:\/\/shop.mydrap-professional.com\/fr\/produit\/serviettes-table-cream-20x40cm-30u\/","og_locale":"fr_FR","og_type":"article","og_title":"Serviettes de table Cream 20x40cm 30u. | MY DRAP PROFESSIONAL","og_description":"Serviettes de table 20x40cm \u00e0 plat pr\u00e9d\u00e9coup\u00e9es. Couleur \u00e9cru. 30u. 100% coton. Habillez votre table avec \u00e9l\u00e9gance. Consultez notre catalogue!","og_url":"https:\/\/shop.mydrap-professional.com\/fr\/produit\/serviettes-table-cream-20x40cm-30u\/","og_site_name":"MY DRAP PROFESSIONAL","article_publisher":"https:\/\/www.facebook.com\/MYdrap","article_modified_time":"2018-07-10T11:59:17+00:00","og_image":[{"width":2000,"height":1816,"url":"https:\/\/shop.mydrap-professional.com\/wp-content\/uploads\/MYDRAP_13961403_20x40_DOBLADO_CRUDO_2000x1816.jpg","type":"image\/jpeg"}],"twitter_card":"summary_large_image","twitter_misc":{"Dur\u00e9e de lecture estim\u00e9e":"1 minute"},"schema":{"@context":"https:\/\/schema.org","@graph":[{"@type":"WebPage","@id":"https:\/\/shop.mydrap-professional.com\/fr\/produit\/serviettes-table-cream-20x40cm-30u\/","url":"https:\/\/shop.mydrap-professional.com\/fr\/produit\/serviettes-table-cream-20x40cm-30u\/","name":"Serviettes de table Cream 20x40cm 30u. | MY DRAP PROFESSIONAL","isPartOf":{"@id":"https:\/\/shop.mydrap-professional.com\/es\/#website"},"primaryImageOfPage":{"@id":"https:\/\/shop.mydrap-professional.com\/fr\/produit\/serviettes-table-cream-20x40cm-30u\/#primaryimage"},"image":{"@id":"https:\/\/shop.mydrap-professional.com\/fr\/produit\/serviettes-table-cream-20x40cm-30u\/#primaryimage"},"thumbnailUrl":"https:\/\/shop.mydrap-professional.com\/wp-content\/uploads\/MYDRAP_13961403_20x40_DOBLADO_CRUDO_2000x1816.jpg","datePublished":"2018-03-28T10:21:05+00:00","dateModified":"2018-07-10T11:59:17+00:00","description":"Serviettes de table 20x40cm \u00e0 plat pr\u00e9d\u00e9coup\u00e9es. Couleur \u00e9cru. 30u. 100% coton. Habillez votre table avec \u00e9l\u00e9gance. Consultez notre catalogue!","breadcrumb":{"@id":"https:\/\/shop.mydrap-professional.com\/fr\/produit\/serviettes-table-cream-20x40cm-30u\/#breadcrumb"},"inLanguage":"fr-FR","potentialAction":[{"@type":"ReadAction","target":["https:\/\/shop.mydrap-professional.com\/fr\/produit\/serviettes-table-cream-20x40cm-30u\/"]}]},{"@type":"ImageObject","inLanguage":"fr-FR","@id":"https:\/\/shop.mydrap-professional.com\/fr\/produit\/serviettes-table-cream-20x40cm-30u\/#primaryimage","url":"https:\/\/shop.mydrap-professional.com\/wp-content\/uploads\/MYDRAP_13961403_20x40_DOBLADO_CRUDO_2000x1816.jpg","contentUrl":"https:\/\/shop.mydrap-professional.com\/wp-content\/uploads\/MYDRAP_13961403_20x40_DOBLADO_CRUDO_2000x1816.jpg","width":2000,"height":1816},{"@type":"BreadcrumbList","@id":"https:\/\/shop.mydrap-professional.com\/fr\/produit\/serviettes-table-cream-20x40cm-30u\/#breadcrumb","itemListElement":[{"@type":"ListItem","position":1,"name":"Home","item":"https:\/\/shop.mydrap-professional.com\/fr\/"},{"@type":"ListItem","position":2,"name":"Produits","item":"https:\/\/shop.mydrap-professional.com\/fr\/produits\/"},{"@type":"ListItem","position":3,"name":"Serviettes de table Cream 20x40cm 30u."}]},{"@type":"WebSite","@id":"https:\/\/shop.mydrap-professional.com\/es\/#website","url":"https:\/\/shop.mydrap-professional.com\/es\/","name":"MY DRAP PROFESSIONAL","description":"Les uniques serviettes de table en rouleau","potentialAction":[{"@type":"SearchAction","target":{"@type":"EntryPoint","urlTemplate":"https:\/\/shop.mydrap-professional.com\/es\/?s={search_term_string}"},"query-input":{"@type":"PropertyValueSpecification","valueRequired":true,"valueName":"search_term_string"}}],"inLanguage":"fr-FR"}]}},"_links":{"self":[{"href":"https:\/\/shop.mydrap-professional.com\/fr\/wp-json\/wp\/v2\/product\/25707","targetHints":{"allow":["GET"]}}],"collection":[{"href":"https:\/\/shop.mydrap-professional.com\/fr\/wp-json\/wp\/v2\/product"}],"about":[{"href":"https:\/\/shop.mydrap-professional.com\/fr\/wp-json\/wp\/v2\/types\/product"}],"replies":[{"embeddable":true,"href":"https:\/\/shop.mydrap-professional.com\/fr\/wp-json\/wp\/v2\/comments?post=25707"}],"wp:featuredmedia":[{"embeddable":true,"href":"https:\/\/shop.mydrap-professional.com\/fr\/wp-json\/wp\/v2\/media\/26968"}],"wp:attachment":[{"href":"https:\/\/shop.mydrap-professional.com\/fr\/wp-json\/wp\/v2\/media?parent=25707"}],"wp:term":[{"taxonomy":"product_brand","embeddable":true,"href":"https:\/\/shop.mydrap-professional.com\/fr\/wp-json\/wp\/v2\/product_brand?post=25707"},{"taxonomy":"product_cat","embeddable":true,"href":"https:\/\/shop.mydrap-professional.com\/fr\/wp-json\/wp\/v2\/product_cat?post=25707"},{"taxonomy":"product_tag","embeddable":true,"href":"https:\/\/shop.mydrap-professional.com\/fr\/wp-json\/wp\/v2\/product_tag?post=25707"}],"curies":[{"name":"wp","href":"https:\/\/api.w.org\/{rel}","templated":true}]}}