{"id":26022,"date":"2018-02-21T13:08:44","date_gmt":"2018-03-29T07:49:46","guid":{"rendered":"https:\/\/shop.mydrap-professional.com\/?post_type=product&#038;p=26022"},"modified":"2018-06-05T09:50:15","modified_gmt":"2018-06-05T07:50:15","slug":"chemins-table-grey-40x100cm-25u","status":"publish","type":"product","link":"https:\/\/shop.mydrap-professional.com\/fr\/produit\/chemins-table-grey-40x100cm-25u\/","title":{"rendered":"Chemins de table Grey 40x100cm 25u."},"content":{"rendered":"<h2>Chemins de table 100% coton jetables.<\/h2>\n<p>Chemins de table 100 % coton, au toucher agr\u00e9able et hautement absorbants, sans coutures. Ce textile jetable innovant permet aux professionnels du secteur des services de traiteur, de l\u2019h\u00f4tellerie et de la restauration de disposer de produits de qualit\u00e9, de gagner du temps et de r\u00e9duire leurs frais d\u2019entretien.<\/p>\n<p>Chemins de table de 40 x 100 cm, indiqu\u00e9s pour habiller tous types de tables et leur donner une touche de distinction. La couleur grise est \u00e9l\u00e9gante et se pr\u00eate \u00e0 une grande vari\u00e9t\u00e9 d\u2019ambiances et de d\u00e9corations.<\/p>\n<p>Ils peuvent \u00eatre accompagn\u00e9s de serviettes de table ou de sets de table de la m\u00eame couleur ou \u00eatre combin\u00e9s avec plus de 20 tonalit\u00e9s de couleur diff\u00e9rentes.<\/p>\n<p>MY DRAP est le petit d\u00e9tail qui fait toute la diff\u00e9rence. Ce produit textile jetable, unique sur le march\u00e9, permet d\u2019habiller la table avec \u00e9l\u00e9gance, sans renoncer \u00e0 la polyvalence et \u00e0 la commodit\u00e9 recherch\u00e9es par les professionnels du secteur.<\/p>\n","protected":false},"excerpt":{"rendered":"<p>Pr\u00e9d\u00e9coup\u00e9es en rouleau.<\/p>\n","protected":false},"featured_media":26026,"comment_status":"closed","ping_status":"closed","template":"","meta":{"_acf_changed":false},"product_brand":[],"product_cat":[2009],"product_tag":[],"class_list":{"0":"post-26022","1":"product","2":"type-product","3":"status-publish","4":"has-post-thumbnail","6":"product_cat-sin-categorizar","7":"tipologia_producto-sets-de-table-et-chemins-de-table","9":"first","10":"instock","11":"taxable","12":"shipping-taxable","13":"purchasable","14":"product-type-simple"},"acf":[],"yoast_head":"<!-- This site is optimized with the Yoast SEO plugin v27.2 - https:\/\/yoast.com\/product\/yoast-seo-wordpress\/ -->\n<title>Chemins de table Grey 40x100cm 25u. | MY DRAP PROFESSIONAL<\/title>\n<meta name=\"description\" content=\"Chemins de table pr\u00e9d\u00e9coup\u00e9es en rouleau. Couleur grise 25u. 100 % coton. 40x100 cm. Habillez votre table avec \u00e9l\u00e9gance. Consultez notre catalogue!\" \/>\n<meta name=\"robots\" content=\"index, follow, max-snippet:-1, max-image-preview:large, max-video-preview:-1\" \/>\n<link rel=\"canonical\" href=\"https:\/\/shop.mydrap-professional.com\/fr\/produit\/chemins-table-grey-40x100cm-25u\/\" \/>\n<meta property=\"og:locale\" content=\"fr_FR\" \/>\n<meta property=\"og:type\" content=\"article\" \/>\n<meta property=\"og:title\" content=\"Chemins de table Grey 40x100cm 25u. | MY DRAP PROFESSIONAL\" \/>\n<meta property=\"og:description\" content=\"Chemins de table pr\u00e9d\u00e9coup\u00e9es en rouleau. Couleur grise 25u. 100 % coton. 40x100 cm. Habillez votre table avec \u00e9l\u00e9gance. Consultez notre catalogue!\" \/>\n<meta property=\"og:url\" content=\"https:\/\/shop.mydrap-professional.com\/fr\/produit\/chemins-table-grey-40x100cm-25u\/\" \/>\n<meta property=\"og:site_name\" content=\"MY DRAP PROFESSIONAL\" \/>\n<meta property=\"article:publisher\" content=\"https:\/\/www.facebook.com\/MYdrap\" \/>\n<meta property=\"article:modified_time\" content=\"2018-06-05T07:50:15+00:00\" \/>\n<meta property=\"og:image\" content=\"https:\/\/shop.mydrap-professional.com\/wp-content\/uploads\/MYDRAP_1365_40x100_GRIS_1280x1162-2.jpg\" \/>\n\t<meta property=\"og:image:width\" content=\"1280\" \/>\n\t<meta property=\"og:image:height\" content=\"1162\" \/>\n\t<meta property=\"og:image:type\" content=\"image\/jpeg\" \/>\n<meta name=\"twitter:card\" content=\"summary_large_image\" \/>\n<meta name=\"twitter:label1\" content=\"Dur\u00e9e de lecture estim\u00e9e\" \/>\n\t<meta name=\"twitter:data1\" content=\"1 minute\" \/>\n<script type=\"application\/ld+json\" class=\"yoast-schema-graph\">{\"@context\":\"https:\/\/schema.org\",\"@graph\":[{\"@type\":\"WebPage\",\"@id\":\"https:\/\/shop.mydrap-professional.com\/fr\/produit\/chemins-table-grey-40x100cm-25u\/\",\"url\":\"https:\/\/shop.mydrap-professional.com\/fr\/produit\/chemins-table-grey-40x100cm-25u\/\",\"name\":\"Chemins de table Grey 40x100cm 25u. | MY DRAP PROFESSIONAL\",\"isPartOf\":{\"@id\":\"https:\/\/shop.mydrap-professional.com\/es\/#website\"},\"primaryImageOfPage\":{\"@id\":\"https:\/\/shop.mydrap-professional.com\/fr\/produit\/chemins-table-grey-40x100cm-25u\/#primaryimage\"},\"image\":{\"@id\":\"https:\/\/shop.mydrap-professional.com\/fr\/produit\/chemins-table-grey-40x100cm-25u\/#primaryimage\"},\"thumbnailUrl\":\"https:\/\/shop.mydrap-professional.com\/wp-content\/uploads\/MYDRAP_1365_40x100_GRIS_1280x1162-2.jpg\",\"datePublished\":\"2018-03-29T07:49:46+00:00\",\"dateModified\":\"2018-06-05T07:50:15+00:00\",\"description\":\"Chemins de table pr\u00e9d\u00e9coup\u00e9es en rouleau. Couleur grise 25u. 100 % coton. 40x100 cm. Habillez votre table avec \u00e9l\u00e9gance. Consultez notre catalogue!\",\"breadcrumb\":{\"@id\":\"https:\/\/shop.mydrap-professional.com\/fr\/produit\/chemins-table-grey-40x100cm-25u\/#breadcrumb\"},\"inLanguage\":\"fr-FR\",\"potentialAction\":[{\"@type\":\"ReadAction\",\"target\":[\"https:\/\/shop.mydrap-professional.com\/fr\/produit\/chemins-table-grey-40x100cm-25u\/\"]}]},{\"@type\":\"ImageObject\",\"inLanguage\":\"fr-FR\",\"@id\":\"https:\/\/shop.mydrap-professional.com\/fr\/produit\/chemins-table-grey-40x100cm-25u\/#primaryimage\",\"url\":\"https:\/\/shop.mydrap-professional.com\/wp-content\/uploads\/MYDRAP_1365_40x100_GRIS_1280x1162-2.jpg\",\"contentUrl\":\"https:\/\/shop.mydrap-professional.com\/wp-content\/uploads\/MYDRAP_1365_40x100_GRIS_1280x1162-2.jpg\",\"width\":1280,\"height\":1162},{\"@type\":\"BreadcrumbList\",\"@id\":\"https:\/\/shop.mydrap-professional.com\/fr\/produit\/chemins-table-grey-40x100cm-25u\/#breadcrumb\",\"itemListElement\":[{\"@type\":\"ListItem\",\"position\":1,\"name\":\"Home\",\"item\":\"https:\/\/shop.mydrap-professional.com\/fr\/\"},{\"@type\":\"ListItem\",\"position\":2,\"name\":\"Produits\",\"item\":\"https:\/\/shop.mydrap-professional.com\/fr\/produits\/\"},{\"@type\":\"ListItem\",\"position\":3,\"name\":\"Chemins de table Grey 40x100cm 25u.\"}]},{\"@type\":\"WebSite\",\"@id\":\"https:\/\/shop.mydrap-professional.com\/es\/#website\",\"url\":\"https:\/\/shop.mydrap-professional.com\/es\/\",\"name\":\"MY DRAP PROFESSIONAL\",\"description\":\"Les uniques serviettes de table en rouleau\",\"potentialAction\":[{\"@type\":\"SearchAction\",\"target\":{\"@type\":\"EntryPoint\",\"urlTemplate\":\"https:\/\/shop.mydrap-professional.com\/es\/?s={search_term_string}\"},\"query-input\":{\"@type\":\"PropertyValueSpecification\",\"valueRequired\":true,\"valueName\":\"search_term_string\"}}],\"inLanguage\":\"fr-FR\"}]}<\/script>\n<!-- \/ Yoast SEO plugin. -->","yoast_head_json":{"title":"Chemins de table Grey 40x100cm 25u. | MY DRAP PROFESSIONAL","description":"Chemins de table pr\u00e9d\u00e9coup\u00e9es en rouleau. Couleur grise 25u. 100 % coton. 40x100 cm. Habillez votre table avec \u00e9l\u00e9gance. Consultez notre catalogue!","robots":{"index":"index","follow":"follow","max-snippet":"max-snippet:-1","max-image-preview":"max-image-preview:large","max-video-preview":"max-video-preview:-1"},"canonical":"https:\/\/shop.mydrap-professional.com\/fr\/produit\/chemins-table-grey-40x100cm-25u\/","og_locale":"fr_FR","og_type":"article","og_title":"Chemins de table Grey 40x100cm 25u. | MY DRAP PROFESSIONAL","og_description":"Chemins de table pr\u00e9d\u00e9coup\u00e9es en rouleau. Couleur grise 25u. 100 % coton. 40x100 cm. Habillez votre table avec \u00e9l\u00e9gance. Consultez notre catalogue!","og_url":"https:\/\/shop.mydrap-professional.com\/fr\/produit\/chemins-table-grey-40x100cm-25u\/","og_site_name":"MY DRAP PROFESSIONAL","article_publisher":"https:\/\/www.facebook.com\/MYdrap","article_modified_time":"2018-06-05T07:50:15+00:00","og_image":[{"width":1280,"height":1162,"url":"https:\/\/shop.mydrap-professional.com\/wp-content\/uploads\/MYDRAP_1365_40x100_GRIS_1280x1162-2.jpg","type":"image\/jpeg"}],"twitter_card":"summary_large_image","twitter_misc":{"Dur\u00e9e de lecture estim\u00e9e":"1 minute"},"schema":{"@context":"https:\/\/schema.org","@graph":[{"@type":"WebPage","@id":"https:\/\/shop.mydrap-professional.com\/fr\/produit\/chemins-table-grey-40x100cm-25u\/","url":"https:\/\/shop.mydrap-professional.com\/fr\/produit\/chemins-table-grey-40x100cm-25u\/","name":"Chemins de table Grey 40x100cm 25u. | MY DRAP PROFESSIONAL","isPartOf":{"@id":"https:\/\/shop.mydrap-professional.com\/es\/#website"},"primaryImageOfPage":{"@id":"https:\/\/shop.mydrap-professional.com\/fr\/produit\/chemins-table-grey-40x100cm-25u\/#primaryimage"},"image":{"@id":"https:\/\/shop.mydrap-professional.com\/fr\/produit\/chemins-table-grey-40x100cm-25u\/#primaryimage"},"thumbnailUrl":"https:\/\/shop.mydrap-professional.com\/wp-content\/uploads\/MYDRAP_1365_40x100_GRIS_1280x1162-2.jpg","datePublished":"2018-03-29T07:49:46+00:00","dateModified":"2018-06-05T07:50:15+00:00","description":"Chemins de table pr\u00e9d\u00e9coup\u00e9es en rouleau. Couleur grise 25u. 100 % coton. 40x100 cm. Habillez votre table avec \u00e9l\u00e9gance. Consultez notre catalogue!","breadcrumb":{"@id":"https:\/\/shop.mydrap-professional.com\/fr\/produit\/chemins-table-grey-40x100cm-25u\/#breadcrumb"},"inLanguage":"fr-FR","potentialAction":[{"@type":"ReadAction","target":["https:\/\/shop.mydrap-professional.com\/fr\/produit\/chemins-table-grey-40x100cm-25u\/"]}]},{"@type":"ImageObject","inLanguage":"fr-FR","@id":"https:\/\/shop.mydrap-professional.com\/fr\/produit\/chemins-table-grey-40x100cm-25u\/#primaryimage","url":"https:\/\/shop.mydrap-professional.com\/wp-content\/uploads\/MYDRAP_1365_40x100_GRIS_1280x1162-2.jpg","contentUrl":"https:\/\/shop.mydrap-professional.com\/wp-content\/uploads\/MYDRAP_1365_40x100_GRIS_1280x1162-2.jpg","width":1280,"height":1162},{"@type":"BreadcrumbList","@id":"https:\/\/shop.mydrap-professional.com\/fr\/produit\/chemins-table-grey-40x100cm-25u\/#breadcrumb","itemListElement":[{"@type":"ListItem","position":1,"name":"Home","item":"https:\/\/shop.mydrap-professional.com\/fr\/"},{"@type":"ListItem","position":2,"name":"Produits","item":"https:\/\/shop.mydrap-professional.com\/fr\/produits\/"},{"@type":"ListItem","position":3,"name":"Chemins de table Grey 40x100cm 25u."}]},{"@type":"WebSite","@id":"https:\/\/shop.mydrap-professional.com\/es\/#website","url":"https:\/\/shop.mydrap-professional.com\/es\/","name":"MY DRAP PROFESSIONAL","description":"Les uniques serviettes de table en rouleau","potentialAction":[{"@type":"SearchAction","target":{"@type":"EntryPoint","urlTemplate":"https:\/\/shop.mydrap-professional.com\/es\/?s={search_term_string}"},"query-input":{"@type":"PropertyValueSpecification","valueRequired":true,"valueName":"search_term_string"}}],"inLanguage":"fr-FR"}]}},"_links":{"self":[{"href":"https:\/\/shop.mydrap-professional.com\/fr\/wp-json\/wp\/v2\/product\/26022","targetHints":{"allow":["GET"]}}],"collection":[{"href":"https:\/\/shop.mydrap-professional.com\/fr\/wp-json\/wp\/v2\/product"}],"about":[{"href":"https:\/\/shop.mydrap-professional.com\/fr\/wp-json\/wp\/v2\/types\/product"}],"replies":[{"embeddable":true,"href":"https:\/\/shop.mydrap-professional.com\/fr\/wp-json\/wp\/v2\/comments?post=26022"}],"wp:featuredmedia":[{"embeddable":true,"href":"https:\/\/shop.mydrap-professional.com\/fr\/wp-json\/wp\/v2\/media\/26026"}],"wp:attachment":[{"href":"https:\/\/shop.mydrap-professional.com\/fr\/wp-json\/wp\/v2\/media?parent=26022"}],"wp:term":[{"taxonomy":"product_brand","embeddable":true,"href":"https:\/\/shop.mydrap-professional.com\/fr\/wp-json\/wp\/v2\/product_brand?post=26022"},{"taxonomy":"product_cat","embeddable":true,"href":"https:\/\/shop.mydrap-professional.com\/fr\/wp-json\/wp\/v2\/product_cat?post=26022"},{"taxonomy":"product_tag","embeddable":true,"href":"https:\/\/shop.mydrap-professional.com\/fr\/wp-json\/wp\/v2\/product_tag?post=26022"}],"curies":[{"name":"wp","href":"https:\/\/api.w.org\/{rel}","templated":true}]}}