{"id":38028,"date":"2024-08-07T10:44:24","date_gmt":"2024-08-07T08:44:24","guid":{"rendered":"https:\/\/shop.mydrap-professional.com\/product\/dusty-pink-coasters-for-events-11x11cm-50u\/"},"modified":"2024-08-07T10:48:07","modified_gmt":"2024-08-07T08:48:07","slug":"serviettes-evenements-rose-poudre-11x11cm-50u","status":"publish","type":"product","link":"https:\/\/shop.mydrap-professional.com\/fr\/produit\/serviettes-evenements-rose-poudre-11x11cm-50u\/","title":{"rendered":"Serviettes \u00e9v\u00e9nements Rose Poudre 11x11cm 50u."},"content":{"rendered":"<h2>Serviettes 100 % coton jetables.<\/h2>\n<p>Serviettes pour \u00e9v\u00e9nements 100 % coton sans coutures, au toucher doux et hautement absorbantes. Elles combinent la qualit\u00e9 du coton avec les avantages des serviettes jetables: elles sont hygi\u00e9niques, elles occupent moins d\u2019espace de stockage et permettent de r\u00e9duire les co\u00fbts et la gestion de blanchisserie.<\/p>\n<p>Serviettes de table en tissu de 11\u00d711 cm, parfaites pour accompagner des ap\u00e9ritifs ou comme dessous de verre \u00e0 l\u2019occasion d\u2019\u00e9v\u00e9nements plus formels.<\/p>\n<p>Elles peuvent \u00eatre combin\u00e9es avec des sets de table et d\u2019autres serviettes de diff\u00e9rentes tailles.<\/p>\n<p>Forte d\u2019une longue exp\u00e9rience dans le secteur textile, la marque MY DRAP dispose d\u2019un vaste catalogue de serviettes pour \u00e9v\u00e9nements, de serviettes de table, de sets de table et de chemins de table. Uniques sur le march\u00e9, ces produits textiles jetables sont parfaits pour un usage professionnel dans le secteur de l\u2019h\u00f4tellerie et des services de traiteur.<\/p>\n","protected":false},"excerpt":{"rendered":"<p>Pr\u00e9d\u00e9coup\u00e9es en rouleau.<\/p>\n","protected":false},"featured_media":38020,"comment_status":"closed","ping_status":"closed","template":"","meta":{"_acf_changed":false},"product_brand":[],"product_cat":[2067],"product_tag":[],"class_list":{"0":"post-38028","1":"product","2":"type-product","3":"status-publish","4":"has-post-thumbnail","6":"product_cat-sin-categorizar-fr","7":"tipologia_producto-serviettes-evenements","9":"first","10":"instock","11":"taxable","12":"shipping-taxable","13":"purchasable","14":"product-type-simple"},"acf":[],"yoast_head":"<!-- This site is optimized with the Yoast SEO plugin v27.2 - https:\/\/yoast.com\/product\/yoast-seo-wordpress\/ -->\n<title>Serviettes \u00e9v\u00e9nements Rose Poudre 11x11cm 50u. | MY DRAP PROFESSIONAL<\/title>\n<meta name=\"robots\" content=\"index, follow, max-snippet:-1, max-image-preview:large, max-video-preview:-1\" \/>\n<link rel=\"canonical\" href=\"https:\/\/shop.mydrap-professional.com\/fr\/produit\/serviettes-evenements-rose-poudre-11x11cm-50u\/\" \/>\n<meta property=\"og:locale\" content=\"fr_FR\" \/>\n<meta property=\"og:type\" content=\"article\" \/>\n<meta property=\"og:title\" content=\"Serviettes \u00e9v\u00e9nements Rose Poudre 11x11cm 50u. | MY DRAP PROFESSIONAL\" \/>\n<meta property=\"og:description\" content=\"Pr\u00e9d\u00e9coup\u00e9es en rouleau.\" \/>\n<meta property=\"og:url\" content=\"https:\/\/shop.mydrap-professional.com\/fr\/produit\/serviettes-evenements-rose-poudre-11x11cm-50u\/\" \/>\n<meta property=\"og:site_name\" content=\"MY DRAP PROFESSIONAL\" \/>\n<meta property=\"article:publisher\" content=\"https:\/\/www.facebook.com\/MYdrap\" \/>\n<meta property=\"article:modified_time\" content=\"2024-08-07T08:48:07+00:00\" \/>\n<meta property=\"og:image\" content=\"https:\/\/shop.mydrap-professional.com\/wp-content\/uploads\/rosa-palo-11x11cm.jpg\" \/>\n\t<meta property=\"og:image:width\" content=\"2001\" \/>\n\t<meta property=\"og:image:height\" content=\"1817\" \/>\n\t<meta property=\"og:image:type\" content=\"image\/jpeg\" \/>\n<meta name=\"twitter:card\" content=\"summary_large_image\" \/>\n<meta name=\"twitter:label1\" content=\"Dur\u00e9e de lecture estim\u00e9e\" \/>\n\t<meta name=\"twitter:data1\" content=\"1 minute\" \/>\n<script type=\"application\/ld+json\" class=\"yoast-schema-graph\">{\"@context\":\"https:\/\/schema.org\",\"@graph\":[{\"@type\":\"WebPage\",\"@id\":\"https:\/\/shop.mydrap-professional.com\/fr\/produit\/serviettes-evenements-rose-poudre-11x11cm-50u\/\",\"url\":\"https:\/\/shop.mydrap-professional.com\/fr\/produit\/serviettes-evenements-rose-poudre-11x11cm-50u\/\",\"name\":\"Serviettes \u00e9v\u00e9nements Rose Poudre 11x11cm 50u. | MY DRAP PROFESSIONAL\",\"isPartOf\":{\"@id\":\"https:\/\/shop.mydrap-professional.com\/es\/#website\"},\"primaryImageOfPage\":{\"@id\":\"https:\/\/shop.mydrap-professional.com\/fr\/produit\/serviettes-evenements-rose-poudre-11x11cm-50u\/#primaryimage\"},\"image\":{\"@id\":\"https:\/\/shop.mydrap-professional.com\/fr\/produit\/serviettes-evenements-rose-poudre-11x11cm-50u\/#primaryimage\"},\"thumbnailUrl\":\"https:\/\/shop.mydrap-professional.com\/wp-content\/uploads\/rosa-palo-11x11cm.jpg\",\"datePublished\":\"2024-08-07T08:44:24+00:00\",\"dateModified\":\"2024-08-07T08:48:07+00:00\",\"breadcrumb\":{\"@id\":\"https:\/\/shop.mydrap-professional.com\/fr\/produit\/serviettes-evenements-rose-poudre-11x11cm-50u\/#breadcrumb\"},\"inLanguage\":\"fr-FR\",\"potentialAction\":[{\"@type\":\"ReadAction\",\"target\":[\"https:\/\/shop.mydrap-professional.com\/fr\/produit\/serviettes-evenements-rose-poudre-11x11cm-50u\/\"]}]},{\"@type\":\"ImageObject\",\"inLanguage\":\"fr-FR\",\"@id\":\"https:\/\/shop.mydrap-professional.com\/fr\/produit\/serviettes-evenements-rose-poudre-11x11cm-50u\/#primaryimage\",\"url\":\"https:\/\/shop.mydrap-professional.com\/wp-content\/uploads\/rosa-palo-11x11cm.jpg\",\"contentUrl\":\"https:\/\/shop.mydrap-professional.com\/wp-content\/uploads\/rosa-palo-11x11cm.jpg\",\"width\":2001,\"height\":1817},{\"@type\":\"BreadcrumbList\",\"@id\":\"https:\/\/shop.mydrap-professional.com\/fr\/produit\/serviettes-evenements-rose-poudre-11x11cm-50u\/#breadcrumb\",\"itemListElement\":[{\"@type\":\"ListItem\",\"position\":1,\"name\":\"Home\",\"item\":\"https:\/\/shop.mydrap-professional.com\/fr\/\"},{\"@type\":\"ListItem\",\"position\":2,\"name\":\"Produits\",\"item\":\"https:\/\/shop.mydrap-professional.com\/fr\/produits\/\"},{\"@type\":\"ListItem\",\"position\":3,\"name\":\"Serviettes \u00e9v\u00e9nements Rose Poudre 11x11cm 50u.\"}]},{\"@type\":\"WebSite\",\"@id\":\"https:\/\/shop.mydrap-professional.com\/es\/#website\",\"url\":\"https:\/\/shop.mydrap-professional.com\/es\/\",\"name\":\"MY DRAP PROFESSIONAL\",\"description\":\"Les uniques serviettes de table en rouleau\",\"potentialAction\":[{\"@type\":\"SearchAction\",\"target\":{\"@type\":\"EntryPoint\",\"urlTemplate\":\"https:\/\/shop.mydrap-professional.com\/es\/?s={search_term_string}\"},\"query-input\":{\"@type\":\"PropertyValueSpecification\",\"valueRequired\":true,\"valueName\":\"search_term_string\"}}],\"inLanguage\":\"fr-FR\"}]}<\/script>\n<!-- \/ Yoast SEO plugin. -->","yoast_head_json":{"title":"Serviettes \u00e9v\u00e9nements Rose Poudre 11x11cm 50u. | MY DRAP PROFESSIONAL","robots":{"index":"index","follow":"follow","max-snippet":"max-snippet:-1","max-image-preview":"max-image-preview:large","max-video-preview":"max-video-preview:-1"},"canonical":"https:\/\/shop.mydrap-professional.com\/fr\/produit\/serviettes-evenements-rose-poudre-11x11cm-50u\/","og_locale":"fr_FR","og_type":"article","og_title":"Serviettes \u00e9v\u00e9nements Rose Poudre 11x11cm 50u. | MY DRAP PROFESSIONAL","og_description":"Pr\u00e9d\u00e9coup\u00e9es en rouleau.","og_url":"https:\/\/shop.mydrap-professional.com\/fr\/produit\/serviettes-evenements-rose-poudre-11x11cm-50u\/","og_site_name":"MY DRAP PROFESSIONAL","article_publisher":"https:\/\/www.facebook.com\/MYdrap","article_modified_time":"2024-08-07T08:48:07+00:00","og_image":[{"width":2001,"height":1817,"url":"https:\/\/shop.mydrap-professional.com\/wp-content\/uploads\/rosa-palo-11x11cm.jpg","type":"image\/jpeg"}],"twitter_card":"summary_large_image","twitter_misc":{"Dur\u00e9e de lecture estim\u00e9e":"1 minute"},"schema":{"@context":"https:\/\/schema.org","@graph":[{"@type":"WebPage","@id":"https:\/\/shop.mydrap-professional.com\/fr\/produit\/serviettes-evenements-rose-poudre-11x11cm-50u\/","url":"https:\/\/shop.mydrap-professional.com\/fr\/produit\/serviettes-evenements-rose-poudre-11x11cm-50u\/","name":"Serviettes \u00e9v\u00e9nements Rose Poudre 11x11cm 50u. | MY DRAP PROFESSIONAL","isPartOf":{"@id":"https:\/\/shop.mydrap-professional.com\/es\/#website"},"primaryImageOfPage":{"@id":"https:\/\/shop.mydrap-professional.com\/fr\/produit\/serviettes-evenements-rose-poudre-11x11cm-50u\/#primaryimage"},"image":{"@id":"https:\/\/shop.mydrap-professional.com\/fr\/produit\/serviettes-evenements-rose-poudre-11x11cm-50u\/#primaryimage"},"thumbnailUrl":"https:\/\/shop.mydrap-professional.com\/wp-content\/uploads\/rosa-palo-11x11cm.jpg","datePublished":"2024-08-07T08:44:24+00:00","dateModified":"2024-08-07T08:48:07+00:00","breadcrumb":{"@id":"https:\/\/shop.mydrap-professional.com\/fr\/produit\/serviettes-evenements-rose-poudre-11x11cm-50u\/#breadcrumb"},"inLanguage":"fr-FR","potentialAction":[{"@type":"ReadAction","target":["https:\/\/shop.mydrap-professional.com\/fr\/produit\/serviettes-evenements-rose-poudre-11x11cm-50u\/"]}]},{"@type":"ImageObject","inLanguage":"fr-FR","@id":"https:\/\/shop.mydrap-professional.com\/fr\/produit\/serviettes-evenements-rose-poudre-11x11cm-50u\/#primaryimage","url":"https:\/\/shop.mydrap-professional.com\/wp-content\/uploads\/rosa-palo-11x11cm.jpg","contentUrl":"https:\/\/shop.mydrap-professional.com\/wp-content\/uploads\/rosa-palo-11x11cm.jpg","width":2001,"height":1817},{"@type":"BreadcrumbList","@id":"https:\/\/shop.mydrap-professional.com\/fr\/produit\/serviettes-evenements-rose-poudre-11x11cm-50u\/#breadcrumb","itemListElement":[{"@type":"ListItem","position":1,"name":"Home","item":"https:\/\/shop.mydrap-professional.com\/fr\/"},{"@type":"ListItem","position":2,"name":"Produits","item":"https:\/\/shop.mydrap-professional.com\/fr\/produits\/"},{"@type":"ListItem","position":3,"name":"Serviettes \u00e9v\u00e9nements Rose Poudre 11x11cm 50u."}]},{"@type":"WebSite","@id":"https:\/\/shop.mydrap-professional.com\/es\/#website","url":"https:\/\/shop.mydrap-professional.com\/es\/","name":"MY DRAP PROFESSIONAL","description":"Les uniques serviettes de table en rouleau","potentialAction":[{"@type":"SearchAction","target":{"@type":"EntryPoint","urlTemplate":"https:\/\/shop.mydrap-professional.com\/es\/?s={search_term_string}"},"query-input":{"@type":"PropertyValueSpecification","valueRequired":true,"valueName":"search_term_string"}}],"inLanguage":"fr-FR"}]}},"_links":{"self":[{"href":"https:\/\/shop.mydrap-professional.com\/fr\/wp-json\/wp\/v2\/product\/38028","targetHints":{"allow":["GET"]}}],"collection":[{"href":"https:\/\/shop.mydrap-professional.com\/fr\/wp-json\/wp\/v2\/product"}],"about":[{"href":"https:\/\/shop.mydrap-professional.com\/fr\/wp-json\/wp\/v2\/types\/product"}],"replies":[{"embeddable":true,"href":"https:\/\/shop.mydrap-professional.com\/fr\/wp-json\/wp\/v2\/comments?post=38028"}],"wp:featuredmedia":[{"embeddable":true,"href":"https:\/\/shop.mydrap-professional.com\/fr\/wp-json\/wp\/v2\/media\/38020"}],"wp:attachment":[{"href":"https:\/\/shop.mydrap-professional.com\/fr\/wp-json\/wp\/v2\/media?parent=38028"}],"wp:term":[{"taxonomy":"product_brand","embeddable":true,"href":"https:\/\/shop.mydrap-professional.com\/fr\/wp-json\/wp\/v2\/product_brand?post=38028"},{"taxonomy":"product_cat","embeddable":true,"href":"https:\/\/shop.mydrap-professional.com\/fr\/wp-json\/wp\/v2\/product_cat?post=38028"},{"taxonomy":"product_tag","embeddable":true,"href":"https:\/\/shop.mydrap-professional.com\/fr\/wp-json\/wp\/v2\/product_tag?post=38028"}],"curies":[{"name":"wp","href":"https:\/\/api.w.org\/{rel}","templated":true}]}}