{"id":38957,"date":"2024-07-31T11:12:05","date_gmt":"2024-07-31T09:12:05","guid":{"rendered":"https:\/\/shop.mydrap-professional.com\/product\/servilletas-para-eventos-cream-20x20cm-100u\/"},"modified":"2025-06-25T16:07:56","modified_gmt":"2025-06-25T14:07:56","slug":"servilletas-para-eventos-cream-20x20cm-100u","status":"publish","type":"product","link":"https:\/\/shop.mydrap-professional.com\/fr\/produit\/servilletas-para-eventos-cream-20x20cm-100u\/","title":{"rendered":"Serviettes \u00e9v\u00e9nements Cream 20x20cm 100u."},"content":{"rendered":"<p><strong><span style=\"font-size: 24px;\">Serviettes \u00e0 usage unique 100 % coton.<\/span><\/strong><\/p>\n<p>Serviettes pour \u00e9v\u00e9nements 20\u00d720 cm de couleur \u00e9crue et 100 % coton, pr\u00e9sent\u00e9es \u00e0 plat pr\u00e9d\u00e9coup\u00e9 de 100 unit\u00e9s. Id\u00e9ales pour accompagner des pauses-caf\u00e9, des cocktails ou des lunchs \u00e0 l\u2019occasion d\u2019\u00e9v\u00e9nements d\u2019entreprises et de c\u00e9l\u00e9brations sp\u00e9ciales. Une touche de couleur classique et toujours \u00e9l\u00e9gante.<\/p>\n<ul>\n<li>Produit textile jetable.<\/li>\n<li>Toucher doux, 100 % coton.<\/li>\n<li>Sans coutures, hygi\u00e8ne maximale<\/li>\n<li>R\u00e9duction des co\u00fbts et de la gestion de blanchisserie.<\/li>\n<li>Personnalisable: la serviette devient un puissant outil de marketing.<\/li>\n<\/ul>\n","protected":false},"excerpt":{"rendered":"<p>\u00c0 plat pr\u00e9d\u00e9coup\u00e9. Pli\u00e9es.<\/p>\n","protected":false},"featured_media":37882,"comment_status":"closed","ping_status":"closed","template":"","meta":{"_acf_changed":false},"product_brand":[],"product_cat":[2099],"product_tag":[],"class_list":{"0":"post-38957","1":"product","2":"type-product","3":"status-publish","4":"has-post-thumbnail","6":"product_cat-sin-categoria-fr","7":"tipologia_producto-serviettes-evenements","9":"first","10":"instock","11":"taxable","12":"shipping-taxable","13":"purchasable","14":"product-type-simple"},"acf":[],"yoast_head":"<!-- This site is optimized with the Yoast SEO plugin v27.2 - https:\/\/yoast.com\/product\/yoast-seo-wordpress\/ -->\n<title>Serviettes \u00e9v\u00e9nements Cream 20x20cm 100u. | MY DRAP PROFESSIONAL<\/title>\n<meta name=\"description\" content=\"Servilletas para eventos precortadas en paquete. Color negro. 30 u. 100% algod\u00f3n. Medidas: 20x20cm. Viste tu mesa con elegancia \u00a1Consulta nuestro cat\u00e1logo!\" \/>\n<meta name=\"robots\" content=\"index, follow, max-snippet:-1, max-image-preview:large, max-video-preview:-1\" \/>\n<link rel=\"canonical\" href=\"https:\/\/shop.mydrap-professional.com\/fr\/produit\/servilletas-para-eventos-cream-20x20cm-100u\/\" \/>\n<meta property=\"og:locale\" content=\"fr_FR\" \/>\n<meta property=\"og:type\" content=\"article\" \/>\n<meta property=\"og:title\" content=\"Serviettes \u00e9v\u00e9nements Cream 20x20cm 100u. | MY DRAP PROFESSIONAL\" \/>\n<meta property=\"og:description\" content=\"Servilletas para eventos precortadas en paquete. Color negro. 30 u. 100% algod\u00f3n. Medidas: 20x20cm. Viste tu mesa con elegancia \u00a1Consulta nuestro cat\u00e1logo!\" \/>\n<meta property=\"og:url\" content=\"https:\/\/shop.mydrap-professional.com\/fr\/produit\/servilletas-para-eventos-cream-20x20cm-100u\/\" \/>\n<meta property=\"og:site_name\" content=\"MY DRAP PROFESSIONAL\" \/>\n<meta property=\"article:publisher\" content=\"https:\/\/www.facebook.com\/MYdrap\" \/>\n<meta property=\"article:modified_time\" content=\"2025-06-25T14:07:56+00:00\" \/>\n<meta property=\"og:image\" content=\"https:\/\/shop.mydrap-professional.com\/wp-content\/uploads\/MYDRAP_25x25_cream-2.jpg\" \/>\n\t<meta property=\"og:image:width\" content=\"2000\" \/>\n\t<meta property=\"og:image:height\" content=\"1816\" \/>\n\t<meta property=\"og:image:type\" content=\"image\/jpeg\" \/>\n<meta name=\"twitter:card\" content=\"summary_large_image\" \/>\n<meta name=\"twitter:label1\" content=\"Dur\u00e9e de lecture estim\u00e9e\" \/>\n\t<meta name=\"twitter:data1\" content=\"1 minute\" \/>\n<script type=\"application\/ld+json\" class=\"yoast-schema-graph\">{\"@context\":\"https:\/\/schema.org\",\"@graph\":[{\"@type\":\"WebPage\",\"@id\":\"https:\/\/shop.mydrap-professional.com\/fr\/produit\/servilletas-para-eventos-cream-20x20cm-100u\/\",\"url\":\"https:\/\/shop.mydrap-professional.com\/fr\/produit\/servilletas-para-eventos-cream-20x20cm-100u\/\",\"name\":\"Serviettes \u00e9v\u00e9nements Cream 20x20cm 100u. | MY DRAP PROFESSIONAL\",\"isPartOf\":{\"@id\":\"https:\/\/shop.mydrap-professional.com\/es\/#website\"},\"primaryImageOfPage\":{\"@id\":\"https:\/\/shop.mydrap-professional.com\/fr\/produit\/servilletas-para-eventos-cream-20x20cm-100u\/#primaryimage\"},\"image\":{\"@id\":\"https:\/\/shop.mydrap-professional.com\/fr\/produit\/servilletas-para-eventos-cream-20x20cm-100u\/#primaryimage\"},\"thumbnailUrl\":\"https:\/\/shop.mydrap-professional.com\/wp-content\/uploads\/MYDRAP_25x25_cream-2.jpg\",\"datePublished\":\"2024-07-31T09:12:05+00:00\",\"dateModified\":\"2025-06-25T14:07:56+00:00\",\"description\":\"Servilletas para eventos precortadas en paquete. Color negro. 30 u. 100% algod\u00f3n. Medidas: 20x20cm. Viste tu mesa con elegancia \u00a1Consulta nuestro cat\u00e1logo!\",\"breadcrumb\":{\"@id\":\"https:\/\/shop.mydrap-professional.com\/fr\/produit\/servilletas-para-eventos-cream-20x20cm-100u\/#breadcrumb\"},\"inLanguage\":\"fr-FR\",\"potentialAction\":[{\"@type\":\"ReadAction\",\"target\":[\"https:\/\/shop.mydrap-professional.com\/fr\/produit\/servilletas-para-eventos-cream-20x20cm-100u\/\"]}]},{\"@type\":\"ImageObject\",\"inLanguage\":\"fr-FR\",\"@id\":\"https:\/\/shop.mydrap-professional.com\/fr\/produit\/servilletas-para-eventos-cream-20x20cm-100u\/#primaryimage\",\"url\":\"https:\/\/shop.mydrap-professional.com\/wp-content\/uploads\/MYDRAP_25x25_cream-2.jpg\",\"contentUrl\":\"https:\/\/shop.mydrap-professional.com\/wp-content\/uploads\/MYDRAP_25x25_cream-2.jpg\",\"width\":2000,\"height\":1816},{\"@type\":\"BreadcrumbList\",\"@id\":\"https:\/\/shop.mydrap-professional.com\/fr\/produit\/servilletas-para-eventos-cream-20x20cm-100u\/#breadcrumb\",\"itemListElement\":[{\"@type\":\"ListItem\",\"position\":1,\"name\":\"Home\",\"item\":\"https:\/\/shop.mydrap-professional.com\/fr\/\"},{\"@type\":\"ListItem\",\"position\":2,\"name\":\"Produits\",\"item\":\"https:\/\/shop.mydrap-professional.com\/fr\/produits\/\"},{\"@type\":\"ListItem\",\"position\":3,\"name\":\"Serviettes \u00e9v\u00e9nements Cream 20x20cm 100u.\"}]},{\"@type\":\"WebSite\",\"@id\":\"https:\/\/shop.mydrap-professional.com\/es\/#website\",\"url\":\"https:\/\/shop.mydrap-professional.com\/es\/\",\"name\":\"MY DRAP PROFESSIONAL\",\"description\":\"Les uniques serviettes de table en rouleau\",\"potentialAction\":[{\"@type\":\"SearchAction\",\"target\":{\"@type\":\"EntryPoint\",\"urlTemplate\":\"https:\/\/shop.mydrap-professional.com\/es\/?s={search_term_string}\"},\"query-input\":{\"@type\":\"PropertyValueSpecification\",\"valueRequired\":true,\"valueName\":\"search_term_string\"}}],\"inLanguage\":\"fr-FR\"}]}<\/script>\n<!-- \/ Yoast SEO plugin. -->","yoast_head_json":{"title":"Serviettes \u00e9v\u00e9nements Cream 20x20cm 100u. | MY DRAP PROFESSIONAL","description":"Servilletas para eventos precortadas en paquete. Color negro. 30 u. 100% algod\u00f3n. Medidas: 20x20cm. Viste tu mesa con elegancia \u00a1Consulta nuestro cat\u00e1logo!","robots":{"index":"index","follow":"follow","max-snippet":"max-snippet:-1","max-image-preview":"max-image-preview:large","max-video-preview":"max-video-preview:-1"},"canonical":"https:\/\/shop.mydrap-professional.com\/fr\/produit\/servilletas-para-eventos-cream-20x20cm-100u\/","og_locale":"fr_FR","og_type":"article","og_title":"Serviettes \u00e9v\u00e9nements Cream 20x20cm 100u. | MY DRAP PROFESSIONAL","og_description":"Servilletas para eventos precortadas en paquete. Color negro. 30 u. 100% algod\u00f3n. Medidas: 20x20cm. Viste tu mesa con elegancia \u00a1Consulta nuestro cat\u00e1logo!","og_url":"https:\/\/shop.mydrap-professional.com\/fr\/produit\/servilletas-para-eventos-cream-20x20cm-100u\/","og_site_name":"MY DRAP PROFESSIONAL","article_publisher":"https:\/\/www.facebook.com\/MYdrap","article_modified_time":"2025-06-25T14:07:56+00:00","og_image":[{"width":2000,"height":1816,"url":"https:\/\/shop.mydrap-professional.com\/wp-content\/uploads\/MYDRAP_25x25_cream-2.jpg","type":"image\/jpeg"}],"twitter_card":"summary_large_image","twitter_misc":{"Dur\u00e9e de lecture estim\u00e9e":"1 minute"},"schema":{"@context":"https:\/\/schema.org","@graph":[{"@type":"WebPage","@id":"https:\/\/shop.mydrap-professional.com\/fr\/produit\/servilletas-para-eventos-cream-20x20cm-100u\/","url":"https:\/\/shop.mydrap-professional.com\/fr\/produit\/servilletas-para-eventos-cream-20x20cm-100u\/","name":"Serviettes \u00e9v\u00e9nements Cream 20x20cm 100u. | MY DRAP PROFESSIONAL","isPartOf":{"@id":"https:\/\/shop.mydrap-professional.com\/es\/#website"},"primaryImageOfPage":{"@id":"https:\/\/shop.mydrap-professional.com\/fr\/produit\/servilletas-para-eventos-cream-20x20cm-100u\/#primaryimage"},"image":{"@id":"https:\/\/shop.mydrap-professional.com\/fr\/produit\/servilletas-para-eventos-cream-20x20cm-100u\/#primaryimage"},"thumbnailUrl":"https:\/\/shop.mydrap-professional.com\/wp-content\/uploads\/MYDRAP_25x25_cream-2.jpg","datePublished":"2024-07-31T09:12:05+00:00","dateModified":"2025-06-25T14:07:56+00:00","description":"Servilletas para eventos precortadas en paquete. Color negro. 30 u. 100% algod\u00f3n. Medidas: 20x20cm. Viste tu mesa con elegancia \u00a1Consulta nuestro cat\u00e1logo!","breadcrumb":{"@id":"https:\/\/shop.mydrap-professional.com\/fr\/produit\/servilletas-para-eventos-cream-20x20cm-100u\/#breadcrumb"},"inLanguage":"fr-FR","potentialAction":[{"@type":"ReadAction","target":["https:\/\/shop.mydrap-professional.com\/fr\/produit\/servilletas-para-eventos-cream-20x20cm-100u\/"]}]},{"@type":"ImageObject","inLanguage":"fr-FR","@id":"https:\/\/shop.mydrap-professional.com\/fr\/produit\/servilletas-para-eventos-cream-20x20cm-100u\/#primaryimage","url":"https:\/\/shop.mydrap-professional.com\/wp-content\/uploads\/MYDRAP_25x25_cream-2.jpg","contentUrl":"https:\/\/shop.mydrap-professional.com\/wp-content\/uploads\/MYDRAP_25x25_cream-2.jpg","width":2000,"height":1816},{"@type":"BreadcrumbList","@id":"https:\/\/shop.mydrap-professional.com\/fr\/produit\/servilletas-para-eventos-cream-20x20cm-100u\/#breadcrumb","itemListElement":[{"@type":"ListItem","position":1,"name":"Home","item":"https:\/\/shop.mydrap-professional.com\/fr\/"},{"@type":"ListItem","position":2,"name":"Produits","item":"https:\/\/shop.mydrap-professional.com\/fr\/produits\/"},{"@type":"ListItem","position":3,"name":"Serviettes \u00e9v\u00e9nements Cream 20x20cm 100u."}]},{"@type":"WebSite","@id":"https:\/\/shop.mydrap-professional.com\/es\/#website","url":"https:\/\/shop.mydrap-professional.com\/es\/","name":"MY DRAP PROFESSIONAL","description":"Les uniques serviettes de table en rouleau","potentialAction":[{"@type":"SearchAction","target":{"@type":"EntryPoint","urlTemplate":"https:\/\/shop.mydrap-professional.com\/es\/?s={search_term_string}"},"query-input":{"@type":"PropertyValueSpecification","valueRequired":true,"valueName":"search_term_string"}}],"inLanguage":"fr-FR"}]}},"_links":{"self":[{"href":"https:\/\/shop.mydrap-professional.com\/fr\/wp-json\/wp\/v2\/product\/38957","targetHints":{"allow":["GET"]}}],"collection":[{"href":"https:\/\/shop.mydrap-professional.com\/fr\/wp-json\/wp\/v2\/product"}],"about":[{"href":"https:\/\/shop.mydrap-professional.com\/fr\/wp-json\/wp\/v2\/types\/product"}],"replies":[{"embeddable":true,"href":"https:\/\/shop.mydrap-professional.com\/fr\/wp-json\/wp\/v2\/comments?post=38957"}],"wp:featuredmedia":[{"embeddable":true,"href":"https:\/\/shop.mydrap-professional.com\/fr\/wp-json\/wp\/v2\/media\/37882"}],"wp:attachment":[{"href":"https:\/\/shop.mydrap-professional.com\/fr\/wp-json\/wp\/v2\/media?parent=38957"}],"wp:term":[{"taxonomy":"product_brand","embeddable":true,"href":"https:\/\/shop.mydrap-professional.com\/fr\/wp-json\/wp\/v2\/product_brand?post=38957"},{"taxonomy":"product_cat","embeddable":true,"href":"https:\/\/shop.mydrap-professional.com\/fr\/wp-json\/wp\/v2\/product_cat?post=38957"},{"taxonomy":"product_tag","embeddable":true,"href":"https:\/\/shop.mydrap-professional.com\/fr\/wp-json\/wp\/v2\/product_tag?post=38957"}],"curies":[{"name":"wp","href":"https:\/\/api.w.org\/{rel}","templated":true}]}}