{"id":39071,"date":"2025-07-24T10:19:48","date_gmt":"2025-07-24T08:19:49","guid":{"rendered":"https:\/\/shop.mydrap-professional.com\/?post_type=product&#038;p=39071"},"modified":"2025-07-24T13:37:19","modified_gmt":"2025-07-24T11:37:19","slug":"serviettes-pour-evenements-natural-coton-recycle-20x20cm-100u","status":"publish","type":"product","link":"https:\/\/shop.mydrap-professional.com\/fr\/produit\/serviettes-pour-evenements-natural-coton-recycle-20x20cm-100u\/","title":{"rendered":"Serviettes pour \u00e9v\u00e9nements Natural Coton Recycl\u00e9 20x20cm 100u"},"content":{"rendered":"<h2>Serviettes en coton recycl\u00e9 \u00e0 usage unique<\/h2>\n<p>Serviettes sans couture pour \u00e9v\u00e9nements, fabriqu\u00e9es en coton recycl\u00e9, avec un toucher textile agr\u00e9able et une grande capacit\u00e9 d\u2019absorption. Elles allient la qualit\u00e9 du coton aux avantages des serviettes \u00e0 usage unique : hygi\u00e9niques, peu encombrantes et \u00e9conomiques en termes de gestion de blanchisserie.<\/p>\n<p>Des serviettes en tissu parfaites pour servir des ap\u00e9ritifs ou comme dessous de verre lors d\u2019\u00e9v\u00e9nements plus formels.<\/p>\n<p>Elles peuvent \u00eatre associ\u00e9es \u00e0 des sets de table et \u00e0 d&rsquo;autres serviettes de diff\u00e9rentes tailles.<\/p>\n<p>My Drap est une marque avec une vaste exp\u00e9rience dans le secteur textile. Elle propose une large gamme de serviettes pour \u00e9v\u00e9nements, serviettes de table, sets de table et chemins de table. Il s\u2019agit du seul textile \u00e0 usage unique sur le march\u00e9, id\u00e9al pour une utilisation professionnelle dans l\u2019h\u00f4tellerie et la restauration.<\/p>\n","protected":false},"excerpt":{"rendered":"<p>Pr\u00e9d\u00e9coup\u00e9es en rouleau.<\/p>\n","protected":false},"featured_media":39077,"comment_status":"closed","ping_status":"closed","template":"","meta":{"_acf_changed":false},"product_brand":[],"product_cat":[2067],"product_tag":[],"class_list":{"0":"post-39071","1":"product","2":"type-product","3":"status-publish","4":"has-post-thumbnail","6":"product_cat-sin-categorizar-fr","7":"tipologia_producto-serviettes-evenements","9":"first","10":"instock","11":"taxable","12":"shipping-taxable","13":"purchasable","14":"product-type-simple"},"acf":[],"yoast_head":"<!-- This site is optimized with the Yoast SEO plugin v27.2 - https:\/\/yoast.com\/product\/yoast-seo-wordpress\/ -->\n<title>Serviettes en tissu pour cocktail. Couleur naturelle \u2013 Achat en ligne \u2013 MyDrap<\/title>\n<meta name=\"description\" content=\"Serviettes en tissu couleur naturelle pour cocktail. Rouleau de 100 unit\u00e9s, 20 x 20 cm. Coton recycl\u00e9 au toucher doux et agr\u00e9able. Id\u00e9al pour cocktails et ap\u00e9ritifs.\" \/>\n<meta name=\"robots\" content=\"index, follow, max-snippet:-1, max-image-preview:large, max-video-preview:-1\" \/>\n<link rel=\"canonical\" href=\"https:\/\/shop.mydrap-professional.com\/fr\/produit\/serviettes-pour-evenements-natural-coton-recycle-20x20cm-100u\/\" \/>\n<meta property=\"og:locale\" content=\"fr_FR\" \/>\n<meta property=\"og:type\" content=\"article\" \/>\n<meta property=\"og:title\" content=\"Serviettes en tissu pour cocktail. Couleur naturelle \u2013 Achat en ligne \u2013 MyDrap\" \/>\n<meta property=\"og:description\" content=\"Serviettes en tissu couleur naturelle pour cocktail. Rouleau de 100 unit\u00e9s, 20 x 20 cm. Coton recycl\u00e9 au toucher doux et agr\u00e9able. Id\u00e9al pour cocktails et ap\u00e9ritifs.\" \/>\n<meta property=\"og:url\" content=\"https:\/\/shop.mydrap-professional.com\/fr\/produit\/serviettes-pour-evenements-natural-coton-recycle-20x20cm-100u\/\" \/>\n<meta property=\"og:site_name\" content=\"MY DRAP PROFESSIONAL\" \/>\n<meta property=\"article:publisher\" content=\"https:\/\/www.facebook.com\/MYdrap\" \/>\n<meta property=\"article:modified_time\" content=\"2025-07-24T11:37:19+00:00\" \/>\n<meta property=\"og:image\" content=\"https:\/\/shop.mydrap-professional.com\/wp-content\/uploads\/Servilletas-para-eventos-Natural-Algodon-Reciclado-20x20cm.jpg\" \/>\n\t<meta property=\"og:image:width\" content=\"2000\" \/>\n\t<meta property=\"og:image:height\" content=\"1816\" \/>\n\t<meta property=\"og:image:type\" content=\"image\/jpeg\" \/>\n<meta name=\"twitter:card\" content=\"summary_large_image\" \/>\n<meta name=\"twitter:label1\" content=\"Dur\u00e9e de lecture estim\u00e9e\" \/>\n\t<meta name=\"twitter:data1\" content=\"1 minute\" \/>\n<script type=\"application\/ld+json\" class=\"yoast-schema-graph\">{\"@context\":\"https:\/\/schema.org\",\"@graph\":[{\"@type\":\"WebPage\",\"@id\":\"https:\/\/shop.mydrap-professional.com\/fr\/produit\/serviettes-pour-evenements-natural-coton-recycle-20x20cm-100u\/\",\"url\":\"https:\/\/shop.mydrap-professional.com\/fr\/produit\/serviettes-pour-evenements-natural-coton-recycle-20x20cm-100u\/\",\"name\":\"Serviettes en tissu pour cocktail. Couleur naturelle \u2013 Achat en ligne \u2013 MyDrap\",\"isPartOf\":{\"@id\":\"https:\/\/shop.mydrap-professional.com\/es\/#website\"},\"primaryImageOfPage\":{\"@id\":\"https:\/\/shop.mydrap-professional.com\/fr\/produit\/serviettes-pour-evenements-natural-coton-recycle-20x20cm-100u\/#primaryimage\"},\"image\":{\"@id\":\"https:\/\/shop.mydrap-professional.com\/fr\/produit\/serviettes-pour-evenements-natural-coton-recycle-20x20cm-100u\/#primaryimage\"},\"thumbnailUrl\":\"https:\/\/shop.mydrap-professional.com\/wp-content\/uploads\/Servilletas-para-eventos-Natural-Algodon-Reciclado-20x20cm.jpg\",\"datePublished\":\"2025-07-24T08:19:49+00:00\",\"dateModified\":\"2025-07-24T11:37:19+00:00\",\"description\":\"Serviettes en tissu couleur naturelle pour cocktail. Rouleau de 100 unit\u00e9s, 20 x 20 cm. Coton recycl\u00e9 au toucher doux et agr\u00e9able. Id\u00e9al pour cocktails et ap\u00e9ritifs.\",\"breadcrumb\":{\"@id\":\"https:\/\/shop.mydrap-professional.com\/fr\/produit\/serviettes-pour-evenements-natural-coton-recycle-20x20cm-100u\/#breadcrumb\"},\"inLanguage\":\"fr-FR\",\"potentialAction\":[{\"@type\":\"ReadAction\",\"target\":[\"https:\/\/shop.mydrap-professional.com\/fr\/produit\/serviettes-pour-evenements-natural-coton-recycle-20x20cm-100u\/\"]}]},{\"@type\":\"ImageObject\",\"inLanguage\":\"fr-FR\",\"@id\":\"https:\/\/shop.mydrap-professional.com\/fr\/produit\/serviettes-pour-evenements-natural-coton-recycle-20x20cm-100u\/#primaryimage\",\"url\":\"https:\/\/shop.mydrap-professional.com\/wp-content\/uploads\/Servilletas-para-eventos-Natural-Algodon-Reciclado-20x20cm.jpg\",\"contentUrl\":\"https:\/\/shop.mydrap-professional.com\/wp-content\/uploads\/Servilletas-para-eventos-Natural-Algodon-Reciclado-20x20cm.jpg\",\"width\":2000,\"height\":1816},{\"@type\":\"BreadcrumbList\",\"@id\":\"https:\/\/shop.mydrap-professional.com\/fr\/produit\/serviettes-pour-evenements-natural-coton-recycle-20x20cm-100u\/#breadcrumb\",\"itemListElement\":[{\"@type\":\"ListItem\",\"position\":1,\"name\":\"Home\",\"item\":\"https:\/\/shop.mydrap-professional.com\/fr\/\"},{\"@type\":\"ListItem\",\"position\":2,\"name\":\"Produits\",\"item\":\"https:\/\/shop.mydrap-professional.com\/fr\/produits\/\"},{\"@type\":\"ListItem\",\"position\":3,\"name\":\"Serviettes pour \u00e9v\u00e9nements Natural Coton Recycl\u00e9 20x20cm 100u\"}]},{\"@type\":\"WebSite\",\"@id\":\"https:\/\/shop.mydrap-professional.com\/es\/#website\",\"url\":\"https:\/\/shop.mydrap-professional.com\/es\/\",\"name\":\"MY DRAP PROFESSIONAL\",\"description\":\"Les uniques serviettes de table en rouleau\",\"potentialAction\":[{\"@type\":\"SearchAction\",\"target\":{\"@type\":\"EntryPoint\",\"urlTemplate\":\"https:\/\/shop.mydrap-professional.com\/es\/?s={search_term_string}\"},\"query-input\":{\"@type\":\"PropertyValueSpecification\",\"valueRequired\":true,\"valueName\":\"search_term_string\"}}],\"inLanguage\":\"fr-FR\"}]}<\/script>\n<!-- \/ Yoast SEO plugin. -->","yoast_head_json":{"title":"Serviettes en tissu pour cocktail. Couleur naturelle \u2013 Achat en ligne \u2013 MyDrap","description":"Serviettes en tissu couleur naturelle pour cocktail. Rouleau de 100 unit\u00e9s, 20 x 20 cm. Coton recycl\u00e9 au toucher doux et agr\u00e9able. Id\u00e9al pour cocktails et ap\u00e9ritifs.","robots":{"index":"index","follow":"follow","max-snippet":"max-snippet:-1","max-image-preview":"max-image-preview:large","max-video-preview":"max-video-preview:-1"},"canonical":"https:\/\/shop.mydrap-professional.com\/fr\/produit\/serviettes-pour-evenements-natural-coton-recycle-20x20cm-100u\/","og_locale":"fr_FR","og_type":"article","og_title":"Serviettes en tissu pour cocktail. Couleur naturelle \u2013 Achat en ligne \u2013 MyDrap","og_description":"Serviettes en tissu couleur naturelle pour cocktail. Rouleau de 100 unit\u00e9s, 20 x 20 cm. Coton recycl\u00e9 au toucher doux et agr\u00e9able. Id\u00e9al pour cocktails et ap\u00e9ritifs.","og_url":"https:\/\/shop.mydrap-professional.com\/fr\/produit\/serviettes-pour-evenements-natural-coton-recycle-20x20cm-100u\/","og_site_name":"MY DRAP PROFESSIONAL","article_publisher":"https:\/\/www.facebook.com\/MYdrap","article_modified_time":"2025-07-24T11:37:19+00:00","og_image":[{"width":2000,"height":1816,"url":"https:\/\/shop.mydrap-professional.com\/wp-content\/uploads\/Servilletas-para-eventos-Natural-Algodon-Reciclado-20x20cm.jpg","type":"image\/jpeg"}],"twitter_card":"summary_large_image","twitter_misc":{"Dur\u00e9e de lecture estim\u00e9e":"1 minute"},"schema":{"@context":"https:\/\/schema.org","@graph":[{"@type":"WebPage","@id":"https:\/\/shop.mydrap-professional.com\/fr\/produit\/serviettes-pour-evenements-natural-coton-recycle-20x20cm-100u\/","url":"https:\/\/shop.mydrap-professional.com\/fr\/produit\/serviettes-pour-evenements-natural-coton-recycle-20x20cm-100u\/","name":"Serviettes en tissu pour cocktail. Couleur naturelle \u2013 Achat en ligne \u2013 MyDrap","isPartOf":{"@id":"https:\/\/shop.mydrap-professional.com\/es\/#website"},"primaryImageOfPage":{"@id":"https:\/\/shop.mydrap-professional.com\/fr\/produit\/serviettes-pour-evenements-natural-coton-recycle-20x20cm-100u\/#primaryimage"},"image":{"@id":"https:\/\/shop.mydrap-professional.com\/fr\/produit\/serviettes-pour-evenements-natural-coton-recycle-20x20cm-100u\/#primaryimage"},"thumbnailUrl":"https:\/\/shop.mydrap-professional.com\/wp-content\/uploads\/Servilletas-para-eventos-Natural-Algodon-Reciclado-20x20cm.jpg","datePublished":"2025-07-24T08:19:49+00:00","dateModified":"2025-07-24T11:37:19+00:00","description":"Serviettes en tissu couleur naturelle pour cocktail. Rouleau de 100 unit\u00e9s, 20 x 20 cm. Coton recycl\u00e9 au toucher doux et agr\u00e9able. Id\u00e9al pour cocktails et ap\u00e9ritifs.","breadcrumb":{"@id":"https:\/\/shop.mydrap-professional.com\/fr\/produit\/serviettes-pour-evenements-natural-coton-recycle-20x20cm-100u\/#breadcrumb"},"inLanguage":"fr-FR","potentialAction":[{"@type":"ReadAction","target":["https:\/\/shop.mydrap-professional.com\/fr\/produit\/serviettes-pour-evenements-natural-coton-recycle-20x20cm-100u\/"]}]},{"@type":"ImageObject","inLanguage":"fr-FR","@id":"https:\/\/shop.mydrap-professional.com\/fr\/produit\/serviettes-pour-evenements-natural-coton-recycle-20x20cm-100u\/#primaryimage","url":"https:\/\/shop.mydrap-professional.com\/wp-content\/uploads\/Servilletas-para-eventos-Natural-Algodon-Reciclado-20x20cm.jpg","contentUrl":"https:\/\/shop.mydrap-professional.com\/wp-content\/uploads\/Servilletas-para-eventos-Natural-Algodon-Reciclado-20x20cm.jpg","width":2000,"height":1816},{"@type":"BreadcrumbList","@id":"https:\/\/shop.mydrap-professional.com\/fr\/produit\/serviettes-pour-evenements-natural-coton-recycle-20x20cm-100u\/#breadcrumb","itemListElement":[{"@type":"ListItem","position":1,"name":"Home","item":"https:\/\/shop.mydrap-professional.com\/fr\/"},{"@type":"ListItem","position":2,"name":"Produits","item":"https:\/\/shop.mydrap-professional.com\/fr\/produits\/"},{"@type":"ListItem","position":3,"name":"Serviettes pour \u00e9v\u00e9nements Natural Coton Recycl\u00e9 20x20cm 100u"}]},{"@type":"WebSite","@id":"https:\/\/shop.mydrap-professional.com\/es\/#website","url":"https:\/\/shop.mydrap-professional.com\/es\/","name":"MY DRAP PROFESSIONAL","description":"Les uniques serviettes de table en rouleau","potentialAction":[{"@type":"SearchAction","target":{"@type":"EntryPoint","urlTemplate":"https:\/\/shop.mydrap-professional.com\/es\/?s={search_term_string}"},"query-input":{"@type":"PropertyValueSpecification","valueRequired":true,"valueName":"search_term_string"}}],"inLanguage":"fr-FR"}]}},"_links":{"self":[{"href":"https:\/\/shop.mydrap-professional.com\/fr\/wp-json\/wp\/v2\/product\/39071","targetHints":{"allow":["GET"]}}],"collection":[{"href":"https:\/\/shop.mydrap-professional.com\/fr\/wp-json\/wp\/v2\/product"}],"about":[{"href":"https:\/\/shop.mydrap-professional.com\/fr\/wp-json\/wp\/v2\/types\/product"}],"replies":[{"embeddable":true,"href":"https:\/\/shop.mydrap-professional.com\/fr\/wp-json\/wp\/v2\/comments?post=39071"}],"wp:featuredmedia":[{"embeddable":true,"href":"https:\/\/shop.mydrap-professional.com\/fr\/wp-json\/wp\/v2\/media\/39077"}],"wp:attachment":[{"href":"https:\/\/shop.mydrap-professional.com\/fr\/wp-json\/wp\/v2\/media?parent=39071"}],"wp:term":[{"taxonomy":"product_brand","embeddable":true,"href":"https:\/\/shop.mydrap-professional.com\/fr\/wp-json\/wp\/v2\/product_brand?post=39071"},{"taxonomy":"product_cat","embeddable":true,"href":"https:\/\/shop.mydrap-professional.com\/fr\/wp-json\/wp\/v2\/product_cat?post=39071"},{"taxonomy":"product_tag","embeddable":true,"href":"https:\/\/shop.mydrap-professional.com\/fr\/wp-json\/wp\/v2\/product_tag?post=39071"}],"curies":[{"name":"wp","href":"https:\/\/api.w.org\/{rel}","templated":true}]}}